{"id":271,"date":"2023-02-22T12:14:23","date_gmt":"2023-02-22T11:14:23","guid":{"rendered":"https:\/\/portaleseducativos.educarex.es\/emtic\/?page_id=271"},"modified":"2023-03-28T20:49:04","modified_gmt":"2023-03-28T18:49:04","slug":"roboreto","status":"publish","type":"page","link":"https:\/\/portaleseducativos.educarex.es\/emtic\/proyectos\/roboreto\/","title":{"rendered":"RoboReto"},"content":{"rendered":"\n<p><strong><a href=\"https:\/\/roboreto.educarex.es\/\" target=\"_blank\" aria-label=\"Robo-reto (opens in a new tab)\" rel=\"noreferrer noopener\" class=\"ek-link\">Robo-reto<\/a><\/strong> es una iniciativa que tiene como objetivo fomentar la educaci\u00f3n en rob\u00f3tica y programaci\u00f3n. Adem\u00e1s, busca fomentar el emprendimiento y la innovaci\u00f3n tecnol\u00f3gica entre los estudiantes, para que puedan aplicar sus conocimientos y habilidades en el desarrollo de soluciones tecnol\u00f3gicas \u00fatiles para la sociedad.<br>Para ello, ofrece a los estudiantes de primaria y secundaria la oportunidad de participar en talleres, competiciones y eventos relacionados con la rob\u00f3tica y la programaci\u00f3n.<\/p>\n\n\n\n<h2 class=\"wp-block-heading\">Novedades<\/h2>\n\n\n\n\t\t\t<div class=\"wp-block-uagb-post-grid uagb-post-grid  uagb-post__image-position-top uagb-post__image-enabled uagb-block-cb5c82d4     uagb-post__items uagb-post__columns-2 is-grid uagb-post__columns-tablet-2 uagb-post__columns-mobile-1 uagb-post__equal-height\" data-total=\"0\" style=\"\">\n\n\t\t\t\t\t\t\t\t\t<p class=\"uagb-post__no-posts\">\n\t\t\t\t\t\tNo hay art\u00edculos sobre el programa Robo-Reto\t\t\t\t\t<\/p>\n\t\t\t\t\t\t\t\t<\/div>\n\t\t\t","protected":false},"excerpt":{"rendered":"<p>Robo-reto es una iniciativa que tiene como objetivo fomentar la educaci\u00f3n en rob\u00f3tica y programaci\u00f3n. Adem\u00e1s, busca fomentar el emprendimiento y la innovaci\u00f3n tecnol\u00f3gica entre los estudiantes, para que puedan [&hellip;]<\/p>\n","protected":false},"author":2,"featured_media":323,"parent":69,"menu_order":0,"comment_status":"closed","ping_status":"closed","template":"","meta":{"_uag_custom_page_level_css":"","_editorskit_title_hidden":true,"_editorskit_reading_time":1,"_editorskit_is_block_options_detached":false,"_editorskit_block_options_position":"{}","footnotes":""},"class_list":["post-271","page","type-page","status-publish","has-post-thumbnail","hentry"],"uagb_featured_image_src":{"full":["https:\/\/portaleseducativos.educarex.es\/emtic\/wp-content\/uploads\/sites\/268\/2023\/02\/banner_roboreto.png",1025,179,false],"thumbnail":["https:\/\/portaleseducativos.educarex.es\/emtic\/wp-content\/uploads\/sites\/268\/2023\/02\/banner_roboreto.png",300,52,false],"medium":["https:\/\/portaleseducativos.educarex.es\/emtic\/wp-content\/uploads\/sites\/268\/2023\/02\/banner_roboreto.png",600,105,false],"medium_large":["https:\/\/portaleseducativos.educarex.es\/emtic\/wp-content\/uploads\/sites\/268\/2023\/02\/banner_roboreto-768x134.png",768,134,true],"large":["https:\/\/portaleseducativos.educarex.es\/emtic\/wp-content\/uploads\/sites\/268\/2023\/02\/banner_roboreto.png",1025,179,false],"1536x1536":["https:\/\/portaleseducativos.educarex.es\/emtic\/wp-content\/uploads\/sites\/268\/2023\/02\/banner_roboreto.png",1025,179,false],"2048x2048":["https:\/\/portaleseducativos.educarex.es\/emtic\/wp-content\/uploads\/sites\/268\/2023\/02\/banner_roboreto.png",1025,179,false]},"uagb_author_info":{"display_name":"Manuel Narv\u00e1ez Mart\u00ednez","author_link":"https:\/\/portaleseducativos.educarex.es\/emtic\/author\/admin257\/"},"uagb_comment_info":0,"uagb_excerpt":"Robo-reto es una iniciativa que tiene como objetivo fomentar la educaci\u00f3n en rob\u00f3tica y programaci\u00f3n. Adem\u00e1s, busca fomentar el emprendimiento y la innovaci\u00f3n tecnol\u00f3gica entre los estudiantes, para que puedan [&hellip;]","_links":{"self":[{"href":"https:\/\/portaleseducativos.educarex.es\/emtic\/wp-json\/wp\/v2\/pages\/271","targetHints":{"allow":["GET"]}}],"collection":[{"href":"https:\/\/portaleseducativos.educarex.es\/emtic\/wp-json\/wp\/v2\/pages"}],"about":[{"href":"https:\/\/portaleseducativos.educarex.es\/emtic\/wp-json\/wp\/v2\/types\/page"}],"author":[{"embeddable":true,"href":"https:\/\/portaleseducativos.educarex.es\/emtic\/wp-json\/wp\/v2\/users\/2"}],"replies":[{"embeddable":true,"href":"https:\/\/portaleseducativos.educarex.es\/emtic\/wp-json\/wp\/v2\/comments?post=271"}],"version-history":[{"count":0,"href":"https:\/\/portaleseducativos.educarex.es\/emtic\/wp-json\/wp\/v2\/pages\/271\/revisions"}],"up":[{"embeddable":true,"href":"https:\/\/portaleseducativos.educarex.es\/emtic\/wp-json\/wp\/v2\/pages\/69"}],"wp:featuredmedia":[{"embeddable":true,"href":"https:\/\/portaleseducativos.educarex.es\/emtic\/wp-json\/wp\/v2\/media\/323"}],"wp:attachment":[{"href":"https:\/\/portaleseducativos.educarex.es\/emtic\/wp-json\/wp\/v2\/media?parent=271"}],"curies":[{"name":"wp","href":"https:\/\/api.w.org\/{rel}","templated":true}]}}