{"id":1338,"date":"2018-02-14T14:10:24","date_gmt":"2018-02-14T13:10:24","guid":{"rendered":"https:\/\/portaleseducativos.educarex.es\/formacion\/formaciongrupossite\/"},"modified":"2025-08-23T10:20:18","modified_gmt":"2025-08-23T08:20:18","slug":"formaciongrupossite","status":"publish","type":"page","link":"https:\/\/portaleseducativos.educarex.es\/formacion\/formaciongrupossite\/","title":{"rendered":"formaciongrupossite"},"content":{"rendered":"<ul>\n<li>\n        <a href=\"https:\/\/portaleseducativos.educarex.es\/formacion\/formaciondistanciasite\/\">FORMACI\u00d3N A DISTANCIA<\/a>\n    <\/li>\n<li>\n        <a href=\"https:\/\/portaleseducativos.educarex.es\/formacion\/formacionpformacionsite\/\">PFC<\/a>\n    <\/li>\n<li>\n        <a href=\"https:\/\/portaleseducativos.educarex.es\/formacion\/formacionfdirectivasite\/\">FUNCI\u00d3N DIRECTIVA<\/a>\n    <\/li>\n<li>\n        <a href=\"https:\/\/portaleseducativos.educarex.es\/formacion\/igualdad\/\">IGUALDAD<\/a>\n    <\/li>\n<li>\n        <a href=\"https:\/\/portaleseducativos.educarex.es\/formacion\/gradoymastersite\/\">GRADO Y M\u00c1STER<\/a>\n    <\/li>\n<li>\n        <a href=\"https:\/\/portaleseducativos.educarex.es\/formacion\/ayudasindividualizadassite\/\">AYUDAS<\/a>\n    <\/li>\n<li>\n        <a href=\"https:\/\/portaleseducativos.educarex.es\/formacion\/estanciasformativassite\/\">ESTANCIAS FORMATIVAS EN EMPRESAS<\/a>\n    <\/li>\n<li>\n        <a href=\"https:\/\/portaleseducativos.educarex.es\/formacion\/seleccion-materiales23\/\">MATERIALES DIGITALES<\/a>\n    <\/li>\n<li>\n        <a href=\"https:\/\/portaleseducativos.educarex.es\/formacion\/convenios\/\">CONVENIOS<\/a>\n    <\/li>\n<\/ul>\n<p><img decoding=\"async\" src=\"\/formacion\/wp-content\/uploads\/sites\/269\/2025\/07\/gruposdetrabajo.jpeg\" alt=\"\"><\/p>\n<div>\n<p>Un <strong>Grupo de Trabajo<\/strong> tiene necesidades, intereses y metas en com\u00fan que favorecen el crecimiento profesional del docente y consigue la mejora de la calidad educativa en el aula. Los grupos de trabajo est\u00e1n conformados habitualmente por docentes de una o varias \u00e1reas, constan de un m\u00ednimo de cuatro participantes y un m\u00e1ximo de doce, que act\u00faan sobre uno o varios grupos de un mismo centro, intentando solucionar problemas relacionados o derivados del an\u00e1lisis de las situaciones que se producen en el centro, a trav\u00e9s de la elaboraci\u00f3n de proyectos y\/o materiales educativos, la experimentaci\u00f3n de \u00e9stos y la innovaci\u00f3n e investigaci\u00f3n en el campo educativo.\u00a0<\/p>\n<p>Un <strong>Seminario<\/strong> es un grupo de docentes especializados, que tiene naturaleza t\u00e9cnica y acad\u00e9mica, cuyo objetivo es llevar a cabo un estudio profundo de determinados temas educativos, favoreciendo la interactividad y las aportaciones de los propios asistentes, suponiendo debate interno o intercambio de experiencias, pudiendo contar con la intervenci\u00f3n de especialistas externos al grupo.<\/p>\n<\/div>\n<ul>\n<li>\n<h3>Convocatoria<\/h3>\n<div>\n<p><a href=\"https:\/\/portaleseducativos.educarex.es\/formacion\/wp-content\/uploads\/sites\/269\/2025\/07\/INSTRUCCION_G.T._SEM_2024_25_F.pdf\"><span class=\"wf_file_text\">Instrucci\u00f3n 21\/2024<\/span><\/a><\/p>\n<p><a href=\"https:\/\/portaleseducativos.educarex.es\/formacion\/wp-content\/uploads\/sites\/269\/2025\/07\/CORRECCION_INSTRUCCION_G.T._SEM_2024_25F.pdf\"><span class=\"wf_file_text\">Correcci\u00f3n de errores<\/span><\/a><\/p>\n<p><a href=\"https:\/\/portaleseducativos.educarex.es\/formacion\/wp-content\/uploads\/sites\/269\/2025\/07\/anexos__grupos_de_trabajo24.odt\"><span class=\"wf_file_text\">Anexos<\/span><\/a><\/p>\n<\/div>\n<\/li>\n<li>\n<h3>Calendario<\/h3>\n<\/li>\n<li>\n<h3>Inscripci\u00f3n<\/h3>\n<div>\n<div>El plazo de presentaci\u00f3n de documentaci\u00f3n ser\u00e1 de 15 d\u00edas h\u00e1biles, a partir del d\u00eda siguiente de su publicaci\u00f3n.<\/div>\n<p>Para formalizar grupo de trabajos y seminarios enviar la documentaci\u00f3n a tu CPR de referencia<\/p>\n<\/div>\n<\/li>\n<li>\n<h3>Listados<\/h3>\n<\/li>\n<\/ul>\n<hr>\n<p><p>\n        <a href=\"https:\/\/rfp.educarex.es\/\">Consulta tu historial formativo<\/a>\n    <\/p>\n<\/p>\n<p><p>\n        <a href=\"https:\/\/rfp.educarex.es\/planformacion\">Buscar actividades<\/a>\n    <\/p>\n<\/p>\n<p><!--more--><br \/>\n<!-- {\"type\":\"layout\",\"children\":[{\"type\":\"section\",\"props\":{\"animation\":\"slide-left\",\"height\":\"pixels\",\"height_viewport\":350,\"image\":\"wp-content\\\/uploads\\\/sites\\\/269\\\/2025\\\/06\\\/1196x291_formacion_p_2-1.png\",\"image_position\":\"center-center\",\"padding\":\"large\",\"style\":\"default\",\"text_color\":\"light\",\"title_breakpoint\":\"xl\",\"title_position\":\"top-left\",\"title_rotation\":\"left\",\"vertical_align\":\"middle\",\"width\":\"large\"},\"children\":[{\"type\":\"row\",\"children\":[{\"type\":\"column\",\"props\":{\"image_position\":\"center-center\",\"position_sticky_breakpoint\":\"m\"}}]}]},{\"type\":\"section\",\"props\":{\"image_position\":\"center-center\",\"style\":\"default\",\"title_breakpoint\":\"xl\",\"title_position\":\"top-left\",\"title_rotation\":\"left\",\"vertical_align\":\"middle\",\"width\":\"default\"},\"children\":[{\"type\":\"row\",\"children\":[{\"type\":\"column\",\"props\":{\"image_position\":\"center-center\",\"position_sticky_breakpoint\":\"m\"},\"children\":[{\"type\":\"subnav\",\"props\":{\"subnav_style\":\"divider\",\"text_align\":\"center\"},\"children\":[{\"type\":\"subnav_item\",\"props\":{\"content\":\"FORMACI\\u00d3N A DISTANCIA\",\"link\":\"https:\\\/\\\/portaleseducativos.educarex.es\\\/formacion\\\/formaciondistanciasite\\\/\",\"link_target\":true}},{\"type\":\"subnav_item\",\"props\":{\"content\":\"PFC\",\"link\":\"https:\\\/\\\/portaleseducativos.educarex.es\\\/formacion\\\/formacionpformacionsite\\\/\",\"link_target\":true}},{\"type\":\"subnav_item\",\"props\":{\"content\":\"FUNCI\\u00d3N DIRECTIVA\",\"link\":\"https:\\\/\\\/portaleseducativos.educarex.es\\\/formacion\\\/formacionfdirectivasite\\\/\",\"link_target\":true}},{\"type\":\"subnav_item\",\"props\":{\"content\":\"IGUALDAD\",\"link\":\"https:\\\/\\\/portaleseducativos.educarex.es\\\/formacion\\\/igualdad\\\/\",\"link_target\":true}},{\"type\":\"subnav_item\",\"props\":{\"content\":\"GRADO Y M\\u00c1STER\",\"link\":\"https:\\\/\\\/portaleseducativos.educarex.es\\\/formacion\\\/gradoymastersite\\\/\",\"link_target\":true}},{\"type\":\"subnav_item\",\"props\":{\"content\":\"AYUDAS\",\"link\":\"https:\\\/\\\/portaleseducativos.educarex.es\\\/formacion\\\/ayudasindividualizadassite\\\/\",\"link_target\":true}},{\"type\":\"subnav_item\",\"props\":{\"content\":\"ESTANCIAS FORMATIVAS EN EMPRESAS\",\"link\":\"https:\\\/\\\/portaleseducativos.educarex.es\\\/formacion\\\/estanciasformativassite\\\/\",\"link_target\":true}},{\"type\":\"subnav_item\",\"props\":{\"content\":\"MATERIALES DIGITALES\",\"link\":\"https:\\\/\\\/portaleseducativos.educarex.es\\\/formacion\\\/seleccion-materiales23\\\/\",\"link_target\":true}},{\"type\":\"subnav_item\",\"props\":{\"content\":\"CONVENIOS\",\"link\":\"https:\\\/\\\/portaleseducativos.educarex.es\\\/formacion\\\/convenios\\\/\",\"link_target\":true}}]}]}]}]},{\"type\":\"section\",\"props\":{\"image_position\":\"center-center\",\"style\":\"default\",\"title_breakpoint\":\"xl\",\"title_position\":\"top-left\",\"title_rotation\":\"left\",\"vertical_align\":\"middle\",\"width\":\"default\"},\"children\":[{\"type\":\"row\",\"props\":{\"layout\":\"1-2,1-2\"},\"children\":[{\"type\":\"column\",\"props\":{\"image_position\":\"center-center\",\"position_sticky_breakpoint\":\"m\",\"width_medium\":\"1-2\"},\"children\":[{\"type\":\"image\",\"props\":{\"image\":\"wp-content\\\/uploads\\\/sites\\\/269\\\/2025\\\/07\\\/gruposdetrabajo.jpeg\",\"image_border\":\"rounded\",\"image_box_shadow\":\"large\",\"image_loading\":false,\"image_svg_color\":\"emphasis\",\"margin\":\"default\",\"text_align\":\"center\"}}]},{\"type\":\"column\",\"props\":{\"image_position\":\"center-center\",\"position_sticky_breakpoint\":\"m\",\"width_medium\":\"1-2\"},\"children\":[{\"type\":\"text\",\"props\":{\"column_breakpoint\":\"m\",\"content\":\"\n\n<p>Un <strong>Grupo de Trabajo<\\\/strong> tiene necesidades, intereses y metas en com\\u00fan que favorecen el crecimiento profesional del docente y consigue la mejora de la calidad educativa en el aula. Los grupos de trabajo est\\u00e1n conformados habitualmente por docentes de una o varias \\u00e1reas, constan de un m\\u00ednimo de cuatro participantes y un m\\u00e1ximo de doce, que act\\u00faan sobre uno o varios grupos de un mismo centro, intentando solucionar problemas relacionados o derivados del an\\u00e1lisis de las situaciones que se producen en el centro, a trav\\u00e9s de la elaboraci\\u00f3n de proyectos y\\\/o materiales educativos, la experimentaci\\u00f3n de \\u00e9stos y la innovaci\\u00f3n e investigaci\\u00f3n en el campo educativo.\\u00a0<\\\/p>\\n\n\n<p>Un <strong>Seminario<\\\/strong> es un grupo de docentes especializados, que tiene naturaleza t\\u00e9cnica y acad\\u00e9mica, cuyo objetivo es llevar a cabo un estudio profundo de determinados temas educativos, favoreciendo la interactividad y las aportaciones de los propios asistentes, suponiendo debate interno o intercambio de experiencias, pudiendo contar con la intervenci\\u00f3n de especialistas externos al grupo.<\\\/p>\",\"margin\":\"default\",\"text_align\":\"justify\"}}]}]}]},{\"type\":\"section\",\"props\":{\"image_position\":\"center-center\",\"style\":\"default\",\"title_breakpoint\":\"xl\",\"title_position\":\"top-left\",\"title_rotation\":\"left\",\"vertical_align\":\"middle\",\"width\":\"default\"},\"children\":[{\"type\":\"row\",\"children\":[{\"type\":\"column\",\"props\":{\"image_position\":\"center-center\",\"position_sticky_breakpoint\":\"m\"},\"children\":[{\"type\":\"grid\",\"props\":{\"content_column_breakpoint\":\"m\",\"filter_align\":\"left\",\"filter_all\":true,\"filter_grid_breakpoint\":\"m\",\"filter_grid_width\":\"auto\",\"filter_position\":\"top\",\"filter_style\":\"tab\",\"grid_column_align\":false,\"grid_default\":\"1\",\"grid_divider\":false,\"grid_large\":\"4\",\"grid_medium\":\"3\",\"grid_parallax_justify\":false,\"grid_row_align\":false,\"grid_small\":\"2\",\"grid_xlarge\":\"4\",\"icon_width\":80,\"image_align\":\"top\",\"image_grid_breakpoint\":\"m\",\"image_grid_width\":\"1-2\",\"image_svg_color\":\"emphasis\",\"item_animation\":true,\"lightbox\":false,\"lightbox_bg_close\":true,\"link_style\":\"default\",\"link_text\":\"Read more\",\"margin\":\"default\",\"meta_align\":\"below-title\",\"meta_element\":\"div\",\"meta_style\":\"text-meta\",\"panel_link\":true,\"panel_link_hover\":true,\"panel_padding\":\"default\",\"panel_style\":\"card-default\",\"show_content\":true,\"show_hover_image\":true,\"show_hover_video\":true,\"show_image\":true,\"show_link\":true,\"show_meta\":true,\"show_title\":true,\"show_video\":true,\"text_align\":\"center\",\"title_align\":\"top\",\"title_element\":\"h3\",\"title_grid_breakpoint\":\"m\",\"title_grid_width\":\"1-2\",\"title_hover_style\":\"reset\"},\"children\":[{\"type\":\"grid_item\",\"props\":{\"content\":\"\n\n<p><a href=\\\"https:\\\/\\\/portaleseducativos.educarex.es\\\/formacion\\\/wp-content\\\/uploads\\\/sites\\\/269\\\/2025\\\/07\\\/INSTRUCCION_G.T._SEM_2024_25_F.pdf\\\"><span class=\\\"wf_file_text\\\">Instrucci\\u00f3n 21\\\/2024<\\\/span><\\\/a><\\\/p>\\n\n\n<p><a href=\\\"https:\\\/\\\/portaleseducativos.educarex.es\\\/formacion\\\/wp-content\\\/uploads\\\/sites\\\/269\\\/2025\\\/07\\\/CORRECCION_INSTRUCCION_G.T._SEM_2024_25F.pdf\\\"><span class=\\\"wf_file_text\\\">Correcci\\u00f3n de errores<\\\/span><\\\/a><\\\/p>\\n\n\n<p><a href=\\\"https:\\\/\\\/portaleseducativos.educarex.es\\\/formacion\\\/wp-content\\\/uploads\\\/sites\\\/269\\\/2025\\\/07\\\/anexos__grupos_de_trabajo24.odt\\\"><span class=\\\"wf_file_text\\\">Anexos<\\\/span><\\\/a><\\\/p>\",\"panel_style\":\"card-default\",\"title\":\"Convocatoria\"}},{\"type\":\"grid_item\",\"props\":{\"title\":\"Calendario\"}},{\"type\":\"grid_item\",\"props\":{\"content\":\"\n\n<div>El plazo de presentaci\\u00f3n de documentaci\\u00f3n ser\\u00e1 de 15 d\\u00edas h\\u00e1biles, a partir del d\\u00eda siguiente de su publicaci\\u00f3n.<\\\/div>\\n\n\n<p>Para formalizar grupo de trabajos y seminarios enviar la documentaci\\u00f3n a tu CPR de referencia<\\\/p>\",\"title\":\"Inscripci\\u00f3n\"}},{\"type\":\"grid_item\",\"props\":{\"title\":\"Listados\"}}]}]}]}]},{\"type\":\"section\",\"props\":{\"image_position\":\"center-center\",\"style\":\"default\",\"title_breakpoint\":\"xl\",\"title_position\":\"top-left\",\"title_rotation\":\"left\",\"vertical_align\":\"middle\",\"width\":\"default\"},\"children\":[{\"type\":\"row\",\"children\":[{\"type\":\"column\",\"props\":{\"image_position\":\"center-center\",\"position_sticky_breakpoint\":\"m\"},\"children\":[{\"type\":\"divider\",\"props\":{\"divider_element\":\"hr\"}}]}]}]},{\"type\":\"section\",\"props\":{\"image_position\":\"center-center\",\"style\":\"default\",\"title_breakpoint\":\"xl\",\"title_position\":\"top-left\",\"title_rotation\":\"left\",\"vertical_align\":\"middle\",\"width\":\"default\"},\"children\":[{\"type\":\"row\",\"props\":{\"layout\":\"1-2,1-2\"},\"children\":[{\"type\":\"column\",\"props\":{\"image_position\":\"center-center\",\"position_sticky_breakpoint\":\"m\",\"width_medium\":\"1-2\"},\"children\":[{\"type\":\"button\",\"props\":{\"grid_column_gap\":\"small\",\"grid_row_gap\":\"small\",\"margin\":\"default\",\"text_align\":\"center\"},\"children\":[{\"type\":\"button_item\",\"props\":{\"button_style\":\"default\",\"content\":\"Consulta tu historial formativo\",\"dialog_layout\":\"modal\",\"dialog_offcanvas_flip\":true,\"icon_align\":\"left\",\"link\":\"https:\\\/\\\/rfp.educarex.es\\\/\"}}]}]},{\"type\":\"column\",\"props\":{\"image_position\":\"center-center\",\"position_sticky_breakpoint\":\"m\",\"width_medium\":\"1-2\"},\"children\":[{\"type\":\"button\",\"props\":{\"grid_column_gap\":\"small\",\"grid_row_gap\":\"small\",\"margin\":\"default\",\"text_align\":\"center\"},\"children\":[{\"type\":\"button_item\",\"props\":{\"button_style\":\"default\",\"content\":\"Buscar actividades\",\"dialog_layout\":\"modal\",\"dialog_offcanvas_flip\":true,\"icon_align\":\"left\",\"link\":\"https:\\\/\\\/rfp.educarex.es\\\/planformacion\"}}]}]}]}]}],\"version\":\"4.5.24\"} --><\/p>\n","protected":false},"excerpt":{"rendered":"<p>FORMACI\u00d3N A DISTANCIA PFC FUNCI\u00d3N DIRECTIVA IGUALDAD GRADO Y M\u00c1STER AYUDAS ESTANCIAS FORMATIVAS EN EMPRESAS MATERIALES DIGITALES CONVENIOS Un Grupo de Trabajo tiene necesidades, intereses y metas en com\u00fan que [&hellip;]<\/p>\n","protected":false},"author":10231,"featured_media":1333,"parent":0,"menu_order":70,"comment_status":"closed","ping_status":"closed","template":"","meta":{"_uag_custom_page_level_css":"","_editorskit_title_hidden":false,"_editorskit_reading_time":0,"_editorskit_is_block_options_detached":false,"_editorskit_block_options_position":"{}","footnotes":""},"class_list":["post-1338","page","type-page","status-publish","has-post-thumbnail","hentry"],"uagb_featured_image_src":{"full":["https:\/\/portaleseducativos.educarex.es\/formacion\/wp-content\/uploads\/sites\/269\/2018\/02\/banner-gtys.png",0,0,false],"thumbnail":["https:\/\/portaleseducativos.educarex.es\/formacion\/wp-content\/uploads\/sites\/269\/2018\/02\/banner-gtys.png",1,1,false],"medium":["https:\/\/portaleseducativos.educarex.es\/formacion\/wp-content\/uploads\/sites\/269\/2018\/02\/banner-gtys.png",1,1,false],"medium_large":["https:\/\/portaleseducativos.educarex.es\/formacion\/wp-content\/uploads\/sites\/269\/2018\/02\/banner-gtys.png",1,1,false],"large":["https:\/\/portaleseducativos.educarex.es\/formacion\/wp-content\/uploads\/sites\/269\/2018\/02\/banner-gtys.png",1,1,false],"1536x1536":["https:\/\/portaleseducativos.educarex.es\/formacion\/wp-content\/uploads\/sites\/269\/2018\/02\/banner-gtys.png",1,1,false],"2048x2048":["https:\/\/portaleseducativos.educarex.es\/formacion\/wp-content\/uploads\/sites\/269\/2018\/02\/banner-gtys.png",1,1,false]},"uagb_author_info":{"display_name":"Equipo emtic","author_link":"https:\/\/portaleseducativos.educarex.es\/formacion\/author\/admin1\/"},"uagb_comment_info":0,"uagb_excerpt":"FORMACI\u00d3N A DISTANCIA PFC FUNCI\u00d3N DIRECTIVA IGUALDAD GRADO Y M\u00c1STER AYUDAS ESTANCIAS FORMATIVAS EN EMPRESAS MATERIALES DIGITALES CONVENIOS Un Grupo de Trabajo tiene necesidades, intereses y metas en com\u00fan que [&hellip;]","_links":{"self":[{"href":"https:\/\/portaleseducativos.educarex.es\/formacion\/wp-json\/wp\/v2\/pages\/1338","targetHints":{"allow":["GET"]}}],"collection":[{"href":"https:\/\/portaleseducativos.educarex.es\/formacion\/wp-json\/wp\/v2\/pages"}],"about":[{"href":"https:\/\/portaleseducativos.educarex.es\/formacion\/wp-json\/wp\/v2\/types\/page"}],"author":[{"embeddable":true,"href":"https:\/\/portaleseducativos.educarex.es\/formacion\/wp-json\/wp\/v2\/users\/10231"}],"replies":[{"embeddable":true,"href":"https:\/\/portaleseducativos.educarex.es\/formacion\/wp-json\/wp\/v2\/comments?post=1338"}],"version-history":[{"count":3,"href":"https:\/\/portaleseducativos.educarex.es\/formacion\/wp-json\/wp\/v2\/pages\/1338\/revisions"}],"predecessor-version":[{"id":4014,"href":"https:\/\/portaleseducativos.educarex.es\/formacion\/wp-json\/wp\/v2\/pages\/1338\/revisions\/4014"}],"wp:featuredmedia":[{"embeddable":true,"href":"https:\/\/portaleseducativos.educarex.es\/formacion\/wp-json\/wp\/v2\/media\/1333"}],"wp:attachment":[{"href":"https:\/\/portaleseducativos.educarex.es\/formacion\/wp-json\/wp\/v2\/media?parent=1338"}],"curies":[{"name":"wp","href":"https:\/\/api.w.org\/{rel}","templated":true}]}}