{"id":2027,"date":"2021-05-13T11:40:45","date_gmt":"2021-05-13T09:40:45","guid":{"rendered":"https:\/\/portaleseducativos.educarex.es\/formacion\/formacion-profuturo\/"},"modified":"2025-06-19T10:33:15","modified_gmt":"2025-06-19T08:33:15","slug":"formacion-profuturo","status":"publish","type":"page","link":"https:\/\/portaleseducativos.educarex.es\/formacion\/formacion-profuturo\/","title":{"rendered":"Formaci\u00f3n PROFUTURO"},"content":{"rendered":"<h1>Docentes Digitales Extremadura<\/h1>\n<div>\n<p style=\"text-align: justify;\">Fundaci\u00f3n Telef\u00f3nica y Fundaci\u00f3n \u201cla Caixa\u201d, a trav\u00e9s de la Consejer\u00eda de Educaci\u00f3n y Empleo, ponen a disposici\u00f3n del profesorado de Extremadura el proyecto Docentes Digitales, un itinerario de formaci\u00f3n en competencias digitales. El objetivo es potenciar la apropiaci\u00f3n de la tecnolog\u00eda en los docentes para que la usen para mejorar su pr\u00e1ctica pedag\u00f3gica.<\/p>\n<p style=\"text-align: justify;\">La formaci\u00f3n est\u00e1 dirigida a todos los docentes de centros educativos sostenidos con fondos p\u00fablicos de Extremadura, desde Infantil a Bachillerato. Podr\u00e1n inscribirse entre el <strong>10 y 24 de junio<\/strong> a trav\u00e9s de <a href=\"https:\/\/inscripciones.educarex.es\/\" target=\"_blank\" rel=\"nofollow noopener\">www.inscripciones.educarex.es<\/a>. Los docentes que completen con \u00e9xito uno de los cursos obtendr\u00e1n una certificaci\u00f3n de dos cr\u00e9ditos de la Consejer\u00eda de Educaci\u00f3n y empleo.<\/p>\n<p style=\"text-align: justify;\">El itinerario formativo, que podr\u00e1 completarse entre el <strong>12 julio y el 20 de agosto<\/strong>, consiste en 3 cursos que profundizan en la elaboraci\u00f3n de recursos educativos digitales para el dise\u00f1o de secuencias did\u00e1cticas. Los docentes aprender\u00e1n a crear im\u00e1genes digitales interactivas y video-cuestionarios para mejorar la comprensi\u00f3n de un contenido curricular concreto, y a dise\u00f1ar una estrategia de evaluaci\u00f3n digital.<\/p>\n<p style=\"text-align: justify;\">Cada curso, de unas 20 horas de duraci\u00f3n, funciona de manera independiente para que cada docente curse aquel que se adec\u00fae m\u00e1s a sus necesidades. Los cursos plantean actividades pr\u00e1cticas y experienciales con el objetivo de proporcionar herramientas que los docentes puedan usar en su d\u00eda a d\u00eda en el aula. Los cursos se desarrollar\u00e1n en la modalidad de auto estudio, adem\u00e1s, contar\u00e1n con acompa\u00f1amiento y tutorizaci\u00f3n virtual. Entre la diversidad de actividades destacamos foros, sesiones sincronas (en horario de ma\u00f1ana) y materiales adicionales.<\/p>\n<\/div>\n<ul>\n<li><img decoding=\"async\" class=\" size-full wp-image-2020\" src=\"https:\/\/portaleseducativos.educarex.es\/formacion\/wp-content\/uploads\/sites\/269\/2021\/05\/Imgenes_Interactivas_Nivel_Medio.jpg\" alt=\"\" \/><br \/>\n<h2>Im\u00e1genes Interactivas<\/h2>\n<p>Curso<\/p>\n<div>\n<p>Construir una imagen digital interactiva con elementos multimedia para profundizar y afianzar diferentes conceptos educativos.<\/p>\n<p><strong><em>Indicadores de dominio: <\/em><\/strong><\/p>\n<ul>\n<li>Crear im\u00e1genes interactivas que incorporen elementos multimedia.<\/li>\n<li>Conocer la utilidad de las im\u00e1genes interactivas como recurso educativo.<\/li>\n<li>Saber incorporar las im\u00e1genes interactivas como herramienta de aprendizaje.<\/li>\n<\/ul>\n<p><strong><em>Niveles de competencia digital: <\/em><\/strong><\/p>\n<p>&nbsp;<img decoding=\"async\" class=\" size-full wp-image-2021\" src=\"https:\/\/portaleseducativos.educarex.es\/formacion\/wp-content\/uploads\/sites\/269\/2021\/05\/Imagenes_digitales.png\" alt=\"Im\u00e1genes digitales\" \/><\/p>\n<\/div>\n<p><a href=\"#1\"><\/a><\/p>\n<\/li>\n<li><img decoding=\"async\" class=\" size-full wp-image-2022\" src=\"https:\/\/portaleseducativos.educarex.es\/formacion\/wp-content\/uploads\/sites\/269\/2021\/05\/Videos_InteracPRO.jpg\" alt=\"\" \/><br \/>\n<h2>V\u00eddeos Interactivos<\/h2>\n<p>Curso<\/p>\n<div>\n<p>Crear secuencias did\u00e1cticas basadas en video-cuestionarios para mejorar la comprensi\u00f3n de un contenido curricular concreto.<\/p>\n<p><strong><em>Indicadores de dominio: <\/em><\/strong><\/p>\n<ol style=\"list-style-type: lower-alpha;\">\n<li>Seleccionar v\u00eddeos adecuados a la edad de los destinatarios.<\/li>\n<li>Crear video-cuestionarios con preguntas precisas.<\/li>\n<li>Utilizar los video-cuestionarios en el proceso evaluativo de tu alumnado.<\/li>\n<\/ol>\n<p><strong><em>Niveles de competencia digital:<\/em><\/strong><\/p>\n<p><strong><em><img loading=\"lazy\" decoding=\"async\" class=\" size-full wp-image-2023\" src=\"https:\/\/portaleseducativos.educarex.es\/formacion\/wp-content\/uploads\/sites\/269\/2021\/05\/Videos_Interactivos.png\" alt=\"V\u00eddeos Interactivos\" width=\"324\" height=\"239\" \/><\/em><\/strong><\/p>\n<\/div>\n<p><a href=\"#1\"><\/a><\/p>\n<\/li>\n<li><img decoding=\"async\" class=\" size-full wp-image-2024\" src=\"https:\/\/portaleseducativos.educarex.es\/formacion\/wp-content\/uploads\/sites\/269\/2021\/05\/Evaluar_con_Herramientas_Digitales_Nivel_Medio.jpg\" alt=\"\" \/><br \/>\n<h2>Evaluar con Herramientas Digitales<\/h2>\n<p>Curso<\/p>\n<div>\n<p>Crear&nbsp; una&nbsp; estrategia&nbsp; sencilla&nbsp; de&nbsp; evaluaci\u00f3n&nbsp; enfocada&nbsp; a&nbsp; generar&nbsp; una&nbsp; din\u00e1mica&nbsp; evaluativa&nbsp; l\u00fadica&nbsp; y&nbsp; significativa.<\/p>\n<p><strong><em>Indicadores de dominio: <\/em><\/strong><\/p>\n<ol style=\"list-style-type: lower-alpha;\">\n<li>Ser capaz de generar de forma aut\u00f3noma evaluaciones enfocadas y acordes a una tem\u00e1tica.<\/li>\n<li>Propiciar la motivaci\u00f3n y el inter\u00e9s por las evaluaciones entre los alumnos.<\/li>\n<li>Corregir y rehacer las propias din\u00e1micas.<\/li>\n<\/ol>\n<p><strong><em>Niveles de competencia digital: <\/em><\/strong><\/p>\n<p><img decoding=\"async\" class=\" size-full wp-image-2025\" src=\"https:\/\/portaleseducativos.educarex.es\/formacion\/wp-content\/uploads\/sites\/269\/2021\/05\/Evaluacion_Digital.png\" alt=\"Evaluaci\u00f3n Digital\" \/><\/p>\n<\/div>\n<p><a href=\"#2\"><\/a><\/p>\n<\/li>\n<\/ul>\n<p><a href=\"http:\/\/inscripciones.educarex.es\/index.php?id=74880\"><img decoding=\"async\" class=\" size-full wp-image-2026\" src=\"https:\/\/portaleseducativos.educarex.es\/formacion\/wp-content\/uploads\/sites\/269\/2021\/05\/Inscripcion_PROFUTURO.png\" alt=\"\" \/><\/a> <a href=\"http:\/\/inscripciones.educarex.es\/index.php?id=74879\"><img decoding=\"async\" class=\" size-full wp-image-2026\" src=\"https:\/\/portaleseducativos.educarex.es\/formacion\/wp-content\/uploads\/sites\/269\/2021\/05\/Inscripcion_PROFUTURO.png\" alt=\"\" \/><\/a> <a href=\"http:\/\/inscripciones.educarex.es\/index.php?id=74877\"><img decoding=\"async\" class=\" size-full wp-image-2026\" src=\"https:\/\/portaleseducativos.educarex.es\/formacion\/wp-content\/uploads\/sites\/269\/2021\/05\/Inscripcion_PROFUTURO.png\" alt=\"\" \/><\/a><\/p>\n<div>\n<p style=\"text-align: justify;\">Todos los cursos presentan la misma estructura:<\/p>\n<ul style=\"text-align: justify;\">\n<li><strong>Presentaci\u00f3n:<\/strong> se introducen los conceptos que se van a trabajar en el m\u00f3dulo, as\u00ed como los objetivos y habilidades a desarrollar.<\/li>\n<li><strong>Reflexiona:<\/strong> en este apartado, los docentes han de reflexionar sobre el potencial pedag\u00f3gico del elemento TIC objeto del curso. Es decir, podr\u00e1n reflexionar acerca de las posibilidades que dicho elemento les ofrece en su pr\u00e1ctica en el aula.<\/li>\n<li><strong>Contrasta:<\/strong> se presentan diferentes escenarios de clases en los que el elemento a trabajar puede suponer un valor diferencial frente a otras alternativas.<\/li>\n<li><strong>Crea:<\/strong> a trav\u00e9s de videotutoriales se presenta el elemento o herramienta para poder desarrollar recursos educativos.<\/li>\n<li><strong>Demuestra:<\/strong> los docentes deben aplicar lo aprendido a un concepto\/materia que impartan y compartirlo.<\/li>\n<\/ul>\n<\/div>\n<p><!--more--><br \/>\n<!-- {\"name\":\"Post Index\",\"type\":\"layout\",\"children\":[{\"type\":\"section\",\"props\":{\"style\":\"default\",\"width\":\"default\",\"vertical_align\":\"middle\",\"title_position\":\"top-left\",\"title_rotation\":\"left\",\"title_breakpoint\":\"xl\",\"image_position\":\"center-center\",\"padding_remove_top\":false,\"padding\":\"large\",\"animation\":\"fade\",\"text_color\":\"\",\"width_expand\":\"\",\"height\":\"\",\"header_transparent\":\"\"},\"children\":[{\"type\":\"row\",\"props\":{\"class\":\"\",\"margin\":\"remove-vertical\",\"layout\":\"1-1\",\"breakpoint\":\"m\",\"fixed_width\":\"large\"},\"children\":[{\"type\":\"column\",\"props\":{\"image_position\":\"center-center\",\"media_overlay_gradient\":\"\",\"widths\":[\"1-1\"]},\"children\":[{\"type\":\"headline\",\"props\":{\"title_element\":\"h1\",\"content\":\"Docentes Digitales Extremadura\",\"position\":\"relative\",\"position_z_index\":\"1\",\"animation\":\"none\",\"title_style\":\"\",\"title_decoration\":\"\",\"title_font_family\":\"\",\"title_color\":\"\",\"margin\":\"\",\"maxwidth\":\"\",\"maxwidth_breakpoint\":\"\",\"block_align\":\"\",\"block_align_breakpoint\":\"\",\"block_align_fallback\":\"\",\"text_align\":\"\",\"text_align_breakpoint\":\"\",\"text_align_fallback\":\"\",\"visibility\":\"\"}}]}]},{\"type\":\"row\",\"props\":{\"layout\":\"1-1\",\"breakpoint\":\"m\",\"fixed_width\":\"large\",\"gutter\":\"\",\"width\":\"\",\"width_expand\":\"\",\"height\":\"\",\"margin\":\"\"},\"children\":[{\"type\":\"column\",\"props\":{\"widths\":[\"1-1\"],\"image_position\":\"center-center\",\"media_overlay_gradient\":\"\",\"vertical_align\":\"\",\"style\":\"\",\"text_color\":\"\",\"padding\":\"\"},\"children\":[{\"type\":\"text\",\"props\":{\"margin\":\"default\",\"column_breakpoint\":\"m\",\"text_style\":\"\",\"text_color\":\"\",\"text_size\":\"\",\"column\":\"\",\"position\":\"\",\"position_z_index\":\"\",\"maxwidth\":\"\",\"maxwidth_breakpoint\":\"\",\"block_align\":\"\",\"block_align_breakpoint\":\"\",\"block_align_fallback\":\"\",\"text_align\":\"\",\"text_align_breakpoint\":\"\",\"text_align_fallback\":\"\",\"animation\":\"\",\"visibility\":\"\",\"content\":\"\n\n<p><img src=\\\"images\\\/Docentes_Digitales_v1_1920x1080.jpg\\\" alt=\\\"Docentes Digitales v1 1920x1080\\\" width=\\\"579\\\" height=\\\"326\\\" style=\\\"margin-right: 10px; margin-bottom: 10px; float: left;\\\" \\\/><\\\/p>\\n\n\n<p style=\\\"text-align: justify;\\\">Fundaci\\u00f3n Telef\\u00f3nica y Fundaci\\u00f3n \\u201cla Caixa\\u201d, a trav\\u00e9s de la Consejer\\u00eda de Educaci\\u00f3n y Empleo, ponen a disposici\\u00f3n del profesorado de Extremadura el proyecto Docentes Digitales, un itinerario de formaci\\u00f3n en competencias digitales. El objetivo es potenciar la apropiaci\\u00f3n de la tecnolog\\u00eda en los docentes para que la usen para mejorar su pr\\u00e1ctica pedag\\u00f3gica.<\\\/p>\\n\n\n<p style=\\\"text-align: justify;\\\">La formaci\\u00f3n est\\u00e1 dirigida a todos los docentes de centros educativos sostenidos con fondos p\\u00fablicos de Extremadura, desde Infantil a Bachillerato. Podr\\u00e1n inscribirse entre el <strong>10 y 24 de junio<\\\/strong> a trav\\u00e9s de <a href=\\\"https:\\\/\\\/inscripciones.educarex.es\\\/\\\" target=\\\"_blank\\\" rel=\\\"nofollow noopener\\\">www.inscripciones.educarex.es<\\\/a>. Los docentes que completen con \\u00e9xito uno de los cursos obtendr\\u00e1n una certificaci\\u00f3n de dos cr\\u00e9ditos de la Consejer\\u00eda de Educaci\\u00f3n y empleo.<\\\/p>\\n\n\n<p style=\\\"text-align: justify;\\\">El itinerario formativo, que podr\\u00e1 completarse entre el <strong>12 julio y el 20 de agosto<\\\/strong>, consiste en 3 cursos que profundizan en la elaboraci\\u00f3n de recursos educativos digitales para el dise\\u00f1o de secuencias did\\u00e1cticas. Los docentes aprender\\u00e1n a crear im\\u00e1genes digitales interactivas y video-cuestionarios para mejorar la comprensi\\u00f3n de un contenido curricular concreto, y a dise\\u00f1ar una estrategia de evaluaci\\u00f3n digital.<\\\/p>\\n\n\n<p style=\\\"text-align: justify;\\\">Cada curso, de unas 20 horas de duraci\\u00f3n, funciona de manera independiente para que cada docente curse aquel que se adec\\u00fae m\\u00e1s a sus necesidades. Los cursos plantean actividades pr\\u00e1cticas y experienciales con el objetivo de proporcionar herramientas que los docentes puedan usar en su d\\u00eda a d\\u00eda en el aula. Los cursos se desarrollar\\u00e1n en la modalidad de auto estudio, adem\\u00e1s, contar\\u00e1n con acompa\\u00f1amiento y tutorizaci\\u00f3n virtual. Entre la diversidad de actividades destacamos foros, sesiones sincronas (en horario de ma\\u00f1ana) y materiales adicionales.<\\\/p>\"}}]}]},{\"type\":\"row\",\"props\":{\"layout\":\"1-1\",\"breakpoint\":\"m\",\"fixed_width\":\"large\",\"gutter\":\"\",\"width\":\"\",\"width_expand\":\"\",\"height\":\"\",\"margin\":\"\"},\"children\":[{\"type\":\"column\",\"props\":{\"widths\":[\"1-1\"],\"image_position\":\"center-center\",\"media_overlay_gradient\":\"\",\"vertical_align\":\"\",\"style\":\"\",\"text_color\":\"\",\"padding\":\"\"},\"children\":[{\"type\":\"grid\",\"props\":{\"show_title\":true,\"show_meta\":true,\"show_content\":true,\"show_image\":true,\"show_link\":true,\"grid_default\":\"1\",\"grid_medium\":\"3\",\"filter_style\":\"tab\",\"filter_all\":true,\"filter_position\":\"top\",\"filter_align\":\"left\",\"filter_grid_width\":\"auto\",\"filter_grid_breakpoint\":\"m\",\"title_hover_style\":\"reset\",\"title_element\":\"h2\",\"title_align\":\"top\",\"title_grid_width\":\"1-2\",\"title_grid_breakpoint\":\"m\",\"meta_style\":\"h6\",\"meta_align\":\"above-title\",\"meta_element\":\"div\",\"content_column_breakpoint\":\"m\",\"icon_width\":80,\"image_align\":\"top\",\"image_grid_width\":\"1-2\",\"image_grid_breakpoint\":\"m\",\"image_svg_color\":\"emphasis\",\"link_text\":\"\",\"link_style\":\"text\",\"margin\":\"large\",\"item_animation\":\"scale-up\",\"title_style\":\"h4\",\"panel_link\":false,\"title_link\":true,\"image_link\":true,\"meta_color\":\"primary\",\"title_margin\":\"small\",\"grid_small\":\"2\",\"grid_column_gap\":\"medium\",\"content_margin\":\"small\",\"image_width\":\"610\",\"visibility\":\"s\",\"image_transition\":\"scale-down\",\"animation\":\"\",\"filter_breakpoint\":\"m\",\"title_breakpoint\":\"m\",\"icon_ratio\":4,\"image_breakpoint\":\"m\",\"gutter\":\"\",\"grid_large\":\"\",\"grid_xlarge\":\"\",\"filter_margin\":\"\",\"filter_gutter\":\"\",\"title_display\":\"\",\"content_display\":\"\",\"panel_style\":\"\",\"panel_content_padding\":\"\",\"panel_size\":\"\",\"item_maxwidth\":\"\",\"title_decoration\":\"\",\"title_font_family\":\"\",\"title_color\":\"\",\"title_gutter\":\"\",\"meta_margin\":\"\",\"content_style\":\"\",\"image_border\":\"\",\"image_box_shadow\":\"\",\"image_hover_box_shadow\":\"\",\"image_box_decoration\":\"\",\"icon_color\":\"\",\"image_gutter\":\"\",\"image_margin\":\"\",\"link_type\":\"\",\"link_size\":\"\",\"link_margin\":\"\",\"position\":\"\",\"position_z_index\":\"\",\"maxwidth\":\"\",\"maxwidth_breakpoint\":\"\",\"block_align\":\"\",\"block_align_breakpoint\":\"\",\"block_align_fallback\":\"\",\"text_align\":\"\",\"text_align_breakpoint\":\"\",\"text_align_fallback\":\"\"},\"children\":[{\"type\":\"grid_item\",\"props\":{\"title\":\"Im\\u00e1genes Interactivas\",\"image\":\"images\\\/Imgenes_Interactivas_Nivel_Medio.jpg\",\"link\":\"#1\",\"content\":\"\n\n<p>Construir una imagen digital interactiva con elementos multimedia para profundizar y afianzar diferentes conceptos educativos.<\\\/p>\\n\n\n<p><strong><em>Indicadores de dominio: <\\\/em><\\\/strong><\\\/p>\\n\n\n<ul>\\n\n\n<li>Crear im\\u00e1genes interactivas que incorporen elementos multimedia.<\\\/li>\\n\n\n<li>Conocer la utilidad de las im\\u00e1genes interactivas como recurso educativo.<\\\/li>\\n\n\n<li>Saber incorporar las im\\u00e1genes interactivas como herramienta de aprendizaje.<\\\/li>\\n<\\\/ul>\\n\n\n<p><strong><em>Niveles de competencia digital: <\\\/em><\\\/strong><\\\/p>\\n\n\n<p>&nbsp;<img src=\\\"images\\\/Im\\u00e1genes_digitales.png\\\" alt=\\\"Im\\u00e1genes digitales\\\" \\\/><\\\/p>\",\"meta\":\"Curso\",\"image_alt\":\"\"}},{\"type\":\"grid_item\",\"props\":{\"title\":\"V\\u00eddeos Interactivos\",\"image\":\"images\\\/Videos_InteracPRO.jpg\",\"link\":\"#1\",\"content\":\"\n\n<p>Crear secuencias did\\u00e1cticas basadas en video-cuestionarios para mejorar la comprensi\\u00f3n de un contenido curricular concreto.<\\\/p>\\n\n\n<p><strong><em>Indicadores de dominio: <\\\/em><\\\/strong><\\\/p>\\n\n\n<ol style=\\\"list-style-type: lower-alpha;\\\">\\n\n\n<li>Seleccionar v\\u00eddeos adecuados a la edad de los destinatarios.<\\\/li>\\n\n\n<li>Crear video-cuestionarios con preguntas precisas.<\\\/li>\\n\n\n<li>Utilizar los video-cuestionarios en el proceso evaluativo de tu alumnado.<\\\/li>\\n<\\\/ol>\\n\n\n<p><strong><em>Niveles de competencia digital:<\\\/em><\\\/strong><\\\/p>\\n\n\n<p><strong><em><img src=\\\"images\\\/V\\u00eddeos_Interactivos.png\\\" alt=\\\"V\\u00eddeos Interactivos\\\" width=\\\"324\\\" height=\\\"239\\\" \\\/><\\\/em><\\\/strong><\\\/p>\",\"meta\":\"Curso\",\"image_alt\":\"\"}},{\"type\":\"grid_item\",\"props\":{\"title\":\"Evaluar con Herramientas Digitales\",\"image\":\"images\\\/Evaluar_con_Herramientas_Digitales_Nivel_Medio.jpg\",\"link\":\"#2\",\"content\":\"\n\n<p>Crear&nbsp; una&nbsp; estrategia&nbsp; sencilla&nbsp; de&nbsp; evaluaci\\u00f3n&nbsp; enfocada&nbsp; a&nbsp; generar&nbsp; una&nbsp; din\\u00e1mica&nbsp; evaluativa&nbsp; l\\u00fadica&nbsp; y&nbsp; significativa.<\\\/p>\\n\n\n<p><strong><em>Indicadores de dominio: <\\\/em><\\\/strong><\\\/p>\\n\n\n<ol style=\\\"list-style-type: lower-alpha;\\\">\\n\n\n<li>Ser capaz de generar de forma aut\\u00f3noma evaluaciones enfocadas y acordes a una tem\\u00e1tica.<\\\/li>\\n\n\n<li>Propiciar la motivaci\\u00f3n y el inter\\u00e9s por las evaluaciones entre los alumnos.<\\\/li>\\n\n\n<li>Corregir y rehacer las propias din\\u00e1micas.<\\\/li>\\n<\\\/ol>\\n\n\n<p><strong><em>Niveles de competencia digital: <\\\/em><\\\/strong><\\\/p>\\n\n\n<p><img src=\\\"images\\\/Evaluaci\\u00f3n_Digital.png\\\" alt=\\\"Evaluaci\\u00f3n Digital\\\" \\\/><\\\/p>\",\"meta\":\"Curso\",\"image_alt\":\"\"}}],\"modified\":\"2020-12-08T13:01:52.051Z\",\"name\":\"\"}]}]},{\"type\":\"row\",\"props\":{\"layout\":\",,\",\"breakpoint\":\"m\",\"fixed_width\":\"large\",\"gutter\":\"\",\"width\":\"\",\"width_expand\":\"\",\"height\":\"\",\"margin\":\"\"},\"children\":[{\"type\":\"column\",\"props\":{\"widths\":[\"\"],\"image_position\":\"center-center\",\"media_overlay_gradient\":\"\",\"vertical_align\":\"\",\"style\":\"\",\"text_color\":\"\",\"padding\":\"\"},\"children\":[{\"type\":\"image\",\"props\":{\"margin\":\"default\",\"image_svg_color\":\"emphasis\",\"link_target\":\"\",\"image_border\":\"\",\"image_box_shadow\":\"\",\"image_hover_box_shadow\":\"\",\"image_box_decoration\":\"\",\"position\":\"\",\"position_z_index\":\"\",\"maxwidth\":\"\",\"maxwidth_breakpoint\":\"\",\"block_align\":\"\",\"block_align_breakpoint\":\"\",\"block_align_fallback\":\"\",\"text_align\":\"\",\"text_align_breakpoint\":\"\",\"text_align_fallback\":\"\",\"animation\":\"slide-right-medium\",\"visibility\":\"\",\"image\":\"images\\\/Inscripci\\u00f3n_PROFUTURO.png\",\"link\":\"http:\\\/\\\/inscripciones.educarex.es\\\/index.php?id=74880\"}}]},{\"type\":\"column\",\"props\":{\"widths\":[\"\"],\"image_position\":\"center-center\",\"media_overlay_gradient\":\"\",\"vertical_align\":\"\",\"style\":\"\",\"text_color\":\"\",\"padding\":\"\"},\"children\":[{\"type\":\"image\",\"props\":{\"margin\":\"default\",\"image_svg_color\":\"emphasis\",\"link_target\":\"\",\"image_border\":\"\",\"image_box_shadow\":\"\",\"image_hover_box_shadow\":\"\",\"image_box_decoration\":\"\",\"position\":\"\",\"position_z_index\":\"\",\"maxwidth\":\"\",\"maxwidth_breakpoint\":\"\",\"block_align\":\"\",\"block_align_breakpoint\":\"\",\"block_align_fallback\":\"\",\"text_align\":\"\",\"text_align_breakpoint\":\"\",\"text_align_fallback\":\"\",\"animation\":\"slide-right-medium\",\"visibility\":\"\",\"link\":\"http:\\\/\\\/inscripciones.educarex.es\\\/index.php?id=74879\",\"image\":\"images\\\/Inscripci\\u00f3n_PROFUTURO.png\"}}]},{\"type\":\"column\",\"props\":{\"widths\":[\"\"],\"image_position\":\"center-center\",\"media_overlay_gradient\":\"\",\"vertical_align\":\"\",\"style\":\"\",\"text_color\":\"\",\"padding\":\"\"},\"children\":[{\"type\":\"image\",\"props\":{\"margin\":\"default\",\"image_svg_color\":\"emphasis\",\"link_target\":\"\",\"image_border\":\"\",\"image_box_shadow\":\"\",\"image_hover_box_shadow\":\"\",\"image_box_decoration\":\"\",\"position\":\"\",\"position_z_index\":\"\",\"maxwidth\":\"\",\"maxwidth_breakpoint\":\"\",\"block_align\":\"\",\"block_align_breakpoint\":\"\",\"block_align_fallback\":\"\",\"text_align\":\"\",\"text_align_breakpoint\":\"\",\"text_align_fallback\":\"\",\"animation\":\"slide-right-medium\",\"visibility\":\"\",\"link\":\"http:\\\/\\\/inscripciones.educarex.es\\\/index.php?id=74877\",\"image\":\"images\\\/Inscripci\\u00f3n_PROFUTURO.png\"}}]}]},{\"type\":\"row\",\"props\":{\"layout\":\"1-1\",\"breakpoint\":\"m\",\"fixed_width\":\"large\",\"gutter\":\"\",\"width\":\"\",\"width_expand\":\"\",\"height\":\"\",\"margin\":\"\"},\"children\":[{\"type\":\"column\",\"props\":{\"widths\":[\"1-1\"],\"image_position\":\"center-center\",\"media_overlay_gradient\":\"\",\"vertical_align\":\"\",\"style\":\"\",\"text_color\":\"\",\"padding\":\"\"},\"children\":[{\"type\":\"text\",\"props\":{\"margin\":\"default\",\"column_breakpoint\":\"m\",\"text_style\":\"\",\"text_color\":\"\",\"text_size\":\"\",\"column\":\"\",\"position\":\"\",\"position_z_index\":\"\",\"maxwidth\":\"\",\"maxwidth_breakpoint\":\"\",\"block_align\":\"\",\"block_align_breakpoint\":\"\",\"block_align_fallback\":\"\",\"text_align\":\"\",\"text_align_breakpoint\":\"\",\"text_align_fallback\":\"\",\"animation\":\"\",\"visibility\":\"\",\"content\":\"\n\n<p style=\\\"text-align: justify;\\\">Todos los cursos presentan la misma estructura:<\\\/p>\\n\n\n<ul style=\\\"text-align: justify;\\\">\\n\n\n<li><strong>Presentaci\\u00f3n:<\\\/strong> se introducen los conceptos que se van a trabajar en el m\\u00f3dulo, as\\u00ed como los objetivos y habilidades a desarrollar.<\\\/li>\\n\n\n<li><strong>Reflexiona:<\\\/strong> en este apartado, los docentes han de reflexionar sobre el potencial pedag\\u00f3gico del elemento TIC objeto del curso. Es decir, podr\\u00e1n reflexionar acerca de las posibilidades que dicho elemento les ofrece en su pr\\u00e1ctica en el aula.<\\\/li>\\n\n\n<li><strong>Contrasta:<\\\/strong> se presentan diferentes escenarios de clases en los que el elemento a trabajar puede suponer un valor diferencial frente a otras alternativas.<\\\/li>\\n\n\n<li><strong>Crea:<\\\/strong> a trav\\u00e9s de videotutoriales se presenta el elemento o herramienta para poder desarrollar recursos educativos.<\\\/li>\\n\n\n<li><strong>Demuestra:<\\\/strong> los docentes deben aplicar lo aprendido a un concepto\\\/materia que impartan y compartirlo.<\\\/li>\\n<\\\/ul>\"}}]}]}],\"name\":\"Posts\"}],\"version\":\"1.21.10\",\"props\":[]} --><\/p>\n","protected":false},"excerpt":{"rendered":"<p>Docentes Digitales Extremadura Fundaci\u00f3n Telef\u00f3nica y Fundaci\u00f3n \u201cla Caixa\u201d, a trav\u00e9s de la Consejer\u00eda de Educaci\u00f3n y Empleo, ponen a disposici\u00f3n del profesorado de Extremadura el proyecto Docentes Digitales, un [&hellip;]<\/p>\n","protected":false},"author":10310,"featured_media":2019,"parent":0,"menu_order":30,"comment_status":"closed","ping_status":"closed","template":"","meta":{"_uag_custom_page_level_css":"","_editorskit_title_hidden":false,"_editorskit_reading_time":0,"_editorskit_is_block_options_detached":false,"_editorskit_block_options_position":"{}","footnotes":""},"class_list":["post-2027","page","type-page","status-publish","has-post-thumbnail","hentry"],"uagb_featured_image_src":{"full":["https:\/\/portaleseducativos.educarex.es\/formacion\/wp-content\/uploads\/sites\/269\/2021\/05\/Docentes_Digitales_v1_1920x1080.jpg",0,0,false],"thumbnail":["https:\/\/portaleseducativos.educarex.es\/formacion\/wp-content\/uploads\/sites\/269\/2021\/05\/Docentes_Digitales_v1_1920x1080.jpg",1,1,false],"medium":["https:\/\/portaleseducativos.educarex.es\/formacion\/wp-content\/uploads\/sites\/269\/2021\/05\/Docentes_Digitales_v1_1920x1080.jpg",1,1,false],"medium_large":["https:\/\/portaleseducativos.educarex.es\/formacion\/wp-content\/uploads\/sites\/269\/2021\/05\/Docentes_Digitales_v1_1920x1080.jpg",1,1,false],"large":["https:\/\/portaleseducativos.educarex.es\/formacion\/wp-content\/uploads\/sites\/269\/2021\/05\/Docentes_Digitales_v1_1920x1080.jpg",1,1,false],"1536x1536":["https:\/\/portaleseducativos.educarex.es\/formacion\/wp-content\/uploads\/sites\/269\/2021\/05\/Docentes_Digitales_v1_1920x1080.jpg",1,1,false],"2048x2048":["https:\/\/portaleseducativos.educarex.es\/formacion\/wp-content\/uploads\/sites\/269\/2021\/05\/Docentes_Digitales_v1_1920x1080.jpg",1,1,false]},"uagb_author_info":{"display_name":"Servicio de Formaci\u00f3n e Innovaci\u00f3n Educativa","author_link":"https:\/\/portaleseducativos.educarex.es\/formacion\/author\/sifp\/"},"uagb_comment_info":0,"uagb_excerpt":"Docentes Digitales Extremadura Fundaci\u00f3n Telef\u00f3nica y Fundaci\u00f3n \u201cla Caixa\u201d, a trav\u00e9s de la Consejer\u00eda de Educaci\u00f3n y Empleo, ponen a disposici\u00f3n del profesorado de Extremadura el proyecto Docentes Digitales, un [&hellip;]","_links":{"self":[{"href":"https:\/\/portaleseducativos.educarex.es\/formacion\/wp-json\/wp\/v2\/pages\/2027","targetHints":{"allow":["GET"]}}],"collection":[{"href":"https:\/\/portaleseducativos.educarex.es\/formacion\/wp-json\/wp\/v2\/pages"}],"about":[{"href":"https:\/\/portaleseducativos.educarex.es\/formacion\/wp-json\/wp\/v2\/types\/page"}],"author":[{"embeddable":true,"href":"https:\/\/portaleseducativos.educarex.es\/formacion\/wp-json\/wp\/v2\/users\/10310"}],"replies":[{"embeddable":true,"href":"https:\/\/portaleseducativos.educarex.es\/formacion\/wp-json\/wp\/v2\/comments?post=2027"}],"version-history":[{"count":1,"href":"https:\/\/portaleseducativos.educarex.es\/formacion\/wp-json\/wp\/v2\/pages\/2027\/revisions"}],"predecessor-version":[{"id":2944,"href":"https:\/\/portaleseducativos.educarex.es\/formacion\/wp-json\/wp\/v2\/pages\/2027\/revisions\/2944"}],"wp:featuredmedia":[{"embeddable":true,"href":"https:\/\/portaleseducativos.educarex.es\/formacion\/wp-json\/wp\/v2\/media\/2019"}],"wp:attachment":[{"href":"https:\/\/portaleseducativos.educarex.es\/formacion\/wp-json\/wp\/v2\/media?parent=2027"}],"curies":[{"name":"wp","href":"https:\/\/api.w.org\/{rel}","templated":true}]}}