{"id":2497,"date":"2025-08-10T09:02:27","date_gmt":"2025-08-10T07:02:27","guid":{"rendered":"https:\/\/portaleseducativos.educarex.es\/formacion\/?p=2497"},"modified":"2025-08-14T19:12:19","modified_gmt":"2025-08-14T17:12:19","slug":"digitalizacionsite","status":"publish","type":"page","link":"https:\/\/portaleseducativos.educarex.es\/formacion\/digitalizacionsite\/","title":{"rendered":"Digitalizacionsite"},"content":{"rendered":"<ul>\n<li>\n        <a href=\"https:\/\/portaleseducativos.educarex.es\/formacion\/?page_id=2499&#038;preview=true\">FORMACI\u00d3N PARA FAMILIAS PROFESIONALES:<\/a>\n    <\/li>\n<li>\n        <a href=\"https:\/\/portaleseducativos.educarex.es\/formacion\/aulas-ateca-site\/\">AULAS ATECA <\/a>\n    <\/li>\n<li>\n        <a href=\"https:\/\/portaleseducativos.educarex.es\/formacion\/digitalizacionsite\/\">PLAN DE DIGITALIZACI\u00d3N<\/a>\n    <\/li>\n<li>\n        <a href=\"https:\/\/portaleseducativos.educarex.es\/formacion\/aulas-emprendimiento\/\">AULAS DE EMPRENDIMIENTO<\/a>\n    <\/li>\n<li>\n        <a href=\"https:\/\/portaleseducativos.educarex.es\/formacion\/ieca\/\">IECA <\/a>\n    <\/li>\n<li>\n        <a href=\"https:\/\/portaleseducativos.educarex.es\/formacion\/inmersiones-fp\/\">INMERSIONES LING\u00dc\u00cdSTICAS PARA FP<\/a>\n    <\/li>\n<li>\n        <a href=\"https:\/\/portaleseducativos.educarex.es\/formacion\/jornadas-fp\/\">JORNADAS DE FP<\/a>\n    <\/li>\n<\/ul>\n<p><img decoding=\"async\" src=\"\/formacion\/wp-content\/uploads\/sites\/269\/2025\/08\/digitalizacion.png\" alt=\"\"><\/p>\n<div>\n<p>Todos los sectores productivos, tanto los relacionados con la industria como con los servicios o el sector primario, est\u00e1n sometidos a una enorme transformaci\u00f3n digital que les lleva a modernizar, automatizar y monitorizar sus procesos, haciendo uso de todo tipo de tecnolog\u00edas digitales, telecomunicaciones e internet; aplicando, adem\u00e1s, criterios de sostenibilidad y responsabilidad medioambiental. Se hace necesario, por tanto, que el profesorado de FP, en sus distintas familias profesionales, sea conocedor de las soluciones y herramientas que, en materia de digitalizaci\u00f3n, se utilizan en los distintos sectores productivos.<br \/>Desde el Servicio de Innovaci\u00f3n, Formaci\u00f3n del Profesorado y Emprendimiento en colaboraci\u00f3n con los CPR de la regi\u00f3n se organizan campa\u00f1as de formaci\u00f3n para el profesorado de FP en Digitalizaci\u00f3n y Sostenibilidad de los sectores productivos.<\/p>\n<\/div>\n<ul>\n<li>\n        <a href=\"\">3\u00ba CAMPA\u00d1A DE DIGITALIZACI\u00d3N<\/a>\n    <\/li>\n<li>\n        <a href=\"\">4\u00aa CAMPA\u00d1A DE DIGITALIZACI\u00d3N<\/a>\n    <\/li>\n<li>\n        <a href=\"\">5\u00aa CAMPA\u00d1A DE DIGITALIZACI\u00d3N <\/a>\n    <\/li>\n<\/ul>\n<hr>\n<p><p>\n        <a href=\"https:\/\/rfp.educarex.es\/\">Consulta tu historial formativo<\/a>\n    <\/p>\n<\/p>\n<p><p>\n        <a href=\"https:\/\/rfp.educarex.es\/planformacion\">Buscar actividades<\/a>\n    <\/p>\n<\/p>\n<p><!--more--><br \/>\n<!-- {\"type\":\"layout\",\"children\":[{\"type\":\"section\",\"props\":{\"height\":\"pixels\",\"height_viewport\":350,\"image\":\"wp-content\\\/uploads\\\/sites\\\/269\\\/2025\\\/08\\\/plan-de-digitalizacion-banner.png\",\"image_position\":\"center-center\",\"style\":\"default\",\"text_color\":\"light\",\"title_breakpoint\":\"xl\",\"title_position\":\"top-left\",\"title_rotation\":\"left\",\"vertical_align\":\"middle\",\"width\":\"large\"},\"children\":[{\"type\":\"row\",\"children\":[{\"type\":\"column\",\"props\":{\"image_position\":\"center-center\",\"position_sticky_breakpoint\":\"m\"}}]}]},{\"type\":\"section\",\"props\":{\"image_position\":\"center-center\",\"style\":\"default\",\"title_breakpoint\":\"xl\",\"title_position\":\"top-left\",\"title_rotation\":\"left\",\"vertical_align\":\"middle\",\"width\":\"default\"},\"children\":[{\"type\":\"row\",\"children\":[{\"type\":\"column\",\"props\":{\"image_position\":\"center-center\",\"position_sticky_breakpoint\":\"m\"},\"children\":[{\"type\":\"subnav\",\"props\":{\"subnav_style\":\"divider\",\"text_align\":\"center\"},\"children\":[{\"type\":\"subnav_item\",\"props\":{\"content\":\"FORMACI\\u00d3N PARA FAMILIAS PROFESIONALES:\",\"link\":\"https:\\\/\\\/portaleseducativos.educarex.es\\\/formacion\\\/?page_id=2499&preview=true\"}},{\"type\":\"subnav_item\",\"props\":{\"content\":\"AULAS ATECA \",\"link\":\"https:\\\/\\\/portaleseducativos.educarex.es\\\/formacion\\\/aulas-ateca-site\\\/\"}},{\"type\":\"subnav_item\",\"props\":{\"content\":\"PLAN DE DIGITALIZACI\\u00d3N\",\"link\":\"https:\\\/\\\/portaleseducativos.educarex.es\\\/formacion\\\/digitalizacionsite\\\/\"}},{\"type\":\"subnav_item\",\"props\":{\"content\":\"AULAS DE EMPRENDIMIENTO\",\"link\":\"https:\\\/\\\/portaleseducativos.educarex.es\\\/formacion\\\/aulas-emprendimiento\\\/\"}},{\"type\":\"subnav_item\",\"props\":{\"content\":\"IECA \",\"link\":\"https:\\\/\\\/portaleseducativos.educarex.es\\\/formacion\\\/ieca\\\/\"}},{\"type\":\"subnav_item\",\"props\":{\"content\":\"INMERSIONES LING\\u00dc\\u00cdSTICAS PARA FP\",\"link\":\"https:\\\/\\\/portaleseducativos.educarex.es\\\/formacion\\\/inmersiones-fp\\\/\"}},{\"type\":\"subnav_item\",\"props\":{\"content\":\"JORNADAS DE FP\",\"link\":\"https:\\\/\\\/portaleseducativos.educarex.es\\\/formacion\\\/jornadas-fp\\\/\"}}]}]}]}]},{\"type\":\"section\",\"props\":{\"image_position\":\"center-center\",\"style\":\"default\",\"title_breakpoint\":\"xl\",\"title_position\":\"top-left\",\"title_rotation\":\"left\",\"vertical_align\":\"middle\",\"width\":\"default\"},\"children\":[{\"type\":\"row\",\"props\":{\"layout\":\"1-2,1-2\"},\"children\":[{\"type\":\"column\",\"props\":{\"image_position\":\"center-center\",\"position_sticky_breakpoint\":\"m\",\"width_medium\":\"1-2\"},\"children\":[{\"type\":\"image\",\"props\":{\"image\":\"wp-content\\\/uploads\\\/sites\\\/269\\\/2025\\\/08\\\/digitalizacion.png\",\"image_svg_color\":\"emphasis\",\"margin\":\"default\"}}]},{\"type\":\"column\",\"props\":{\"image_position\":\"center-center\",\"position_sticky_breakpoint\":\"m\",\"width_medium\":\"1-2\"},\"children\":[{\"type\":\"text\",\"props\":{\"column_breakpoint\":\"m\",\"content\":\"\n\n<p>Todos los sectores productivos, tanto los relacionados con la industria como con los servicios o el sector primario, est\\u00e1n sometidos a una enorme transformaci\\u00f3n digital que les lleva a modernizar, automatizar y monitorizar sus procesos, haciendo uso de todo tipo de tecnolog\\u00edas digitales, telecomunicaciones e internet; aplicando, adem\\u00e1s, criterios de sostenibilidad y responsabilidad medioambiental. Se hace necesario, por tanto, que el profesorado de FP, en sus distintas familias profesionales, sea conocedor de las soluciones y herramientas que, en materia de digitalizaci\\u00f3n, se utilizan en los distintos sectores productivos.<br \\\/>Desde el Servicio de Innovaci\\u00f3n, Formaci\\u00f3n del Profesorado y Emprendimiento en colaboraci\\u00f3n con los CPR de la regi\\u00f3n se organizan campa\\u00f1as de formaci\\u00f3n para el profesorado de FP en Digitalizaci\\u00f3n y Sostenibilidad de los sectores productivos.<\\\/p>\",\"margin\":\"default\",\"text_align\":\"justify\"}},{\"type\":\"subnav\",\"props\":{\"text_align\":\"center\"},\"children\":[{\"type\":\"subnav_item\",\"props\":{\"content\":\"3\\u00ba CAMPA\\u00d1A DE DIGITALIZACI\\u00d3N\"}},{\"type\":\"subnav_item\",\"props\":{\"content\":\"4\\u00aa CAMPA\\u00d1A DE DIGITALIZACI\\u00d3N\"}},{\"type\":\"subnav_item\",\"props\":{\"content\":\"5\\u00aa CAMPA\\u00d1A DE DIGITALIZACI\\u00d3N \"}}]}]}]}]},{\"type\":\"section\",\"props\":{\"image_position\":\"center-center\",\"style\":\"default\",\"title_breakpoint\":\"xl\",\"title_position\":\"top-left\",\"title_rotation\":\"left\",\"vertical_align\":\"middle\",\"width\":\"default\"},\"children\":[{\"type\":\"row\",\"children\":[{\"type\":\"column\",\"props\":{\"image_position\":\"center-center\",\"position_sticky_breakpoint\":\"m\"},\"children\":[{\"type\":\"divider\",\"props\":{\"divider_element\":\"hr\"}}]}]}]},{\"type\":\"section\",\"props\":{\"image_position\":\"center-center\",\"style\":\"default\",\"title_breakpoint\":\"xl\",\"title_position\":\"top-left\",\"title_rotation\":\"left\",\"vertical_align\":\"middle\",\"width\":\"default\"},\"children\":[{\"type\":\"row\",\"children\":[{\"type\":\"column\",\"props\":{\"image_position\":\"center-center\",\"position_sticky_breakpoint\":\"m\",\"width_medium\":\"1-2\"},\"children\":[{\"type\":\"button\",\"props\":{\"grid_column_gap\":\"small\",\"grid_row_gap\":\"small\",\"margin\":\"default\",\"text_align\":\"center\"},\"children\":[{\"type\":\"button_item\",\"props\":{\"button_style\":\"default\",\"content\":\"Consulta tu historial formativo\",\"dialog_layout\":\"modal\",\"dialog_offcanvas_flip\":true,\"icon_align\":\"left\",\"link\":\"https:\\\/\\\/rfp.educarex.es\\\/\"}}]}]},{\"type\":\"column\",\"props\":{\"image_position\":\"center-center\",\"position_sticky_breakpoint\":\"m\",\"width_medium\":\"1-2\"},\"children\":[{\"type\":\"button\",\"props\":{\"grid_column_gap\":\"small\",\"grid_row_gap\":\"small\",\"margin\":\"default\",\"text_align\":\"center\"},\"children\":[{\"type\":\"button_item\",\"props\":{\"button_style\":\"default\",\"content\":\"Buscar actividades\",\"dialog_layout\":\"modal\",\"dialog_offcanvas_flip\":true,\"icon_align\":\"left\",\"link\":\"https:\\\/\\\/rfp.educarex.es\\\/planformacion\"}}]}]}],\"props\":{\"layout\":\"1-2,1-2\"}}]}],\"version\":\"4.5.24\"} --><\/p>\n","protected":false},"excerpt":{"rendered":"<p>FORMACI\u00d3N PARA FAMILIAS PROFESIONALES: AULAS ATECA PLAN DE DIGITALIZACI\u00d3N AULAS DE EMPRENDIMIENTO IECA INMERSIONES LING\u00dc\u00cdSTICAS PARA FP JORNADAS DE FP Todos los sectores productivos, tanto los relacionados con la industria [&hellip;]<\/p>\n","protected":false},"author":10231,"featured_media":2496,"parent":0,"menu_order":17,"comment_status":"closed","ping_status":"closed","template":"","meta":{"_uag_custom_page_level_css":"","_editorskit_title_hidden":false,"_editorskit_reading_time":0,"_editorskit_is_block_options_detached":false,"_editorskit_block_options_position":"{}","footnotes":""},"class_list":["post-2497","page","type-page","status-publish","has-post-thumbnail","hentry"],"uagb_featured_image_src":{"full":["https:\/\/portaleseducativos.educarex.es\/formacion\/wp-content\/uploads\/sites\/269\/2018\/02\/digitalizacion.png",0,0,false],"thumbnail":["https:\/\/portaleseducativos.educarex.es\/formacion\/wp-content\/uploads\/sites\/269\/2018\/02\/digitalizacion.png",1,1,false],"medium":["https:\/\/portaleseducativos.educarex.es\/formacion\/wp-content\/uploads\/sites\/269\/2018\/02\/digitalizacion.png",1,1,false],"medium_large":["https:\/\/portaleseducativos.educarex.es\/formacion\/wp-content\/uploads\/sites\/269\/2018\/02\/digitalizacion.png",1,1,false],"large":["https:\/\/portaleseducativos.educarex.es\/formacion\/wp-content\/uploads\/sites\/269\/2018\/02\/digitalizacion.png",1,1,false],"1536x1536":["https:\/\/portaleseducativos.educarex.es\/formacion\/wp-content\/uploads\/sites\/269\/2018\/02\/digitalizacion.png",1,1,false],"2048x2048":["https:\/\/portaleseducativos.educarex.es\/formacion\/wp-content\/uploads\/sites\/269\/2018\/02\/digitalizacion.png",1,1,false]},"uagb_author_info":{"display_name":"Equipo emtic","author_link":"https:\/\/portaleseducativos.educarex.es\/formacion\/author\/admin1\/"},"uagb_comment_info":0,"uagb_excerpt":"FORMACI\u00d3N PARA FAMILIAS PROFESIONALES: AULAS ATECA PLAN DE DIGITALIZACI\u00d3N AULAS DE EMPRENDIMIENTO IECA INMERSIONES LING\u00dc\u00cdSTICAS PARA FP JORNADAS DE FP Todos los sectores productivos, tanto los relacionados con la industria [&hellip;]","_links":{"self":[{"href":"https:\/\/portaleseducativos.educarex.es\/formacion\/wp-json\/wp\/v2\/pages\/2497","targetHints":{"allow":["GET"]}}],"collection":[{"href":"https:\/\/portaleseducativos.educarex.es\/formacion\/wp-json\/wp\/v2\/pages"}],"about":[{"href":"https:\/\/portaleseducativos.educarex.es\/formacion\/wp-json\/wp\/v2\/types\/page"}],"author":[{"embeddable":true,"href":"https:\/\/portaleseducativos.educarex.es\/formacion\/wp-json\/wp\/v2\/users\/10231"}],"replies":[{"embeddable":true,"href":"https:\/\/portaleseducativos.educarex.es\/formacion\/wp-json\/wp\/v2\/comments?post=2497"}],"version-history":[{"count":3,"href":"https:\/\/portaleseducativos.educarex.es\/formacion\/wp-json\/wp\/v2\/pages\/2497\/revisions"}],"predecessor-version":[{"id":3870,"href":"https:\/\/portaleseducativos.educarex.es\/formacion\/wp-json\/wp\/v2\/pages\/2497\/revisions\/3870"}],"wp:featuredmedia":[{"embeddable":true,"href":"https:\/\/portaleseducativos.educarex.es\/formacion\/wp-json\/wp\/v2\/media\/2496"}],"wp:attachment":[{"href":"https:\/\/portaleseducativos.educarex.es\/formacion\/wp-json\/wp\/v2\/media?parent=2497"}],"curies":[{"name":"wp","href":"https:\/\/api.w.org\/{rel}","templated":true}]}}