{"id":2503,"date":"2025-08-10T09:00:25","date_gmt":"2025-08-10T07:00:25","guid":{"rendered":"https:\/\/portaleseducativos.educarex.es\/formacion\/?p=2503"},"modified":"2025-08-14T19:11:03","modified_gmt":"2025-08-14T17:11:03","slug":"aulas-emprendimiento","status":"publish","type":"page","link":"https:\/\/portaleseducativos.educarex.es\/formacion\/aulas-emprendimiento\/","title":{"rendered":"Aulasemprendimiento"},"content":{"rendered":"<ul>\n<li>\n        <a href=\"https:\/\/portaleseducativos.educarex.es\/formacion\/?page_id=2499&#038;preview=true\">FORMACI\u00d3N PARA FAMILIAS PROFESIONALES:<\/a>\n    <\/li>\n<li>\n        <a href=\"https:\/\/portaleseducativos.educarex.es\/formacion\/aulas-ateca-site\/\">AULAS ATECA<\/a>\n    <\/li>\n<li>\n        <a href=\"https:\/\/portaleseducativos.educarex.es\/formacion\/digitalizacionsite\/\">PLAN DE DIGITALIZACI\u00d3N <\/a>\n    <\/li>\n<li>\n        <a href=\"https:\/\/portaleseducativos.educarex.es\/formacion\/aulas-emprendimiento\/\">AULAS DE EMPRENDIMIENTO<\/a>\n    <\/li>\n<li>\n        <a href=\"https:\/\/portaleseducativos.educarex.es\/formacion\/ieca\/\">IECA <\/a>\n    <\/li>\n<li>\n        <a href=\"https:\/\/portaleseducativos.educarex.es\/formacion\/inmersiones-fp\/\">INMERSIONES LING\u00dc\u00cdSTICAS PARA FP<\/a>\n    <\/li>\n<li>\n        <a href=\"https:\/\/portaleseducativos.educarex.es\/formacion\/jornadas-fp\/\">JORNADAS DE FP<\/a>\n    <\/li>\n<\/ul>\n<p><img decoding=\"async\" src=\"\/formacion\/wp-content\/uploads\/sites\/269\/2025\/08\/aulas_emprendimiento_pequena.png\" alt=\"\"><\/p>\n<div>\n<p style=\"text-align: justify;\"><span style=\"color: #000000; font-family: 'Open Sans', Arial, sans-serif; font-size: 14px; font-style: normal; font-weight: 400; letter-spacing: normal; orphans: 2; text-align: justify; text-indent: 0px; text-transform: none; white-space: normal; widows: 2; word-spacing: 0px; background-color: #ffffff; float: none;\">\u00a0 <\/span><\/p>\n<p>Las Aulas de Emprendimiento se constituyen como una estrategia para potenciar entre el alumnado las competencias profesionales y personales para impulsar las habilidades emprendedoras, imprescindibles en el nuevo marco socioecon\u00f3mico hacia el que se dirige nuestra econom\u00eda. A su vez, pretenden mejorar la empleabilidad del alumnado desarrollando h\u00e1bitos intraemprendedores y posibilitando su inserci\u00f3n laboral como parte de una iniciativa empresarial.<\/p>\n<p>\u00a0 Los CPR de la regi\u00f3n organizan diferentes actividades formativas para el profesorado de FP que cuenta con Aula ATECA en su centro educativo.<\/p>\n<\/div>\n<p><p>\n        <a href=\"https:\/\/rfp.educarex.es\/\">Consulta tu historial formativo<\/a>\n    <\/p>\n<\/p>\n<p><p>\n        <a href=\"https:\/\/rfp.educarex.es\/planformacion\">Buscar actividades<\/a>\n    <\/p>\n<\/p>\n<p><!--more--><br \/>\n<!-- {\"type\":\"layout\",\"children\":[{\"type\":\"section\",\"props\":{\"height\":\"pixels\",\"height_viewport\":350,\"image\":\"wp-content\\\/uploads\\\/sites\\\/269\\\/2025\\\/08\\\/aulas-de-emprendimiento-banner.png\",\"image_position\":\"center-center\",\"style\":\"default\",\"text_color\":\"light\",\"title_breakpoint\":\"xl\",\"title_position\":\"top-left\",\"title_rotation\":\"left\",\"vertical_align\":\"middle\",\"width\":\"large\"},\"children\":[{\"type\":\"row\",\"children\":[{\"type\":\"column\",\"props\":{\"image_position\":\"center-center\",\"position_sticky_breakpoint\":\"m\"}}]}]},{\"type\":\"section\",\"props\":{\"image_position\":\"center-center\",\"style\":\"default\",\"title_breakpoint\":\"xl\",\"title_position\":\"top-left\",\"title_rotation\":\"left\",\"vertical_align\":\"middle\",\"width\":\"default\"},\"children\":[{\"type\":\"row\",\"children\":[{\"type\":\"column\",\"props\":{\"image_position\":\"center-center\",\"position_sticky_breakpoint\":\"m\"},\"children\":[{\"type\":\"subnav\",\"props\":{\"subnav_style\":\"divider\",\"text_align\":\"center\"},\"children\":[{\"type\":\"subnav_item\",\"props\":{\"content\":\"FORMACI\\u00d3N PARA FAMILIAS PROFESIONALES:\",\"link\":\"https:\\\/\\\/portaleseducativos.educarex.es\\\/formacion\\\/?page_id=2499&preview=true\"}},{\"type\":\"subnav_item\",\"props\":{\"content\":\"AULAS ATECA\",\"link\":\"https:\\\/\\\/portaleseducativos.educarex.es\\\/formacion\\\/aulas-ateca-site\\\/\"}},{\"type\":\"subnav_item\",\"props\":{\"content\":\"PLAN DE DIGITALIZACI\\u00d3N \",\"link\":\"https:\\\/\\\/portaleseducativos.educarex.es\\\/formacion\\\/digitalizacionsite\\\/\"}},{\"type\":\"subnav_item\",\"props\":{\"content\":\"AULAS DE EMPRENDIMIENTO\",\"link\":\"https:\\\/\\\/portaleseducativos.educarex.es\\\/formacion\\\/aulas-emprendimiento\\\/\"}},{\"type\":\"subnav_item\",\"props\":{\"content\":\"IECA \",\"link\":\"https:\\\/\\\/portaleseducativos.educarex.es\\\/formacion\\\/ieca\\\/\"}},{\"type\":\"subnav_item\",\"props\":{\"content\":\"INMERSIONES LING\\u00dc\\u00cdSTICAS PARA FP\",\"link\":\"https:\\\/\\\/portaleseducativos.educarex.es\\\/formacion\\\/inmersiones-fp\\\/\"}},{\"type\":\"subnav_item\",\"props\":{\"content\":\"JORNADAS DE FP\",\"link\":\"https:\\\/\\\/portaleseducativos.educarex.es\\\/formacion\\\/jornadas-fp\\\/\"}}]}]}]}]},{\"type\":\"section\",\"props\":{\"image_position\":\"center-center\",\"style\":\"default\",\"title_breakpoint\":\"xl\",\"title_position\":\"top-left\",\"title_rotation\":\"left\",\"vertical_align\":\"middle\",\"width\":\"default\"},\"children\":[{\"type\":\"row\",\"props\":{\"layout\":\"1-2,1-2\"},\"children\":[{\"type\":\"column\",\"props\":{\"image_position\":\"center-center\",\"position_sticky_breakpoint\":\"m\",\"width_medium\":\"1-2\"},\"children\":[{\"type\":\"image\",\"props\":{\"image\":\"wp-content\\\/uploads\\\/sites\\\/269\\\/2025\\\/08\\\/aulas_emprendimiento_pequena.png\",\"image_svg_color\":\"emphasis\",\"margin\":\"default\"}}]},{\"type\":\"column\",\"props\":{\"image_position\":\"center-center\",\"position_sticky_breakpoint\":\"m\",\"width_medium\":\"1-2\"},\"children\":[{\"type\":\"text\",\"props\":{\"column_breakpoint\":\"m\",\"content\":\"\n\n<p style=\\\"text-align: justify;\\\"><span style=\\\"color: #000000; font-family: 'Open Sans', Arial, sans-serif; font-size: 14px; font-style: normal; font-weight: 400; letter-spacing: normal; orphans: 2; text-align: justify; text-indent: 0px; text-transform: none; white-space: normal; widows: 2; word-spacing: 0px; background-color: #ffffff; float: none;\\\">\\u00a0 <\\\/span><\\\/p>\\n\n\n<p>Las Aulas de Emprendimiento se constituyen como una estrategia para potenciar entre el alumnado las competencias profesionales y personales para impulsar las habilidades emprendedoras, imprescindibles en el nuevo marco socioecon\\u00f3mico hacia el que se dirige nuestra econom\\u00eda. A su vez, pretenden mejorar la empleabilidad del alumnado desarrollando h\\u00e1bitos intraemprendedores y posibilitando su inserci\\u00f3n laboral como parte de una iniciativa empresarial.<\\\/p>\\n\n\n<p>\\u00a0 Los CPR de la regi\\u00f3n organizan diferentes actividades formativas para el profesorado de FP que cuenta con Aula ATECA en su centro educativo.<\\\/p>\",\"margin\":\"default\",\"text_align\":\"justify\"}}]}]}]},{\"type\":\"section\",\"props\":{\"image_position\":\"center-center\",\"style\":\"default\",\"title_breakpoint\":\"xl\",\"title_position\":\"top-left\",\"title_rotation\":\"left\",\"vertical_align\":\"middle\",\"width\":\"default\"},\"children\":[{\"type\":\"row\",\"props\":{\"layout\":\"1-2,1-2\"},\"children\":[{\"type\":\"column\",\"props\":{\"image_position\":\"center-center\",\"position_sticky_breakpoint\":\"m\",\"width_medium\":\"1-2\"},\"children\":[{\"type\":\"button\",\"props\":{\"grid_column_gap\":\"small\",\"grid_row_gap\":\"small\",\"margin\":\"default\",\"text_align\":\"center\"},\"children\":[{\"type\":\"button_item\",\"props\":{\"button_style\":\"default\",\"content\":\"Consulta tu historial formativo\",\"dialog_layout\":\"modal\",\"dialog_offcanvas_flip\":true,\"icon_align\":\"left\",\"link\":\"https:\\\/\\\/rfp.educarex.es\\\/\"}}]}]},{\"type\":\"column\",\"props\":{\"image_position\":\"center-center\",\"position_sticky_breakpoint\":\"m\",\"width_medium\":\"1-2\"},\"children\":[{\"type\":\"button\",\"props\":{\"grid_column_gap\":\"small\",\"grid_row_gap\":\"small\",\"margin\":\"default\",\"text_align\":\"center\"},\"children\":[{\"type\":\"button_item\",\"props\":{\"button_style\":\"default\",\"content\":\"Buscar actividades\",\"dialog_layout\":\"modal\",\"dialog_offcanvas_flip\":true,\"icon_align\":\"left\",\"link\":\"https:\\\/\\\/rfp.educarex.es\\\/planformacion\"}}]}]}]}]}],\"version\":\"4.5.24\"} --><\/p>\n","protected":false},"excerpt":{"rendered":"<p>FORMACI\u00d3N PARA FAMILIAS PROFESIONALES: AULAS ATECA PLAN DE DIGITALIZACI\u00d3N AULAS DE EMPRENDIMIENTO IECA INMERSIONES LING\u00dc\u00cdSTICAS PARA FP JORNADAS DE FP \u00a0 Las Aulas de Emprendimiento se constituyen como una estrategia [&hellip;]<\/p>\n","protected":false},"author":10231,"featured_media":2502,"parent":0,"menu_order":14,"comment_status":"closed","ping_status":"closed","template":"","meta":{"_uag_custom_page_level_css":"","_editorskit_title_hidden":false,"_editorskit_reading_time":0,"_editorskit_is_block_options_detached":false,"_editorskit_block_options_position":"{}","footnotes":""},"class_list":["post-2503","page","type-page","status-publish","has-post-thumbnail","hentry"],"uagb_featured_image_src":{"full":["https:\/\/portaleseducativos.educarex.es\/formacion\/wp-content\/uploads\/sites\/269\/2018\/02\/aulas_emprendimiento_pequena.png",0,0,false],"thumbnail":["https:\/\/portaleseducativos.educarex.es\/formacion\/wp-content\/uploads\/sites\/269\/2018\/02\/aulas_emprendimiento_pequena.png",1,1,false],"medium":["https:\/\/portaleseducativos.educarex.es\/formacion\/wp-content\/uploads\/sites\/269\/2018\/02\/aulas_emprendimiento_pequena.png",1,1,false],"medium_large":["https:\/\/portaleseducativos.educarex.es\/formacion\/wp-content\/uploads\/sites\/269\/2018\/02\/aulas_emprendimiento_pequena.png",1,1,false],"large":["https:\/\/portaleseducativos.educarex.es\/formacion\/wp-content\/uploads\/sites\/269\/2018\/02\/aulas_emprendimiento_pequena.png",1,1,false],"1536x1536":["https:\/\/portaleseducativos.educarex.es\/formacion\/wp-content\/uploads\/sites\/269\/2018\/02\/aulas_emprendimiento_pequena.png",1,1,false],"2048x2048":["https:\/\/portaleseducativos.educarex.es\/formacion\/wp-content\/uploads\/sites\/269\/2018\/02\/aulas_emprendimiento_pequena.png",1,1,false]},"uagb_author_info":{"display_name":"Equipo emtic","author_link":"https:\/\/portaleseducativos.educarex.es\/formacion\/author\/admin1\/"},"uagb_comment_info":0,"uagb_excerpt":"FORMACI\u00d3N PARA FAMILIAS PROFESIONALES: AULAS ATECA PLAN DE DIGITALIZACI\u00d3N AULAS DE EMPRENDIMIENTO IECA INMERSIONES LING\u00dc\u00cdSTICAS PARA FP JORNADAS DE FP \u00a0 Las Aulas de Emprendimiento se constituyen como una estrategia [&hellip;]","_links":{"self":[{"href":"https:\/\/portaleseducativos.educarex.es\/formacion\/wp-json\/wp\/v2\/pages\/2503","targetHints":{"allow":["GET"]}}],"collection":[{"href":"https:\/\/portaleseducativos.educarex.es\/formacion\/wp-json\/wp\/v2\/pages"}],"about":[{"href":"https:\/\/portaleseducativos.educarex.es\/formacion\/wp-json\/wp\/v2\/types\/page"}],"author":[{"embeddable":true,"href":"https:\/\/portaleseducativos.educarex.es\/formacion\/wp-json\/wp\/v2\/users\/10231"}],"replies":[{"embeddable":true,"href":"https:\/\/portaleseducativos.educarex.es\/formacion\/wp-json\/wp\/v2\/comments?post=2503"}],"version-history":[{"count":3,"href":"https:\/\/portaleseducativos.educarex.es\/formacion\/wp-json\/wp\/v2\/pages\/2503\/revisions"}],"predecessor-version":[{"id":3869,"href":"https:\/\/portaleseducativos.educarex.es\/formacion\/wp-json\/wp\/v2\/pages\/2503\/revisions\/3869"}],"wp:featuredmedia":[{"embeddable":true,"href":"https:\/\/portaleseducativos.educarex.es\/formacion\/wp-json\/wp\/v2\/media\/2502"}],"wp:attachment":[{"href":"https:\/\/portaleseducativos.educarex.es\/formacion\/wp-json\/wp\/v2\/media?parent=2503"}],"curies":[{"name":"wp","href":"https:\/\/api.w.org\/{rel}","templated":true}]}}