{"id":2537,"date":"2025-08-11T13:07:09","date_gmt":"2025-08-11T11:07:09","guid":{"rendered":"https:\/\/portaleseducativos.educarex.es\/formacion\/?p=2537"},"modified":"2025-11-27T12:46:02","modified_gmt":"2025-11-27T11:46:02","slug":"autoform-site","status":"publish","type":"page","link":"https:\/\/portaleseducativos.educarex.es\/formacion\/autoform-site\/","title":{"rendered":"Autoformaci\u00f3n site"},"content":{"rendered":"<ul>\n<li>\n        <a href=\"https:\/\/portaleseducativos.educarex.es\/formacion\/formaciondistanciasite\/\">FORMACI\u00d3N A DISTANCIA<\/a>\n    <\/li>\n<li>\n        <a href=\"https:\/\/portaleseducativos.educarex.es\/formacion\/formaciongrupossite\/\">G.TRABAJO Y SEMINARIOS<\/a>\n    <\/li>\n<li>\n        <a href=\"https:\/\/portaleseducativos.educarex.es\/formacion\/formacionfdirectivasite\/\">FUNCI\u00d3N DIRECTIVA<\/a>\n    <\/li>\n<li>\n        <a href=\"https:\/\/portaleseducativos.educarex.es\/formacion\/gradoymastersite\/\">GRADO Y M\u00c1STER<\/a>\n    <\/li>\n<li>\n        <a href=\"https:\/\/portaleseducativos.educarex.es\/formacion\/ayudasindividualizadassite\/\">AYUDAS<\/a>\n    <\/li>\n<li>\n        <a href=\"https:\/\/portaleseducativos.educarex.es\/formacion\/estanciasformativassite\/\">ESTANCIAS FORMATIVAS EN EMPRESAS<\/a>\n    <\/li>\n<li>\n        <a href=\"https:\/\/portaleseducativos.educarex.es\/formacion\/formacionpformacionsite\/\">PFC<\/a>\n    <\/li>\n<li>\n        <a href=\"https:\/\/portaleseducativos.educarex.es\/formacion\/?page_id=2486&#038;preview=true\">FORMACI\u00d3N PROFESIONAL<\/a>\n    <\/li>\n<li>\n        <a href=\"https:\/\/portaleseducativos.educarex.es\/formacion\/seleccion-materiales23\/\">MATERIALES DIGITALES<\/a>\n    <\/li>\n<li>\n        <a href=\"https:\/\/portaleseducativos.educarex.es\/formacion\/convenios\/\">CONVENIOS<\/a>\n    <\/li>\n<\/ul>\n<hr>\n<div>\n<\/p>\n<p>En esta web encontrar\u00e1s recursos para tu autoformaci\u00f3n. La realizaci\u00f3n de la misma no llevar\u00e1 aparejado reconocimiento de cr\u00e9ditos de formaci\u00f3n pero confiamos en que te sea de ayuda para desarrollar tu labor como docente.<\/p>\n<\/div>\n<hr>\n<h1>Autoformaci\u00f3n TEA<\/h1>\n<div>\n<p>Toda la informaci\u00f3n: <strong><a href=\"https:\/\/www.educarex.es\/atencion-diversidad\/formacion-trastorno-espectro-autismo.html\">aqu\u00ed<\/a><\/strong><\/p>\n<\/div>\n<p><img decoding=\"async\" src=\"\/formacion\/wp-content\/uploads\/sites\/269\/2025\/08\/autoformacion-tea.png\" alt=\"\"><\/p>\n<hr>\n<p><p>\n        <a href=\"https:\/\/rfp.educarex.es\/\">Consulta tu historial formativo<\/a>\n    <\/p>\n<\/p>\n<p><p>\n        <a href=\"https:\/\/rfp.educarex.es\/planformacion\">Buscar actividades<\/a>\n    <\/p>\n<\/p>\n<p><!--more--><br \/>\n<!-- {\"type\":\"layout\",\"children\":[{\"name\":\"Hero\",\"type\":\"section\",\"props\":{\"animation\":\"scale-down\",\"animation_delay\":false,\"height\":\"pixels\",\"height_viewport\":350,\"image\":\"wp-content\\\/uploads\\\/sites\\\/269\\\/2025\\\/08\\\/autoformacion-1.png\",\"image_position\":\"center-center\",\"image_size\":\"contain\",\"overlap\":false,\"padding\":\"xlarge\",\"style\":\"default\",\"text_color\":\"light\",\"title_breakpoint\":\"xl\",\"title_position\":\"top-left\",\"title_rotation\":\"left\",\"vertical_align\":\"\",\"width\":\"default\"},\"children\":[{\"type\":\"row\",\"children\":[{\"type\":\"column\",\"props\":{\"image_position\":\"center-center\",\"position_sticky_breakpoint\":\"m\",\"width_medium\":\"1-1\"}}]}]},{\"name\":\"Advices\",\"type\":\"section\",\"props\":{\"animation\":\"slide-left-small\",\"image_position\":\"center-center\",\"image_size\":\"cover\",\"overlap\":true,\"padding\":\"small\",\"padding_remove_top\":false,\"style\":\"default\",\"title_breakpoint\":\"xl\",\"title_position\":\"top-left\",\"title_rotation\":\"left\",\"vertical_align\":\"\",\"width\":\"default\"},\"children\":[{\"type\":\"row\",\"children\":[{\"type\":\"column\",\"props\":{\"image_position\":\"center-center\",\"position_sticky_breakpoint\":\"m\",\"width_medium\":\"1-1\"},\"children\":[{\"name\":\"subnavformacion\",\"type\":\"subnav\",\"props\":{\"subnav_style\":\"divider\",\"text_align\":\"center\"},\"children\":[{\"type\":\"subnav_item\",\"props\":{\"content\":\"FORMACI\\u00d3N A DISTANCIA\",\"link\":\"https:\\\/\\\/portaleseducativos.educarex.es\\\/formacion\\\/formaciondistanciasite\\\/\",\"link_target\":true}},{\"type\":\"subnav_item\",\"props\":{\"content\":\"G.TRABAJO Y SEMINARIOS\",\"link\":\"https:\\\/\\\/portaleseducativos.educarex.es\\\/formacion\\\/formaciongrupossite\\\/\",\"link_target\":true}},{\"type\":\"subnav_item\",\"props\":{\"content\":\"FUNCI\\u00d3N DIRECTIVA\",\"link\":\"https:\\\/\\\/portaleseducativos.educarex.es\\\/formacion\\\/formacionfdirectivasite\\\/\",\"link_target\":true}},{\"type\":\"subnav_item\",\"props\":{\"content\":\"GRADO Y M\\u00c1STER\",\"link\":\"https:\\\/\\\/portaleseducativos.educarex.es\\\/formacion\\\/gradoymastersite\\\/\",\"link_target\":true}},{\"type\":\"subnav_item\",\"props\":{\"content\":\"AYUDAS\",\"link\":\"https:\\\/\\\/portaleseducativos.educarex.es\\\/formacion\\\/ayudasindividualizadassite\\\/\",\"link_target\":true}},{\"type\":\"subnav_item\",\"props\":{\"content\":\"ESTANCIAS FORMATIVAS EN EMPRESAS\",\"link\":\"https:\\\/\\\/portaleseducativos.educarex.es\\\/formacion\\\/estanciasformativassite\\\/\",\"link_target\":true}},{\"type\":\"subnav_item\",\"props\":{\"content\":\"PFC\",\"link\":\"https:\\\/\\\/portaleseducativos.educarex.es\\\/formacion\\\/formacionpformacionsite\\\/\"}},{\"type\":\"subnav_item\",\"props\":{\"content\":\"FORMACI\\u00d3N PROFESIONAL\",\"link\":\"https:\\\/\\\/portaleseducativos.educarex.es\\\/formacion\\\/?page_id=2486&preview=true\",\"link_target\":true}},{\"type\":\"subnav_item\",\"props\":{\"content\":\"MATERIALES DIGITALES\",\"link\":\"https:\\\/\\\/portaleseducativos.educarex.es\\\/formacion\\\/seleccion-materiales23\\\/\",\"link_target\":true}},{\"type\":\"subnav_item\",\"props\":{\"content\":\"CONVENIOS\",\"link\":\"https:\\\/\\\/portaleseducativos.educarex.es\\\/formacion\\\/convenios\\\/\",\"link_target\":true}}]},{\"type\":\"divider\",\"props\":{\"divider_element\":\"hr\"}}]}]},{\"type\":\"row\",\"children\":[{\"type\":\"column\",\"props\":{\"image_position\":\"center-center\",\"position_sticky_breakpoint\":\"m\"},\"children\":[{\"type\":\"text\",\"props\":{\"column_breakpoint\":\"m\",\"content\":\"\n\n<p><\\\/p>\\n\n\n<p><\\\/p>\\n\n\n<p>En esta web encontrar\\u00e1s recursos para tu autoformaci\\u00f3n. La realizaci\\u00f3n de la misma no llevar\\u00e1 aparejado reconocimiento de cr\\u00e9ditos de formaci\\u00f3n pero confiamos en que te sea de ayuda para desarrollar tu labor como docente.<\\\/p>\",\"margin\":\"default\"}}]}]}]},{\"type\":\"section\",\"props\":{\"image_position\":\"center-center\",\"style\":\"default\",\"title_breakpoint\":\"xl\",\"title_position\":\"top-left\",\"title_rotation\":\"left\",\"vertical_align\":\"middle\",\"width\":\"default\"},\"children\":[{\"type\":\"row\",\"children\":[{\"type\":\"column\",\"props\":{\"image_position\":\"center-center\",\"position_sticky_breakpoint\":\"m\"},\"children\":[{\"type\":\"divider\",\"props\":{\"divider_element\":\"hr\"}}]}]}]},{\"type\":\"section\",\"props\":{\"image_position\":\"center-center\",\"style\":\"default\",\"title_breakpoint\":\"xl\",\"title_position\":\"top-left\",\"title_rotation\":\"left\",\"vertical_align\":\"\",\"width\":\"default\"},\"children\":[{\"type\":\"row\",\"props\":{\"layout\":\"1-2,1-2\",\"width\":\"expand\"},\"children\":[{\"type\":\"column\",\"props\":{\"image_position\":\"center-center\",\"position_sticky_breakpoint\":\"m\",\"width_medium\":\"1-2\"},\"children\":[{\"type\":\"headline\",\"props\":{\"content\":\"Autoformaci\\u00f3n TEA\",\"title_element\":\"h1\"}},{\"type\":\"text\",\"props\":{\"column_breakpoint\":\"m\",\"content\":\"\n\n<p>Toda la informaci\\u00f3n: <strong><a href=\\\"https:\\\/\\\/www.educarex.es\\\/atencion-diversidad\\\/formacion-trastorno-espectro-autismo.html\\\">aqu\\u00ed<\\\/a><\\\/strong><\\\/p>\",\"margin\":\"default\"}}]},{\"type\":\"column\",\"props\":{\"image_position\":\"center-center\",\"position_sticky_breakpoint\":\"m\",\"width_medium\":\"1-2\"},\"children\":[{\"type\":\"image\",\"props\":{\"image\":\"wp-content\\\/uploads\\\/sites\\\/269\\\/2025\\\/08\\\/autoformacion-tea.png\",\"image_height\":\"auto\",\"image_svg_color\":\"emphasis\",\"image_width\":\"auto\",\"link_target\":\"blank\",\"margin\":\"default\",\"text_align\":\"right\"}}]}]}]},{\"type\":\"section\",\"props\":{\"image_position\":\"center-center\",\"style\":\"default\",\"title_breakpoint\":\"xl\",\"title_position\":\"top-left\",\"title_rotation\":\"left\",\"vertical_align\":\"middle\",\"width\":\"default\"},\"children\":[{\"type\":\"row\",\"children\":[{\"type\":\"column\",\"props\":{\"image_position\":\"center-center\",\"position_sticky_breakpoint\":\"m\"},\"children\":[{\"type\":\"divider\",\"props\":{\"divider_element\":\"hr\"}}]}]}]},{\"type\":\"section\",\"props\":{\"image_position\":\"center-center\",\"style\":\"default\",\"title_breakpoint\":\"xl\",\"title_position\":\"top-left\",\"title_rotation\":\"left\",\"vertical_align\":\"\",\"width\":\"default\"},\"children\":[{\"type\":\"row\",\"children\":[{\"type\":\"column\",\"props\":{\"image_position\":\"center-center\",\"position_sticky_breakpoint\":\"m\",\"width_medium\":\"1-2\"},\"children\":[{\"type\":\"button\",\"props\":{\"grid_column_gap\":\"small\",\"grid_row_gap\":\"small\",\"margin\":\"default\",\"text_align\":\"center\"},\"children\":[{\"type\":\"button_item\",\"props\":{\"button_style\":\"default\",\"content\":\"Consulta tu historial formativo\",\"dialog_layout\":\"modal\",\"dialog_offcanvas_flip\":true,\"icon_align\":\"left\",\"link\":\"https:\\\/\\\/rfp.educarex.es\\\/\"}}]}]},{\"type\":\"column\",\"props\":{\"image_position\":\"center-center\",\"position_sticky_breakpoint\":\"m\",\"width_medium\":\"1-2\"},\"children\":[{\"type\":\"button\",\"props\":{\"grid_column_gap\":\"small\",\"grid_row_gap\":\"small\",\"margin\":\"default\",\"text_align\":\"center\"},\"children\":[{\"type\":\"button_item\",\"props\":{\"button_style\":\"default\",\"content\":\"Buscar actividades\",\"dialog_layout\":\"modal\",\"dialog_offcanvas_flip\":true,\"icon_align\":\"left\",\"link\":\"https:\\\/\\\/rfp.educarex.es\\\/planformacion\"}}]}]}],\"props\":{\"layout\":\"1-2,1-2\"}}]}],\"version\":\"4.5.26\"} --><\/p>\n","protected":false},"excerpt":{"rendered":"<p>FORMACI\u00d3N A DISTANCIA G.TRABAJO Y SEMINARIOS FUNCI\u00d3N DIRECTIVA GRADO Y M\u00c1STER AYUDAS ESTANCIAS FORMATIVAS EN EMPRESAS PFC FORMACI\u00d3N PROFESIONAL MATERIALES DIGITALES CONVENIOS En esta web encontrar\u00e1s recursos para tu autoformaci\u00f3n. [&hellip;]<\/p>\n","protected":false},"author":10231,"featured_media":2536,"parent":0,"menu_order":9,"comment_status":"closed","ping_status":"closed","template":"","meta":{"_uag_custom_page_level_css":"","_editorskit_title_hidden":false,"_editorskit_reading_time":0,"_editorskit_is_block_options_detached":false,"_editorskit_block_options_position":"{}","footnotes":""},"class_list":["post-2537","page","type-page","status-publish","has-post-thumbnail","hentry"],"uagb_featured_image_src":{"full":["https:\/\/portaleseducativos.educarex.es\/formacion\/wp-content\/uploads\/sites\/269\/2018\/02\/auto.png",0,0,false],"thumbnail":["https:\/\/portaleseducativos.educarex.es\/formacion\/wp-content\/uploads\/sites\/269\/2018\/02\/auto.png",1,1,false],"medium":["https:\/\/portaleseducativos.educarex.es\/formacion\/wp-content\/uploads\/sites\/269\/2018\/02\/auto.png",1,1,false],"medium_large":["https:\/\/portaleseducativos.educarex.es\/formacion\/wp-content\/uploads\/sites\/269\/2018\/02\/auto.png",1,1,false],"large":["https:\/\/portaleseducativos.educarex.es\/formacion\/wp-content\/uploads\/sites\/269\/2018\/02\/auto.png",1,1,false],"1536x1536":["https:\/\/portaleseducativos.educarex.es\/formacion\/wp-content\/uploads\/sites\/269\/2018\/02\/auto.png",1,1,false],"2048x2048":["https:\/\/portaleseducativos.educarex.es\/formacion\/wp-content\/uploads\/sites\/269\/2018\/02\/auto.png",1,1,false]},"uagb_author_info":{"display_name":"Equipo emtic","author_link":"https:\/\/portaleseducativos.educarex.es\/formacion\/author\/admin1\/"},"uagb_comment_info":0,"uagb_excerpt":"FORMACI\u00d3N A DISTANCIA G.TRABAJO Y SEMINARIOS FUNCI\u00d3N DIRECTIVA GRADO Y M\u00c1STER AYUDAS ESTANCIAS FORMATIVAS EN EMPRESAS PFC FORMACI\u00d3N PROFESIONAL MATERIALES DIGITALES CONVENIOS En esta web encontrar\u00e1s recursos para tu autoformaci\u00f3n. [&hellip;]","_links":{"self":[{"href":"https:\/\/portaleseducativos.educarex.es\/formacion\/wp-json\/wp\/v2\/pages\/2537","targetHints":{"allow":["GET"]}}],"collection":[{"href":"https:\/\/portaleseducativos.educarex.es\/formacion\/wp-json\/wp\/v2\/pages"}],"about":[{"href":"https:\/\/portaleseducativos.educarex.es\/formacion\/wp-json\/wp\/v2\/types\/page"}],"author":[{"embeddable":true,"href":"https:\/\/portaleseducativos.educarex.es\/formacion\/wp-json\/wp\/v2\/users\/10231"}],"replies":[{"embeddable":true,"href":"https:\/\/portaleseducativos.educarex.es\/formacion\/wp-json\/wp\/v2\/comments?post=2537"}],"version-history":[{"count":3,"href":"https:\/\/portaleseducativos.educarex.es\/formacion\/wp-json\/wp\/v2\/pages\/2537\/revisions"}],"predecessor-version":[{"id":4090,"href":"https:\/\/portaleseducativos.educarex.es\/formacion\/wp-json\/wp\/v2\/pages\/2537\/revisions\/4090"}],"wp:featuredmedia":[{"embeddable":true,"href":"https:\/\/portaleseducativos.educarex.es\/formacion\/wp-json\/wp\/v2\/media\/2536"}],"wp:attachment":[{"href":"https:\/\/portaleseducativos.educarex.es\/formacion\/wp-json\/wp\/v2\/media?parent=2537"}],"curies":[{"name":"wp","href":"https:\/\/api.w.org\/{rel}","templated":true}]}}