{"id":2723,"date":"2023-01-18T13:57:55","date_gmt":"2023-01-18T12:57:55","guid":{"rendered":"https:\/\/portaleseducativos.educarex.es\/formacion\/guias-2025\/"},"modified":"2025-08-14T18:54:23","modified_gmt":"2025-08-14T16:54:23","slug":"guias-2025","status":"publish","type":"page","link":"https:\/\/portaleseducativos.educarex.es\/formacion\/guias-2025\/","title":{"rendered":"GU\u00cdAS CDD 2025"},"content":{"rendered":"<ul>\n<li>\n        <a href=\"https:\/\/doe.juntaex.es\/pdfs\/doe\/2023\/2360o\/23064162.pdf\">NORMATIVA CDD<\/a>\n    <\/li>\n<li>\n        <a href=\"https:\/\/portaleseducativos.educarex.es\/formacion\/guias-2025\/\">GU\u00cdAS<\/a>\n    <\/li>\n<li>\n        <a href=\"https:\/\/portaleseducativos.educarex.es\/formacion\/convocatorias-acreditacion\/\">NORMATIVAS Y CONVOCATORIAS DE ACREDITACI\u00d3N<\/a>\n    <\/li>\n<li>\n        <a href=\"https:\/\/portaleseducativos.educarex.es\/formacion\/bot-acreditacion\/\">ASISTENTE VIRTUAL<\/a>\n    <\/li>\n<li>\n        <a href=\"https:\/\/portaleseducativos.educarex.es\/formacion\/?page_id=2724&#038;preview=true\">FORMACI\u00d3N<\/a>\n    <\/li>\n<li>\n        <a href=\"https:\/\/rfp.educarex.es\/\">RFP<\/a>\n    <\/li>\n<\/ul>\n<hr>\n<p><a href=\"https:\/\/portaleseducativos.educarex.es\/formacion\/wp-content\/uploads\/sites\/269\/2025\/07\/GUA_ACREDITACIN_CDD_Oficial_2024_EXTREMADURA_compressed.pdf\"><img decoding=\"async\" src=\"\/formacion\/wp-content\/uploads\/sites\/269\/2025\/07\/guia1_2024.png\" alt=\"\"><\/a><\/p>\n<hr>\n<p><a href=\"https:\/\/portaleseducativos.educarex.es\/formacion\/wp-content\/uploads\/sites\/269\/2025\/07\/Guia_de_evaluacion_Acreditacion_CDD_nivel_C1_Marzo_2025_1_compressed.pdf\"><img decoding=\"async\" src=\"\/formacion\/wp-content\/uploads\/sites\/269\/2025\/07\/guiac1.png\" alt=\"\"><\/a><br \/>\n<a href=\"https:\/\/portaleseducativos.educarex.es\/formacion\/wp-content\/uploads\/sites\/269\/2025\/07\/GUA_EVALUACIN_PBLICA_DESEMPEOS_DOCENTES_B1_B2-V2_1_1_compressed.pdf\"><img decoding=\"async\" src=\"\/formacion\/wp-content\/uploads\/sites\/269\/2025\/07\/guia2desempeno.png\" alt=\"\"><\/a><\/p>\n<hr>\n<p><a href=\"https:\/\/portaleseducativos.educarex.es\/formacion\/wp-content\/uploads\/sites\/269\/2025\/07\/Guia_de_evaluacion_Acreditacion_CDD_nivel_C2_Marzo_2025_compressed.pdf\"><img decoding=\"async\" src=\"\/formacion\/wp-content\/uploads\/sites\/269\/2025\/07\/guiac2.png\" alt=\"\"><\/a><\/p>\n<div>\n<p style=\"text-align: center;\"><strong>Programa para la mejora de la competencia digital educativa, en el marco del componente 19 \u201cPlan Nacional de Capacidades Digitales\u201d del Mecanismo de Recuperaci\u00f3n y Resiliencia (MRR<\/strong><\/p>\n<p style=\"text-align: center;\"><span style=\"color: #008000; font-size: 10pt;\">Programa financiado por el Ministerio de Educaci\u00f3n y Formaci\u00f3n Profesional y la Uni\u00f3n Europea en el marco del Mecanismo de Recuperaci\u00f3n y Resiliencia.<\/span><\/p>\n<\/div>\n<p><img decoding=\"async\" src=\"\/formacion\/wp-content\/uploads\/sites\/269\/2025\/07\/LOGOS_MRR_UNIDOS_2023_-4-67dbc823.png\" alt=\"\"><\/p>\n<p><!--more--><br \/>\n<!-- {\"type\":\"layout\",\"children\":[{\"type\":\"section\",\"props\":{\"height\":\"pixels\",\"height_viewport\":350,\"image\":\"wp-content\\\/uploads\\\/sites\\\/269\\\/2025\\\/08\\\/1196x291_banner_CDD-Editada.png\",\"image_position\":\"center-center\",\"padding\":\"xlarge\",\"style\":\"default\",\"text_color\":\"light\",\"title_breakpoint\":\"xl\",\"title_position\":\"top-left\",\"title_rotation\":\"left\",\"vertical_align\":\"middle\",\"width\":\"default\"},\"children\":[{\"type\":\"row\",\"children\":[{\"type\":\"column\",\"props\":{\"image_position\":\"center-center\",\"position_sticky_breakpoint\":\"m\"}}]}]},{\"type\":\"section\",\"props\":{\"image_position\":\"center-center\",\"style\":\"default\",\"title_breakpoint\":\"xl\",\"title_position\":\"top-left\",\"title_rotation\":\"left\",\"vertical_align\":\"middle\",\"width\":\"default\"},\"children\":[{\"type\":\"row\",\"children\":[{\"type\":\"column\",\"props\":{\"image_position\":\"center-center\",\"position_sticky_breakpoint\":\"m\"},\"children\":[{\"type\":\"subnav\",\"children\":[{\"type\":\"subnav_item\",\"props\":{\"content\":\"NORMATIVA CDD\",\"link\":\"https:\\\/\\\/doe.juntaex.es\\\/pdfs\\\/doe\\\/2023\\\/2360o\\\/23064162.pdf\"}},{\"type\":\"subnav_item\",\"props\":{\"content\":\"GU\\u00cdAS\",\"link\":\"https:\\\/\\\/portaleseducativos.educarex.es\\\/formacion\\\/guias-2025\\\/\"}},{\"type\":\"subnav_item\",\"props\":{\"content\":\"NORMATIVAS Y CONVOCATORIAS DE ACREDITACI\\u00d3N\",\"link\":\"https:\\\/\\\/portaleseducativos.educarex.es\\\/formacion\\\/convocatorias-acreditacion\\\/\"}},{\"type\":\"subnav_item\",\"props\":{\"content\":\"ASISTENTE VIRTUAL\",\"link\":\"https:\\\/\\\/portaleseducativos.educarex.es\\\/formacion\\\/bot-acreditacion\\\/\"}},{\"type\":\"subnav_item\",\"props\":{\"content\":\"FORMACI\\u00d3N\",\"link\":\"https:\\\/\\\/portaleseducativos.educarex.es\\\/formacion\\\/?page_id=2724&preview=true\"}},{\"type\":\"subnav_item\",\"props\":{\"content\":\"RFP\",\"link\":\"https:\\\/\\\/rfp.educarex.es\\\/\",\"link_target\":true}}],\"props\":{\"subnav_style\":\"divider\",\"text_align\":\"center\"}}]}]},{\"type\":\"row\",\"children\":[{\"type\":\"column\",\"props\":{\"image_position\":\"center-center\",\"position_sticky_breakpoint\":\"m\"},\"children\":[{\"type\":\"divider\",\"props\":{\"divider_element\":\"hr\"}}]}]},{\"type\":\"row\",\"children\":[{\"type\":\"column\",\"props\":{\"image_position\":\"center-center\",\"position_sticky_breakpoint\":\"m\"}}]},{\"type\":\"row\",\"props\":{\"layout\":\"1-2,1-2\"},\"children\":[{\"type\":\"column\",\"props\":{\"image_position\":\"center-center\",\"position_sticky_breakpoint\":\"m\",\"width_medium\":\"1-2\"},\"children\":[{\"type\":\"image\",\"props\":{\"image\":\"wp-content\\\/uploads\\\/sites\\\/269\\\/2025\\\/07\\\/guia1_2024.png\",\"image_svg_color\":\"emphasis\",\"image_width\":300,\"link\":\"https:\\\/\\\/portaleseducativos.educarex.es\\\/formacion\\\/wp-content\\\/uploads\\\/sites\\\/269\\\/2025\\\/07\\\/GUA_ACREDITACIN_CDD_Oficial_2024_EXTREMADURA_compressed.pdf\",\"margin\":\"default\",\"text_align\":\"center\"}},{\"type\":\"divider\",\"props\":{\"divider_element\":\"hr\"}},{\"type\":\"image\",\"props\":{\"image\":\"wp-content\\\/uploads\\\/sites\\\/269\\\/2025\\\/07\\\/guiac1.png\",\"image_svg_color\":\"emphasis\",\"image_width\":300,\"link\":\"https:\\\/\\\/portaleseducativos.educarex.es\\\/formacion\\\/wp-content\\\/uploads\\\/sites\\\/269\\\/2025\\\/07\\\/Guia_de_evaluacion_Acreditacion_CDD_nivel_C1_Marzo_2025_1_compressed.pdf\",\"margin\":\"default\",\"text_align\":\"center\"}}]},{\"type\":\"column\",\"props\":{\"image_position\":\"center-center\",\"position_sticky_breakpoint\":\"m\",\"width_medium\":\"1-2\"},\"children\":[{\"type\":\"image\",\"props\":{\"image\":\"wp-content\\\/uploads\\\/sites\\\/269\\\/2025\\\/07\\\/guia2desempeno.png\",\"image_svg_color\":\"emphasis\",\"image_width\":300,\"link\":\"https:\\\/\\\/portaleseducativos.educarex.es\\\/formacion\\\/wp-content\\\/uploads\\\/sites\\\/269\\\/2025\\\/07\\\/GUA_EVALUACIN_PBLICA_DESEMPEOS_DOCENTES_B1_B2-V2_1_1_compressed.pdf\",\"margin\":\"default\",\"text_align\":\"center\"}},{\"type\":\"divider\",\"props\":{\"divider_element\":\"hr\"}},{\"type\":\"image\",\"props\":{\"image\":\"wp-content\\\/uploads\\\/sites\\\/269\\\/2025\\\/07\\\/guiac2.png\",\"image_svg_color\":\"emphasis\",\"image_width\":300,\"link\":\"https:\\\/\\\/portaleseducativos.educarex.es\\\/formacion\\\/wp-content\\\/uploads\\\/sites\\\/269\\\/2025\\\/07\\\/Guia_de_evaluacion_Acreditacion_CDD_nivel_C2_Marzo_2025_compressed.pdf\",\"margin\":\"default\",\"text_align\":\"center\"}}]}]},{\"type\":\"row\",\"children\":[{\"type\":\"column\",\"props\":{\"image_position\":\"center-center\",\"position_sticky_breakpoint\":\"m\"}}]}]},{\"type\":\"section\",\"props\":{\"image_position\":\"center-center\",\"style\":\"default\",\"title_breakpoint\":\"xl\",\"title_position\":\"top-left\",\"title_rotation\":\"left\",\"vertical_align\":\"middle\",\"width\":\"default\"},\"children\":[{\"type\":\"row\",\"children\":[{\"type\":\"column\",\"props\":{\"image_position\":\"center-center\",\"position_sticky_breakpoint\":\"m\"},\"children\":[{\"type\":\"text\",\"props\":{\"column_breakpoint\":\"m\",\"content\":\"\n\n<p style=\\\"text-align: center;\\\"><strong>Programa para la mejora de la competencia digital educativa, en el marco del componente 19 \\u201cPlan Nacional de Capacidades Digitales\\u201d del Mecanismo de Recuperaci\\u00f3n y Resiliencia (MRR<\\\/strong><\\\/p>\\n\n\n<p style=\\\"text-align: center;\\\"><span style=\\\"color: #008000; font-size: 10pt;\\\">Programa financiado por el Ministerio de Educaci\\u00f3n y Formaci\\u00f3n Profesional y la Uni\\u00f3n Europea en el marco del Mecanismo de Recuperaci\\u00f3n y Resiliencia.<\\\/span><\\\/p>\",\"margin\":\"default\"}}]}]},{\"type\":\"row\",\"children\":[{\"type\":\"column\",\"props\":{\"image_position\":\"center-center\",\"position_sticky_breakpoint\":\"m\"},\"children\":[{\"type\":\"image\",\"props\":{\"image\":\"wp-content\\\/uploads\\\/sites\\\/269\\\/2025\\\/07\\\/LOGOS_MRR_UNIDOS_2023_-4-67dbc823.png\",\"image_svg_color\":\"emphasis\",\"margin\":\"default\"}}]}]}]}],\"version\":\"4.5.24\"} --><\/p>\n","protected":false},"excerpt":{"rendered":"<p>NORMATIVA CDD GU\u00cdAS NORMATIVAS Y CONVOCATORIAS DE ACREDITACI\u00d3N ASISTENTE VIRTUAL FORMACI\u00d3N RFP Programa para la mejora de la competencia digital educativa, en el marco del componente 19 \u201cPlan Nacional de [&hellip;]<\/p>\n","protected":false},"author":10312,"featured_media":2324,"parent":0,"menu_order":1,"comment_status":"closed","ping_status":"closed","template":"","meta":{"_uag_custom_page_level_css":"","_editorskit_title_hidden":false,"_editorskit_reading_time":0,"_editorskit_is_block_options_detached":false,"_editorskit_block_options_position":"{}","footnotes":""},"class_list":["post-2723","page","type-page","status-publish","has-post-thumbnail","hentry"],"uagb_featured_image_src":{"full":["https:\/\/portaleseducativos.educarex.es\/formacion\/wp-content\/uploads\/sites\/269\/2023\/01\/campaaA2.png",0,0,false],"thumbnail":["https:\/\/portaleseducativos.educarex.es\/formacion\/wp-content\/uploads\/sites\/269\/2023\/01\/campaaA2.png",1,1,false],"medium":["https:\/\/portaleseducativos.educarex.es\/formacion\/wp-content\/uploads\/sites\/269\/2023\/01\/campaaA2.png",1,1,false],"medium_large":["https:\/\/portaleseducativos.educarex.es\/formacion\/wp-content\/uploads\/sites\/269\/2023\/01\/campaaA2.png",1,1,false],"large":["https:\/\/portaleseducativos.educarex.es\/formacion\/wp-content\/uploads\/sites\/269\/2023\/01\/campaaA2.png",1,1,false],"1536x1536":["https:\/\/portaleseducativos.educarex.es\/formacion\/wp-content\/uploads\/sites\/269\/2023\/01\/campaaA2.png",1,1,false],"2048x2048":["https:\/\/portaleseducativos.educarex.es\/formacion\/wp-content\/uploads\/sites\/269\/2023\/01\/campaaA2.png",1,1,false]},"uagb_author_info":{"display_name":"Javier Filoso","author_link":"https:\/\/portaleseducativos.educarex.es\/formacion\/author\/javierfiloso\/"},"uagb_comment_info":0,"uagb_excerpt":"NORMATIVA CDD GU\u00cdAS NORMATIVAS Y CONVOCATORIAS DE ACREDITACI\u00d3N ASISTENTE VIRTUAL FORMACI\u00d3N RFP Programa para la mejora de la competencia digital educativa, en el marco del componente 19 \u201cPlan Nacional de [&hellip;]","_links":{"self":[{"href":"https:\/\/portaleseducativos.educarex.es\/formacion\/wp-json\/wp\/v2\/pages\/2723","targetHints":{"allow":["GET"]}}],"collection":[{"href":"https:\/\/portaleseducativos.educarex.es\/formacion\/wp-json\/wp\/v2\/pages"}],"about":[{"href":"https:\/\/portaleseducativos.educarex.es\/formacion\/wp-json\/wp\/v2\/types\/page"}],"author":[{"embeddable":true,"href":"https:\/\/portaleseducativos.educarex.es\/formacion\/wp-json\/wp\/v2\/users\/10312"}],"replies":[{"embeddable":true,"href":"https:\/\/portaleseducativos.educarex.es\/formacion\/wp-json\/wp\/v2\/comments?post=2723"}],"version-history":[{"count":3,"href":"https:\/\/portaleseducativos.educarex.es\/formacion\/wp-json\/wp\/v2\/pages\/2723\/revisions"}],"predecessor-version":[{"id":3853,"href":"https:\/\/portaleseducativos.educarex.es\/formacion\/wp-json\/wp\/v2\/pages\/2723\/revisions\/3853"}],"wp:featuredmedia":[{"embeddable":true,"href":"https:\/\/portaleseducativos.educarex.es\/formacion\/wp-json\/wp\/v2\/media\/2324"}],"wp:attachment":[{"href":"https:\/\/portaleseducativos.educarex.es\/formacion\/wp-json\/wp\/v2\/media?parent=2723"}],"curies":[{"name":"wp","href":"https:\/\/api.w.org\/{rel}","templated":true}]}}