{"id":3312,"date":"2025-07-28T20:00:52","date_gmt":"2025-07-28T18:00:52","guid":{"rendered":"https:\/\/portaleseducativos.educarex.es\/formacion\/?page_id=3312"},"modified":"2025-08-21T09:11:37","modified_gmt":"2025-08-21T07:11:37","slug":"nodevades25","status":"publish","type":"page","link":"https:\/\/portaleseducativos.educarex.es\/formacion\/nodevades25\/","title":{"rendered":"Novedades25"},"content":{"rendered":"\n<p><\/p>\n\n\n\n\t\t\t<div class=\"wp-block-uagb-post-grid uagb-post-grid  uagb-post__image-position-top uagb-post__image-disabled uagb-block-95114fa4     uagb-post__items uagb-post__columns-2 is-grid uagb-post__columns-tablet-2 uagb-post__columns-mobile-1 uagb-post__equal-height\" data-total=\"14\" style=\"\">\n\n\t\t\t\t\t\t\t\t\t\t\t\t<article class=\"uagb-post__inner-wrap\">\t\t\t\t\t\t\t\t<h4 class=\"uagb-post__title uagb-post__text\">\n\t\t\t\t<a href=\"https:\/\/portaleseducativos.educarex.es\/formacion\/codigo-escuela-4-0-durante-el-curso-educativo-2025-2026-educacion-secundaria-obligatoria\/\" target=\"_self\" rel=\"bookmark noopener noreferrer\">\u00abC\u00f3digo Escuela 4.0\u00bb durante el curso educativo 2025\/2026, Educaci\u00f3n Secundaria Obligatoria.<\/a>\n\t\t\t<\/h4>\n\t\t\t\t\t\t<div class='uagb-post__text uagb-post-grid-byline'>\n\t\t\t\t\t\t\t\t<time datetime=\"2025-12-02T08:32:43+01:00\" class=\"uagb-post__date\">\n\t\t\t\t<span class=\"dashicons-calendar dashicons\"><\/span>\t\t\t\t\t2 de diciembre de 2025\t\t\t\t<\/time>\n\t\t\t\t\t\t<\/div>\n\t\t\t\t\t\t\t<div class='uagb-post__text uagb-post__excerpt'>\n\t\t\t\t\t<p>INSTRUCCI\u00d3N 35\/2025, de la Direcci\u00f3n General de Formaci\u00f3n Profesional,Innovaci\u00f3n e Inclusi\u00f3n Educativa, por la que&#8230;\t\t\t\t<\/div>\n\t\t\t\t\t\t<div class=\"uagb-post__text uagb-post__cta wp-block-button\">\n\t\t\t\t<a class=\"wp-block-button__link uagb-text-link\" style=\"\" href=\"https:\/\/portaleseducativos.educarex.es\/formacion\/codigo-escuela-4-0-durante-el-curso-educativo-2025-2026-educacion-secundaria-obligatoria\/\" target=\"_self\" rel=\"bookmark noopener noreferrer\">Leer m\u00e1s<\/a>\n\t\t\t<\/div>\n\t\t\t\n\t\t\t\t\t\t\t\t\t<\/article>\n\t\t\t\t\t\t\t\t\t\t\t\t\t\t\t\t<article class=\"uagb-post__inner-wrap\">\t\t\t\t\t\t\t\t<h4 class=\"uagb-post__title uagb-post__text\">\n\t\t\t\t<a href=\"https:\/\/portaleseducativos.educarex.es\/formacion\/digicraft-en-tu-cole-convocatoria-2025-2026\/\" target=\"_self\" rel=\"bookmark noopener noreferrer\">DigiCraft en tu Cole &#8211; Convocatoria 2025-2026<\/a>\n\t\t\t<\/h4>\n\t\t\t\t\t\t<div class='uagb-post__text uagb-post-grid-byline'>\n\t\t\t\t\t\t\t\t<time datetime=\"2025-09-15T21:20:02+02:00\" class=\"uagb-post__date\">\n\t\t\t\t<span class=\"dashicons-calendar dashicons\"><\/span>\t\t\t\t\t15 de septiembre de 2025\t\t\t\t<\/time>\n\t\t\t\t\t\t<\/div>\n\t\t\t\t\t\t\t<div class='uagb-post__text uagb-post__excerpt'>\n\t\t\t\t\t<p>Se publica la Convocatoria de&nbsp;DigiCraft en tu Cole &#8211; Convocatoria 2025-2026.&nbsp; TEXTO COMPLETO<\/p>\n\t\t\t\t<\/div>\n\t\t\t\t\t\t<div class=\"uagb-post__text uagb-post__cta wp-block-button\">\n\t\t\t\t<a class=\"wp-block-button__link uagb-text-link\" style=\"\" href=\"https:\/\/portaleseducativos.educarex.es\/formacion\/digicraft-en-tu-cole-convocatoria-2025-2026\/\" target=\"_self\" rel=\"bookmark noopener noreferrer\">Leer m\u00e1s<\/a>\n\t\t\t<\/div>\n\t\t\t\n\t\t\t\t\t\t\t\t\t<\/article>\n\t\t\t\t\t\t\t\t\t\t\t\t\t\t\t\t<article class=\"uagb-post__inner-wrap\">\t\t\t\t\t\t\t\t<h4 class=\"uagb-post__title uagb-post__text\">\n\t\t\t\t<a href=\"https:\/\/portaleseducativos.educarex.es\/formacion\/seleccion-de-centros-de-formacion-en-practicas-master\/\" target=\"_self\" rel=\"bookmark noopener noreferrer\">Selecci\u00f3n de centros de formaci\u00f3n en pr\u00e1cticas M\u00e1ster<\/a>\n\t\t\t<\/h4>\n\t\t\t\t\t\t<div class='uagb-post__text uagb-post-grid-byline'>\n\t\t\t\t\t\t\t\t<time datetime=\"2025-09-15T07:05:00+02:00\" class=\"uagb-post__date\">\n\t\t\t\t<span class=\"dashicons-calendar dashicons\"><\/span>\t\t\t\t\t15 de septiembre de 2025\t\t\t\t<\/time>\n\t\t\t\t\t\t<\/div>\n\t\t\t\t\t\t\t<div class='uagb-post__text uagb-post__excerpt'>\n\t\t\t\t\t<p>RESOLUCI\u00d3N de 4 de septiembre de 2025, de la Direcci\u00f3n General de Formaci\u00f3n Profesional, Innovaci\u00f3n&#8230;\t\t\t\t<\/div>\n\t\t\t\t\t\t<div class=\"uagb-post__text uagb-post__cta wp-block-button\">\n\t\t\t\t<a class=\"wp-block-button__link uagb-text-link\" style=\"\" href=\"https:\/\/portaleseducativos.educarex.es\/formacion\/seleccion-de-centros-de-formacion-en-practicas-master\/\" target=\"_self\" rel=\"bookmark noopener noreferrer\">Leer m\u00e1s<\/a>\n\t\t\t<\/div>\n\t\t\t\n\t\t\t\t\t\t\t\t\t<\/article>\n\t\t\t\t\t\t\t\t\t\t\t\t\t\t\t\t<article class=\"uagb-post__inner-wrap\">\t\t\t\t\t\t\t\t<h4 class=\"uagb-post__title uagb-post__text\">\n\t\t\t\t<a href=\"https:\/\/portaleseducativos.educarex.es\/formacion\/proyectos-de-innovacion-2025-2026\/\" target=\"_self\" rel=\"bookmark noopener noreferrer\">Proyectos de innovaci\u00f3n 2025\/2026<\/a>\n\t\t\t<\/h4>\n\t\t\t\t\t\t<div class='uagb-post__text uagb-post-grid-byline'>\n\t\t\t\t\t\t\t\t<time datetime=\"2025-09-12T07:26:39+02:00\" class=\"uagb-post__date\">\n\t\t\t\t<span class=\"dashicons-calendar dashicons\"><\/span>\t\t\t\t\t12 de septiembre de 2025\t\t\t\t<\/time>\n\t\t\t\t\t\t<\/div>\n\t\t\t\t\t\t\t<div class='uagb-post__text uagb-post__excerpt'>\n\t\t\t\t\t<p>RESOLUCI\u00d3N de 5 de septiembre de 2025, de la Direcci\u00f3n General de Formaci\u00f3n Profesional, Innovaci\u00f3n&#8230;\t\t\t\t<\/div>\n\t\t\t\t\t\t<div class=\"uagb-post__text uagb-post__cta wp-block-button\">\n\t\t\t\t<a class=\"wp-block-button__link uagb-text-link\" style=\"\" href=\"https:\/\/portaleseducativos.educarex.es\/formacion\/proyectos-de-innovacion-2025-2026\/\" target=\"_self\" rel=\"bookmark noopener noreferrer\">Leer m\u00e1s<\/a>\n\t\t\t<\/div>\n\t\t\t\n\t\t\t\t\t\t\t\t\t<\/article>\n\t\t\t\t\t\t\t\t\t\t\t\t\t\t\t\t<article class=\"uagb-post__inner-wrap\">\t\t\t\t\t\t\t\t<h4 class=\"uagb-post__title uagb-post__text\">\n\t\t\t\t<a href=\"https:\/\/portaleseducativos.educarex.es\/formacion\/redes-2025-2026\/\" target=\"_self\" rel=\"bookmark noopener noreferrer\">Redes 2025\/2026<\/a>\n\t\t\t<\/h4>\n\t\t\t\t\t\t<div class='uagb-post__text uagb-post-grid-byline'>\n\t\t\t\t\t\t\t\t<time datetime=\"2025-09-11T18:22:39+02:00\" class=\"uagb-post__date\">\n\t\t\t\t<span class=\"dashicons-calendar dashicons\"><\/span>\t\t\t\t\t11 de septiembre de 2025\t\t\t\t<\/time>\n\t\t\t\t\t\t<\/div>\n\t\t\t\t\t\t\t<div class='uagb-post__text uagb-post__excerpt'>\n\t\t\t\t\t<p>ORDEN de 27 de agosto de 2025 por la que se establece la convocatoria para&#8230;\t\t\t\t<\/div>\n\t\t\t\t\t\t<div class=\"uagb-post__text uagb-post__cta wp-block-button\">\n\t\t\t\t<a class=\"wp-block-button__link uagb-text-link\" style=\"\" href=\"https:\/\/portaleseducativos.educarex.es\/formacion\/redes-2025-2026\/\" target=\"_self\" rel=\"bookmark noopener noreferrer\">Leer m\u00e1s<\/a>\n\t\t\t<\/div>\n\t\t\t\n\t\t\t\t\t\t\t\t\t<\/article>\n\t\t\t\t\t\t\t\t\t\t\t\t\t\t\t\t<article class=\"uagb-post__inner-wrap\">\t\t\t\t\t\t\t\t<h4 class=\"uagb-post__title uagb-post__text\">\n\t\t\t\t<a href=\"https:\/\/portaleseducativos.educarex.es\/formacion\/proyectos-de-formacion-en-centros-2025\/\" target=\"_self\" rel=\"bookmark noopener noreferrer\">Proyectos de formaci\u00f3n en centros 2025<\/a>\n\t\t\t<\/h4>\n\t\t\t\t\t\t<div class='uagb-post__text uagb-post-grid-byline'>\n\t\t\t\t\t\t\t\t<time datetime=\"2025-09-03T07:14:57+02:00\" class=\"uagb-post__date\">\n\t\t\t\t<span class=\"dashicons-calendar dashicons\"><\/span>\t\t\t\t\t3 de septiembre de 2025\t\t\t\t<\/time>\n\t\t\t\t\t\t<\/div>\n\t\t\t\t\t\t\t<div class='uagb-post__text uagb-post__excerpt'>\n\t\t\t\t\t<p>Se publica la&nbsp;RESOLUCI\u00d3N de 26 de agosto de 2025, de la Direcci\u00f3n General de Formaci\u00f3n&#8230;\t\t\t\t<\/div>\n\t\t\t\t\t\t<div class=\"uagb-post__text uagb-post__cta wp-block-button\">\n\t\t\t\t<a class=\"wp-block-button__link uagb-text-link\" style=\"\" href=\"https:\/\/portaleseducativos.educarex.es\/formacion\/proyectos-de-formacion-en-centros-2025\/\" target=\"_self\" rel=\"bookmark noopener noreferrer\">Leer m\u00e1s<\/a>\n\t\t\t<\/div>\n\t\t\t\n\t\t\t\t\t\t\t\t\t<\/article>\n\t\t\t\t\t\t\t\t\t\t\t\t\t\t\t\t<article class=\"uagb-post__inner-wrap\">\t\t\t\t\t\t\t\t<h4 class=\"uagb-post__title uagb-post__text\">\n\t\t\t\t<a href=\"https:\/\/portaleseducativos.educarex.es\/formacion\/instruccion-23-2025-de-la-dgfpiie-acompanamiento-ce-4-0\/\" target=\"_self\" rel=\"bookmark noopener noreferrer\">Instrucci\u00f3n 23\/2025, de la DGFPIIE, acompa\u00f1amiento CE 4.0<\/a>\n\t\t\t<\/h4>\n\t\t\t\t\t\t<div class='uagb-post__text uagb-post-grid-byline'>\n\t\t\t\t\t\t\t\t<time datetime=\"2025-09-01T17:38:12+02:00\" class=\"uagb-post__date\">\n\t\t\t\t<span class=\"dashicons-calendar dashicons\"><\/span>\t\t\t\t\t1 de septiembre de 2025\t\t\t\t<\/time>\n\t\t\t\t\t\t<\/div>\n\t\t\t\t\t\t\t<div class='uagb-post__text uagb-post__excerpt'>\n\t\t\t\t\t<p>Se hace p\u00fablica la Instrucci\u00f3n 23\/2025, de la Direcci\u00f3n General de Formaci\u00f3n Profesional , Innovaci\u00f3n&#8230;\t\t\t\t<\/div>\n\t\t\t\t\t\t<div class=\"uagb-post__text uagb-post__cta wp-block-button\">\n\t\t\t\t<a class=\"wp-block-button__link uagb-text-link\" style=\"\" href=\"https:\/\/portaleseducativos.educarex.es\/formacion\/instruccion-23-2025-de-la-dgfpiie-acompanamiento-ce-4-0\/\" target=\"_self\" rel=\"bookmark noopener noreferrer\">Leer m\u00e1s<\/a>\n\t\t\t<\/div>\n\t\t\t\n\t\t\t\t\t\t\t\t\t<\/article>\n\t\t\t\t\t\t\t\t\t\t\t\t\t\t\t\t<article class=\"uagb-post__inner-wrap\">\t\t\t\t\t\t\t\t<h4 class=\"uagb-post__title uagb-post__text\">\n\t\t\t\t<a href=\"https:\/\/portaleseducativos.educarex.es\/formacion\/listados-edicion-i-formacion-cdd\/\" target=\"_self\" rel=\"bookmark noopener noreferrer\">Listados Edici\u00f3n I Formaci\u00f3n CDD<\/a>\n\t\t\t<\/h4>\n\t\t\t\t\t\t<div class='uagb-post__text uagb-post-grid-byline'>\n\t\t\t\t\t\t\t\t<time datetime=\"2025-09-01T17:34:42+02:00\" class=\"uagb-post__date\">\n\t\t\t\t<span class=\"dashicons-calendar dashicons\"><\/span>\t\t\t\t\t1 de septiembre de 2025\t\t\t\t<\/time>\n\t\t\t\t\t\t<\/div>\n\t\t\t\t\t\t\t<div class='uagb-post__text uagb-post__excerpt'>\n\t\t\t\t\t<p>Se publican los listados de admisi\u00f3n y exclusi\u00f3n de la Edici\u00f3n I de Formaci\u00f3n CDD&#8230;\t\t\t\t<\/div>\n\t\t\t\t\t\t<div class=\"uagb-post__text uagb-post__cta wp-block-button\">\n\t\t\t\t<a class=\"wp-block-button__link uagb-text-link\" style=\"\" href=\"https:\/\/portaleseducativos.educarex.es\/formacion\/listados-edicion-i-formacion-cdd\/\" target=\"_self\" rel=\"bookmark noopener noreferrer\">Leer m\u00e1s<\/a>\n\t\t\t<\/div>\n\t\t\t\n\t\t\t\t\t\t\t\t\t<\/article>\n\t\t\t\t\t\t\t\t\t\t\t\t\t\t\t\t<article class=\"uagb-post__inner-wrap\">\t\t\t\t\t\t\t\t<h4 class=\"uagb-post__title uagb-post__text\">\n\t\t\t\t<a href=\"https:\/\/portaleseducativos.educarex.es\/formacion\/resolucion-centros-de-practicas-grado-para-el-curso-2025-2026resolucion\/\" target=\"_self\" rel=\"bookmark noopener noreferrer\">Resoluci\u00f3n Centros de pr\u00e1cticas Grado para el curso 2025\/2026<\/a>\n\t\t\t<\/h4>\n\t\t\t\t\t\t<div class='uagb-post__text uagb-post-grid-byline'>\n\t\t\t\t\t\t\t\t<time datetime=\"2025-07-28T08:28:17+02:00\" class=\"uagb-post__date\">\n\t\t\t\t<span class=\"dashicons-calendar dashicons\"><\/span>\t\t\t\t\t28 de julio de 2025\t\t\t\t<\/time>\n\t\t\t\t\t\t<\/div>\n\t\t\t\t\t\t\t<div class='uagb-post__text uagb-post__excerpt'>\n\t\t\t\t\t<p>RESOLUCI\u00d3N de 21 de julio de 2025, de la Direcci\u00f3n General de Formaci\u00f3n Profesional, Innovaci\u00f3n&#8230;\t\t\t\t<\/div>\n\t\t\t\t\t\t<div class=\"uagb-post__text uagb-post__cta wp-block-button\">\n\t\t\t\t<a class=\"wp-block-button__link uagb-text-link\" style=\"\" href=\"https:\/\/portaleseducativos.educarex.es\/formacion\/resolucion-centros-de-practicas-grado-para-el-curso-2025-2026resolucion\/\" target=\"_self\" rel=\"bookmark noopener noreferrer\">Leer m\u00e1s<\/a>\n\t\t\t<\/div>\n\t\t\t\n\t\t\t\t\t\t\t\t\t<\/article>\n\t\t\t\t\t\t\t\t\t\t\t\t\t\t\t\t<article class=\"uagb-post__inner-wrap\">\t\t\t\t\t\t\t\t<h4 class=\"uagb-post__title uagb-post__text\">\n\t\t\t\t<a href=\"https:\/\/portaleseducativos.educarex.es\/formacion\/listado-definitivo-full-immersion-for-teachers-verano-2025\/\" target=\"_self\" rel=\"bookmark noopener noreferrer\">Listado definitivo. Full immersion for teachers. Verano 2025.<\/a>\n\t\t\t<\/h4>\n\t\t\t\t\t\t<div class='uagb-post__text uagb-post-grid-byline'>\n\t\t\t\t\t\t\t\t<time datetime=\"2025-07-09T07:28:22+02:00\" class=\"uagb-post__date\">\n\t\t\t\t<span class=\"dashicons-calendar dashicons\"><\/span>\t\t\t\t\t9 de julio de 2025\t\t\t\t<\/time>\n\t\t\t\t\t\t<\/div>\n\t\t\t\t\t\t\t<div class='uagb-post__text uagb-post__excerpt'>\n\t\t\t\t\t<p>En virtud del Convenio firmado entre la Consejer\u00eda de Educaci\u00f3n, Ciencia y Formaci\u00f3n Profesional y&#8230;\t\t\t\t<\/div>\n\t\t\t\t\t\t<div class=\"uagb-post__text uagb-post__cta wp-block-button\">\n\t\t\t\t<a class=\"wp-block-button__link uagb-text-link\" style=\"\" href=\"https:\/\/portaleseducativos.educarex.es\/formacion\/listado-definitivo-full-immersion-for-teachers-verano-2025\/\" target=\"_self\" rel=\"bookmark noopener noreferrer\">Leer m\u00e1s<\/a>\n\t\t\t<\/div>\n\t\t\t\n\t\t\t\t\t\t\t\t\t<\/article>\n\t\t\t\t\t\t\t\t\t\t\t\t\t\t\t\t<article class=\"uagb-post__inner-wrap\">\t\t\t\t\t\t\t\t<h4 class=\"uagb-post__title uagb-post__text\">\n\t\t\t\t<a href=\"https:\/\/portaleseducativos.educarex.es\/formacion\/14-seleccionados-provisionales-full-immersion-for-teachers-verano\/\" target=\"_self\" rel=\"bookmark noopener noreferrer\">14 seleccionados provisionales. Full immersion for teachers verano.<\/a>\n\t\t\t<\/h4>\n\t\t\t\t\t\t<div class='uagb-post__text uagb-post-grid-byline'>\n\t\t\t\t\t\t\t\t<time datetime=\"2025-07-04T12:49:20+02:00\" class=\"uagb-post__date\">\n\t\t\t\t<span class=\"dashicons-calendar dashicons\"><\/span>\t\t\t\t\t4 de julio de 2025\t\t\t\t<\/time>\n\t\t\t\t\t\t<\/div>\n\t\t\t\t\t\t\t<div class='uagb-post__text uagb-post__excerpt'>\n\t\t\t\t\t<p>En virtud del Convenio firmado entre la Consejer\u00eda de Educaci\u00f3n, Ciencia y Formaci\u00f3n Profesional y&#8230;\t\t\t\t<\/div>\n\t\t\t\t\t\t<div class=\"uagb-post__text uagb-post__cta wp-block-button\">\n\t\t\t\t<a class=\"wp-block-button__link uagb-text-link\" style=\"\" href=\"https:\/\/portaleseducativos.educarex.es\/formacion\/14-seleccionados-provisionales-full-immersion-for-teachers-verano\/\" target=\"_self\" rel=\"bookmark noopener noreferrer\">Leer m\u00e1s<\/a>\n\t\t\t<\/div>\n\t\t\t\n\t\t\t\t\t\t\t\t\t<\/article>\n\t\t\t\t\t\t\t\t\t\t\t\t\t\t\t\t<article class=\"uagb-post__inner-wrap\">\t\t\t\t\t\t\t\t<h4 class=\"uagb-post__title uagb-post__text\">\n\t\t\t\t<a href=\"https:\/\/portaleseducativos.educarex.es\/formacion\/materiales-educativos-para-cursos-de-formacion-a-distancia-en-formato-digital\/\" target=\"_self\" rel=\"bookmark noopener noreferrer\">Materiales educativos para cursos de formaci\u00f3n a distancia en formato digital<\/a>\n\t\t\t<\/h4>\n\t\t\t\t\t\t<div class='uagb-post__text uagb-post-grid-byline'>\n\t\t\t\t\t\t\t\t<time datetime=\"2025-07-04T11:53:35+02:00\" class=\"uagb-post__date\">\n\t\t\t\t<span class=\"dashicons-calendar dashicons\"><\/span>\t\t\t\t\t4 de julio de 2025\t\t\t\t<\/time>\n\t\t\t\t\t\t<\/div>\n\t\t\t\t\t\t\t<div class='uagb-post__text uagb-post__excerpt'>\n\t\t\t\t\t<p>Se publica la Instrucci\u00f3n 13\/2025, de la Direcci\u00f3n General de Formaci\u00f3n Profesional, Innovaci\u00f3n e Inclusi\u00f3n&#8230;\t\t\t\t<\/div>\n\t\t\t\t\t\t<div class=\"uagb-post__text uagb-post__cta wp-block-button\">\n\t\t\t\t<a class=\"wp-block-button__link uagb-text-link\" style=\"\" href=\"https:\/\/portaleseducativos.educarex.es\/formacion\/materiales-educativos-para-cursos-de-formacion-a-distancia-en-formato-digital\/\" target=\"_self\" rel=\"bookmark noopener noreferrer\">Leer m\u00e1s<\/a>\n\t\t\t<\/div>\n\t\t\t\n\t\t\t\t\t\t\t\t\t<\/article>\n\t\t\t\t\t\t\t\t\t\t\t\t\t\t\t\t<article class=\"uagb-post__inner-wrap\">\t\t\t\t\t\t\t\t<h4 class=\"uagb-post__title uagb-post__text\">\n\t\t\t\t<a href=\"https:\/\/portaleseducativos.educarex.es\/formacion\/proyectos-de-innovacion-24-25-listado-con-derecho-a-certificacion\/\" target=\"_self\" rel=\"bookmark noopener noreferrer\">Proyectos de innovaci\u00f3n 24\/25. Listado con derecho a certificaci\u00f3n.<\/a>\n\t\t\t<\/h4>\n\t\t\t\t\t\t<div class='uagb-post__text uagb-post-grid-byline'>\n\t\t\t\t\t\t\t\t<time datetime=\"2025-07-04T11:52:51+02:00\" class=\"uagb-post__date\">\n\t\t\t\t<span class=\"dashicons-calendar dashicons\"><\/span>\t\t\t\t\t4 de julio de 2025\t\t\t\t<\/time>\n\t\t\t\t\t\t<\/div>\n\t\t\t\t\t\t\t<div class='uagb-post__text uagb-post__excerpt'>\n\t\t\t\t\t<p>Tras la comisi\u00f3n de selecci\u00f3n y valoraci\u00f3n celebrada el d\u00eda 27 de junio de 2025,&#8230;\t\t\t\t<\/div>\n\t\t\t\t\t\t<div class=\"uagb-post__text uagb-post__cta wp-block-button\">\n\t\t\t\t<a class=\"wp-block-button__link uagb-text-link\" style=\"\" href=\"https:\/\/portaleseducativos.educarex.es\/formacion\/proyectos-de-innovacion-24-25-listado-con-derecho-a-certificacion\/\" target=\"_self\" rel=\"bookmark noopener noreferrer\">Leer m\u00e1s<\/a>\n\t\t\t<\/div>\n\t\t\t\n\t\t\t\t\t\t\t\t\t<\/article>\n\t\t\t\t\t\t\t\t\t\t\t\t\t\t\t\t<article class=\"uagb-post__inner-wrap\">\t\t\t\t\t\t\t\t<h4 class=\"uagb-post__title uagb-post__text\">\n\t\t\t\t<a href=\"https:\/\/portaleseducativos.educarex.es\/formacion\/listados-provisionales-full-immersion-for-teachers-verano-junio-2025\/\" target=\"_self\" rel=\"bookmark noopener noreferrer\">Listados provisionales. Full immersion for teachers verano. Junio 2025.<\/a>\n\t\t\t<\/h4>\n\t\t\t\t\t\t<div class='uagb-post__text uagb-post-grid-byline'>\n\t\t\t\t\t\t\t\t<time datetime=\"2025-07-04T11:51:51+02:00\" class=\"uagb-post__date\">\n\t\t\t\t<span class=\"dashicons-calendar dashicons\"><\/span>\t\t\t\t\t4 de julio de 2025\t\t\t\t<\/time>\n\t\t\t\t\t\t<\/div>\n\t\t\t\t\t\t\t<div class='uagb-post__text uagb-post__excerpt'>\n\t\t\t\t\t<p>En virtud del Convenio firmado entre la Consejer\u00eda de Educaci\u00f3n, Ciencia y Formaci\u00f3n Profesional y&#8230;\t\t\t\t<\/div>\n\t\t\t\t\t\t<div class=\"uagb-post__text uagb-post__cta wp-block-button\">\n\t\t\t\t<a class=\"wp-block-button__link uagb-text-link\" style=\"\" href=\"https:\/\/portaleseducativos.educarex.es\/formacion\/listados-provisionales-full-immersion-for-teachers-verano-junio-2025\/\" target=\"_self\" rel=\"bookmark noopener noreferrer\">Leer m\u00e1s<\/a>\n\t\t\t<\/div>\n\t\t\t\n\t\t\t\t\t\t\t\t\t<\/article>\n\t\t\t\t\t\t\t\t\t\t\t\t\t\t\t\t<article class=\"uagb-post__inner-wrap\">\t\t\t\t\t\t\t\t<h4 class=\"uagb-post__title uagb-post__text\">\n\t\t\t\t<a href=\"https:\/\/portaleseducativos.educarex.es\/formacion\/ayudas-para-la-participacion-en-actividades-de-formacion-del-profesorado-2025\/\" target=\"_self\" rel=\"bookmark noopener noreferrer\">Ayudas para la participaci\u00f3n en actividades de formaci\u00f3n del profesorado 2025<\/a>\n\t\t\t<\/h4>\n\t\t\t\t\t\t<div class='uagb-post__text uagb-post-grid-byline'>\n\t\t\t\t\t\t\t\t<time datetime=\"2025-07-04T11:49:53+02:00\" class=\"uagb-post__date\">\n\t\t\t\t<span class=\"dashicons-calendar dashicons\"><\/span>\t\t\t\t\t4 de julio de 2025\t\t\t\t<\/time>\n\t\t\t\t\t\t<\/div>\n\t\t\t\t\t\t\t<div class='uagb-post__text uagb-post__excerpt'>\n\t\t\t\t\t<p>Ayudas para la participaci\u00f3n en actividades de Formaci\u00f3n del Profesorado 1. La finalidad de estas&#8230;\t\t\t\t<\/div>\n\t\t\t\t\t\t<div class=\"uagb-post__text uagb-post__cta wp-block-button\">\n\t\t\t\t<a class=\"wp-block-button__link uagb-text-link\" style=\"\" href=\"https:\/\/portaleseducativos.educarex.es\/formacion\/ayudas-para-la-participacion-en-actividades-de-formacion-del-profesorado-2025\/\" target=\"_self\" rel=\"bookmark noopener noreferrer\">Leer m\u00e1s<\/a>\n\t\t\t<\/div>\n\t\t\t\n\t\t\t\t\t\t\t\t\t<\/article>\n\t\t\t\t\t\t\t\t\t\t\t<\/div>\n\t\t\t","protected":false},"excerpt":{"rendered":"","protected":false},"author":10173,"featured_media":3096,"parent":0,"menu_order":0,"comment_status":"closed","ping_status":"closed","template":"","meta":{"_uag_custom_page_level_css":"","_editorskit_title_hidden":true,"_editorskit_reading_time":0,"_editorskit_is_block_options_detached":false,"_editorskit_block_options_position":"{}","footnotes":""},"class_list":["post-3312","page","type-page","status-publish","has-post-thumbnail","hentry"],"uagb_featured_image_src":{"full":["https:\/\/portaleseducativos.educarex.es\/formacion\/wp-content\/uploads\/sites\/269\/2025\/06\/1196x291_icono_5-1.png",1197,291,false],"thumbnail":["https:\/\/portaleseducativos.educarex.es\/formacion\/wp-content\/uploads\/sites\/269\/2025\/06\/1196x291_icono_5-1-300x291.png",300,291,true],"medium":["https:\/\/portaleseducativos.educarex.es\/formacion\/wp-content\/uploads\/sites\/269\/2025\/06\/1196x291_icono_5-1-600x146.png",600,146,true],"medium_large":["https:\/\/portaleseducativos.educarex.es\/formacion\/wp-content\/uploads\/sites\/269\/2025\/06\/1196x291_icono_5-1-768x187.png",768,187,true],"large":["https:\/\/portaleseducativos.educarex.es\/formacion\/wp-content\/uploads\/sites\/269\/2025\/06\/1196x291_icono_5-1.png",1197,291,false],"1536x1536":["https:\/\/portaleseducativos.educarex.es\/formacion\/wp-content\/uploads\/sites\/269\/2025\/06\/1196x291_icono_5-1.png",1197,291,false],"2048x2048":["https:\/\/portaleseducativos.educarex.es\/formacion\/wp-content\/uploads\/sites\/269\/2025\/06\/1196x291_icono_5-1.png",1197,291,false]},"uagb_author_info":{"display_name":"formacionatd5","author_link":"https:\/\/portaleseducativos.educarex.es\/formacion\/author\/formacion\/"},"uagb_comment_info":0,"uagb_excerpt":null,"_links":{"self":[{"href":"https:\/\/portaleseducativos.educarex.es\/formacion\/wp-json\/wp\/v2\/pages\/3312","targetHints":{"allow":["GET"]}}],"collection":[{"href":"https:\/\/portaleseducativos.educarex.es\/formacion\/wp-json\/wp\/v2\/pages"}],"about":[{"href":"https:\/\/portaleseducativos.educarex.es\/formacion\/wp-json\/wp\/v2\/types\/page"}],"author":[{"embeddable":true,"href":"https:\/\/portaleseducativos.educarex.es\/formacion\/wp-json\/wp\/v2\/users\/10173"}],"replies":[{"embeddable":true,"href":"https:\/\/portaleseducativos.educarex.es\/formacion\/wp-json\/wp\/v2\/comments?post=3312"}],"version-history":[{"count":4,"href":"https:\/\/portaleseducativos.educarex.es\/formacion\/wp-json\/wp\/v2\/pages\/3312\/revisions"}],"predecessor-version":[{"id":4074,"href":"https:\/\/portaleseducativos.educarex.es\/formacion\/wp-json\/wp\/v2\/pages\/3312\/revisions\/4074"}],"wp:featuredmedia":[{"embeddable":true,"href":"https:\/\/portaleseducativos.educarex.es\/formacion\/wp-json\/wp\/v2\/media\/3096"}],"wp:attachment":[{"href":"https:\/\/portaleseducativos.educarex.es\/formacion\/wp-json\/wp\/v2\/media?parent=3312"}],"curies":[{"name":"wp","href":"https:\/\/api.w.org\/{rel}","templated":true}]}}