{"id":4001,"date":"2025-08-23T09:44:30","date_gmt":"2025-08-23T07:44:30","guid":{"rendered":"https:\/\/portaleseducativos.educarex.es\/formacion\/?page_id=4001"},"modified":"2025-08-24T10:26:19","modified_gmt":"2025-08-24T08:26:19","slug":"igualdad","status":"publish","type":"page","link":"https:\/\/portaleseducativos.educarex.es\/formacion\/igualdad\/","title":{"rendered":"IGUALDAD"},"content":{"rendered":"<ul>\n<li>\n        <a href=\"https:\/\/portaleseducativos.educarex.es\/formacion\/formaciondistanciasite\/\">FORMACI\u00d3N A DISTANCIA<\/a>\n    <\/li>\n<li>\n        <a href=\"https:\/\/portaleseducativos.educarex.es\/formacion\/formaciongrupossite\/\">G.TRABAJO Y SEMINARIOS<\/a>\n    <\/li>\n<li>\n        <a href=\"https:\/\/portaleseducativos.educarex.es\/formacion\/formacionfdirectivasite\/\">FUNCI\u00d3N DIRECTIVA<\/a>\n    <\/li>\n<li>\n        <a href=\"\">IGUALDAD<\/a>\n    <\/li>\n<li>\n        <a href=\"https:\/\/portaleseducativos.educarex.es\/formacion\/gradoymastersite\/\">GRADO Y M\u00c1STER<\/a>\n    <\/li>\n<li>\n        <a href=\"https:\/\/portaleseducativos.educarex.es\/formacion\/ayudasindividualizadassite\/\">AYUDAS<\/a>\n    <\/li>\n<li>\n        <a href=\"https:\/\/portaleseducativos.educarex.es\/formacion\/estanciasformativassite\/\">ESTANCIAS FORMATIVAS EN EMPRESAS<\/a>\n    <\/li>\n<li>\n        <a href=\"https:\/\/portaleseducativos.educarex.es\/formacion\/formacionpformacionsite\/\">PFC<\/a>\n    <\/li>\n<li>\n        <a href=\"https:\/\/portaleseducativos.educarex.es\/formacion\/seleccion-materiales23\/\">MATERIALES DIGITALES<\/a>\n    <\/li>\n<li>\n        <a href=\"https:\/\/portaleseducativos.educarex.es\/formacion\/convenios\/\">CONVENIOS<\/a>\n    <\/li>\n<\/ul>\n<p><img decoding=\"async\" src=\"\/formacion\/wp-content\/uploads\/sites\/269\/2025\/08\/portadaunalinea2-42ded9b8.jpeg\" alt=\"\"><\/p>\n<div>\n<p data-start=\"83\" data-end=\"792\">La igualdad constituye un pilar fundamental en la educaci\u00f3n y un compromiso irrenunciable para todo el profesorado. Promover entornos inclusivos y libres de discriminaci\u00f3n no solo responde a un deber \u00e9tico, sino tambi\u00e9n a una obligaci\u00f3n legal recogida en nuestro marco normativo. La <strong data-start=\"366\" data-end=\"453\">Ley Org\u00e1nica 3\/2007, de 22 de marzo, para la igualdad efectiva de mujeres y hombres<\/strong>, establece medidas para garantizar la no discriminaci\u00f3n por raz\u00f3n de sexo en todos los \u00e1mbitos, incluida la educaci\u00f3n. Asimismo, la <strong data-start=\"586\" data-end=\"669\">Ley Org\u00e1nica 2\/2006, de 3 de mayo, de Educaci\u00f3n (LOE), modificada por la LOMLOE<\/strong>, integra entre sus principios la equidad y la igualdad de oportunidades como elementos esenciales del sistema educativo.<\/p>\n<p data-start=\"794\" data-end=\"1099\">En el contexto de la formaci\u00f3n docente, abordar la igualdad implica dotar al profesorado de herramientas conceptuales y pr\u00e1cticas que les permitan identificar desigualdades, prevenir situaciones discriminatorias y fomentar una cultura de respeto y justicia social en el aula y en la comunidad educativa.<\/p>\n<\/div>\n<div>\n<p>En la<strong><a href=\"https:\/\/portaleseducativos.educarex.es\/formacion\/wp-content\/uploads\/sites\/269\/2025\/08\/Instrucciones_inicio_curso_25_26F.pdf\"> Instrucci\u00f3n 14\/2025,\u00a0 de inicio de curso 2025\/2026 de 19 de junio, de la SGEFP,<\/a> <\/strong>se establece que <em>2. Dentro de la supervisi\u00f3n de la Programaci\u00f3n General Anual que la Inspecci\u00f3n de Educaci\u00f3n realiza al inicio de cada curso acad\u00e9mico, comprobar la incorporaci\u00f3n en la misma del Plan para la Igualdad de G\u00e9nero de cada centro y analizar su adecuaci\u00f3n a lo previsto en la citada Instrucci\u00f3n (Instrucci\u00f3n 4\/2021. ) en cumplimiento de lo establecido en el art\u00edculo 182 de la LEEX.<\/em> Para ayudar al profesorado ofrecemos el Portal de Igualdad con\u00a0 documentos de ayuda, recursos y formaci\u00f3n para la elaboraci\u00f3n del Plan de Igualdad. Disponible haciendo clic en la siguiente imagen.<\/p>\n<\/div>\n<p><a href=\"https:\/\/plandeigualdad.educarex.es\/\"><img decoding=\"async\" src=\"\/formacion\/wp-content\/uploads\/sites\/269\/2025\/08\/Captura-de-pantalla-2025-08-23-a-las-9.56.35.png\" alt=\"\"><\/a><\/p>\n<hr>\n<p><p>\n        <a href=\"https:\/\/rfp.educarex.es\/\">Consulta tu historial formativo<\/a>\n    <\/p>\n<\/p>\n<p><p>\n        <a href=\"https:\/\/rfp.educarex.es\/planformacion\">Buscar actividades<\/a>\n    <\/p>\n<\/p>\n<p><!--more--><br \/>\n<!-- {\"type\":\"layout\",\"children\":[{\"type\":\"section\",\"props\":{\"height\":\"pixels\",\"height_viewport\":350,\"image\":\"wp-content\\\/uploads\\\/sites\\\/269\\\/2025\\\/06\\\/1196x291_banner_Plan_de_igualdad-1.png\",\"image_position\":\"center-center\",\"style\":\"default\",\"text_color\":\"light\",\"title_breakpoint\":\"xl\",\"title_position\":\"top-left\",\"title_rotation\":\"left\",\"vertical_align\":\"middle\",\"width\":\"large\"},\"children\":[{\"type\":\"row\",\"children\":[{\"type\":\"column\",\"props\":{\"image_position\":\"center-center\",\"position_sticky_breakpoint\":\"m\"}}]}]},{\"type\":\"section\",\"props\":{\"image_position\":\"center-center\",\"style\":\"default\",\"title_breakpoint\":\"xl\",\"title_position\":\"top-left\",\"title_rotation\":\"left\",\"vertical_align\":\"middle\",\"width\":\"default\"},\"children\":[{\"type\":\"row\",\"children\":[{\"type\":\"column\",\"props\":{\"image_position\":\"center-center\",\"position_sticky_breakpoint\":\"m\"},\"children\":[{\"type\":\"subnav\",\"props\":{\"subnav_style\":\"divider\",\"text_align\":\"center\"},\"children\":[{\"type\":\"subnav_item\",\"props\":{\"content\":\"FORMACI\\u00d3N A DISTANCIA\",\"link\":\"https:\\\/\\\/portaleseducativos.educarex.es\\\/formacion\\\/formaciondistanciasite\\\/\",\"link_target\":true}},{\"type\":\"subnav_item\",\"props\":{\"content\":\"G.TRABAJO Y SEMINARIOS\",\"link\":\"https:\\\/\\\/portaleseducativos.educarex.es\\\/formacion\\\/formaciongrupossite\\\/\",\"link_target\":true}},{\"type\":\"subnav_item\",\"props\":{\"content\":\"FUNCI\\u00d3N DIRECTIVA\",\"link\":\"https:\\\/\\\/portaleseducativos.educarex.es\\\/formacion\\\/formacionfdirectivasite\\\/\",\"link_target\":true}},{\"type\":\"subnav_item\",\"props\":{\"content\":\"IGUALDAD\"}},{\"type\":\"subnav_item\",\"props\":{\"content\":\"GRADO Y M\\u00c1STER\",\"link\":\"https:\\\/\\\/portaleseducativos.educarex.es\\\/formacion\\\/gradoymastersite\\\/\",\"link_target\":true}},{\"type\":\"subnav_item\",\"props\":{\"content\":\"AYUDAS\",\"link\":\"https:\\\/\\\/portaleseducativos.educarex.es\\\/formacion\\\/ayudasindividualizadassite\\\/\",\"link_target\":true}},{\"type\":\"subnav_item\",\"props\":{\"content\":\"ESTANCIAS FORMATIVAS EN EMPRESAS\",\"link\":\"https:\\\/\\\/portaleseducativos.educarex.es\\\/formacion\\\/estanciasformativassite\\\/\",\"link_target\":true}},{\"type\":\"subnav_item\",\"props\":{\"content\":\"PFC\",\"link\":\"https:\\\/\\\/portaleseducativos.educarex.es\\\/formacion\\\/formacionpformacionsite\\\/\",\"link_target\":true}},{\"type\":\"subnav_item\",\"props\":{\"content\":\"MATERIALES DIGITALES\",\"link\":\"https:\\\/\\\/portaleseducativos.educarex.es\\\/formacion\\\/seleccion-materiales23\\\/\",\"link_target\":true}},{\"type\":\"subnav_item\",\"props\":{\"content\":\"CONVENIOS\",\"link\":\"https:\\\/\\\/portaleseducativos.educarex.es\\\/formacion\\\/convenios\\\/\",\"link_target\":true}}]}]}]}]},{\"type\":\"section\",\"props\":{\"image_position\":\"center-center\",\"style\":\"default\",\"title_breakpoint\":\"xl\",\"title_position\":\"top-left\",\"title_rotation\":\"left\",\"vertical_align\":\"middle\",\"width\":\"default\"},\"children\":[{\"type\":\"row\",\"props\":{\"layout\":\"1-2,1-2\"},\"children\":[{\"type\":\"column\",\"props\":{\"image_position\":\"center-center\",\"position_sticky_breakpoint\":\"m\",\"width_medium\":\"1-2\"},\"children\":[{\"type\":\"image\",\"props\":{\"image\":\"wp-content\\\/uploads\\\/sites\\\/269\\\/2025\\\/08\\\/portadaunalinea2-42ded9b8.jpeg\",\"image_border\":\"rounded\",\"image_box_shadow\":\"large\",\"image_svg_color\":\"emphasis\",\"margin\":\"default\",\"text_align\":\"center\"}}]},{\"type\":\"column\",\"props\":{\"image_position\":\"center-center\",\"position_sticky_breakpoint\":\"m\",\"width_medium\":\"1-2\"},\"children\":[{\"type\":\"text\",\"props\":{\"column_breakpoint\":\"m\",\"content\":\"\n\n<p data-start=\\\"83\\\" data-end=\\\"792\\\">La igualdad constituye un pilar fundamental en la educaci\\u00f3n y un compromiso irrenunciable para todo el profesorado. Promover entornos inclusivos y libres de discriminaci\\u00f3n no solo responde a un deber \\u00e9tico, sino tambi\\u00e9n a una obligaci\\u00f3n legal recogida en nuestro marco normativo. La <strong data-start=\\\"366\\\" data-end=\\\"453\\\">Ley Org\\u00e1nica 3\\\/2007, de 22 de marzo, para la igualdad efectiva de mujeres y hombres<\\\/strong>, establece medidas para garantizar la no discriminaci\\u00f3n por raz\\u00f3n de sexo en todos los \\u00e1mbitos, incluida la educaci\\u00f3n. Asimismo, la <strong data-start=\\\"586\\\" data-end=\\\"669\\\">Ley Org\\u00e1nica 2\\\/2006, de 3 de mayo, de Educaci\\u00f3n (LOE), modificada por la LOMLOE<\\\/strong>, integra entre sus principios la equidad y la igualdad de oportunidades como elementos esenciales del sistema educativo.<\\\/p>\\n\n\n<p data-start=\\\"794\\\" data-end=\\\"1099\\\">En el contexto de la formaci\\u00f3n docente, abordar la igualdad implica dotar al profesorado de herramientas conceptuales y pr\\u00e1cticas que les permitan identificar desigualdades, prevenir situaciones discriminatorias y fomentar una cultura de respeto y justicia social en el aula y en la comunidad educativa.<\\\/p>\",\"margin\":\"default\",\"text_align\":\"justify\"}}]}]}]},{\"type\":\"section\",\"props\":{\"image_position\":\"center-center\",\"style\":\"default\",\"title_breakpoint\":\"xl\",\"title_position\":\"top-left\",\"title_rotation\":\"left\",\"vertical_align\":\"middle\",\"width\":\"default\"},\"children\":[{\"type\":\"row\",\"children\":[{\"type\":\"column\",\"props\":{\"image_position\":\"center-center\",\"position_sticky_breakpoint\":\"m\"},\"children\":[{\"type\":\"text\",\"props\":{\"column_breakpoint\":\"m\",\"content\":\"\n\n<p>En la<strong><a href=\\\"https:\\\/\\\/portaleseducativos.educarex.es\\\/formacion\\\/wp-content\\\/uploads\\\/sites\\\/269\\\/2025\\\/08\\\/Instrucciones_inicio_curso_25_26F.pdf\\\"> Instrucci\\u00f3n 14\\\/2025,\\u00a0 de inicio de curso 2025\\\/2026 de 19 de junio, de la SGEFP,<\\\/a> <\\\/strong>se establece que <em>2. Dentro de la supervisi\\u00f3n de la Programaci\\u00f3n General Anual que la Inspecci\\u00f3n de Educaci\\u00f3n realiza al inicio de cada curso acad\\u00e9mico, comprobar la incorporaci\\u00f3n en la misma del Plan para la Igualdad de G\\u00e9nero de cada centro y analizar su adecuaci\\u00f3n a lo previsto en la citada Instrucci\\u00f3n (Instrucci\\u00f3n 4\\\/2021. ) en cumplimiento de lo establecido en el art\\u00edculo 182 de la LEEX.<\\\/em> Para ayudar al profesorado ofrecemos el Portal de Igualdad con\\u00a0 documentos de ayuda, recursos y formaci\\u00f3n para la elaboraci\\u00f3n del Plan de Igualdad. Disponible haciendo clic en la siguiente imagen.<\\\/p>\",\"margin\":\"default\",\"text_align\":\"justify\"}},{\"type\":\"image\",\"props\":{\"image\":\"wp-content\\\/uploads\\\/sites\\\/269\\\/2025\\\/08\\\/Captura-de-pantalla-2025-08-23-a-las-9.56.35.png\",\"image_svg_color\":\"emphasis\",\"link\":\"https:\\\/\\\/plandeigualdad.educarex.es\\\/\",\"margin\":\"default\",\"text_align\":\"center\"}}]}]}]},{\"type\":\"section\",\"props\":{\"image_position\":\"center-center\",\"style\":\"default\",\"title_breakpoint\":\"xl\",\"title_position\":\"top-left\",\"title_rotation\":\"left\",\"vertical_align\":\"middle\",\"width\":\"default\"},\"children\":[{\"type\":\"row\",\"children\":[{\"type\":\"column\",\"props\":{\"image_position\":\"center-center\",\"position_sticky_breakpoint\":\"m\"},\"children\":[{\"type\":\"divider\",\"props\":{\"divider_element\":\"hr\"}}]}]},{\"type\":\"row\",\"props\":{\"layout\":\"1-2,1-2\"},\"children\":[{\"type\":\"column\",\"props\":{\"image_position\":\"center-center\",\"position_sticky_breakpoint\":\"m\",\"width_medium\":\"1-2\"},\"children\":[{\"type\":\"button\",\"props\":{\"grid_column_gap\":\"small\",\"grid_row_gap\":\"small\",\"margin\":\"default\",\"text_align\":\"center\"},\"children\":[{\"type\":\"button_item\",\"props\":{\"button_style\":\"default\",\"content\":\"Consulta tu historial formativo\",\"dialog_layout\":\"modal\",\"dialog_offcanvas_flip\":true,\"icon_align\":\"left\",\"link\":\"https:\\\/\\\/rfp.educarex.es\\\/\"}}]}]},{\"type\":\"column\",\"props\":{\"image_position\":\"center-center\",\"position_sticky_breakpoint\":\"m\",\"width_medium\":\"1-2\"},\"children\":[{\"type\":\"button\",\"props\":{\"grid_column_gap\":\"small\",\"grid_row_gap\":\"small\",\"margin\":\"default\",\"text_align\":\"center\"},\"children\":[{\"type\":\"button_item\",\"props\":{\"button_style\":\"default\",\"content\":\"Buscar actividades\",\"dialog_layout\":\"modal\",\"dialog_offcanvas_flip\":true,\"icon_align\":\"left\",\"link\":\"https:\\\/\\\/rfp.educarex.es\\\/planformacion\"}}]}]}]}]}],\"version\":\"4.5.24\"} --><\/p>\n","protected":false},"excerpt":{"rendered":"<p>FORMACI\u00d3N A DISTANCIA G.TRABAJO Y SEMINARIOS FUNCI\u00d3N DIRECTIVA IGUALDAD GRADO Y M\u00c1STER AYUDAS ESTANCIAS FORMATIVAS EN EMPRESAS PFC MATERIALES DIGITALES CONVENIOS La igualdad constituye un pilar fundamental en la educaci\u00f3n [&hellip;]<\/p>\n","protected":false},"author":10173,"featured_media":0,"parent":0,"menu_order":0,"comment_status":"closed","ping_status":"closed","template":"","meta":{"_uag_custom_page_level_css":"","_editorskit_title_hidden":false,"_editorskit_reading_time":0,"_editorskit_is_block_options_detached":false,"_editorskit_block_options_position":"{}","footnotes":""},"class_list":["post-4001","page","type-page","status-publish","hentry"],"uagb_featured_image_src":{"full":false,"thumbnail":false,"medium":false,"medium_large":false,"large":false,"1536x1536":false,"2048x2048":false},"uagb_author_info":{"display_name":"formacionatd5","author_link":"https:\/\/portaleseducativos.educarex.es\/formacion\/author\/formacion\/"},"uagb_comment_info":0,"uagb_excerpt":"FORMACI\u00d3N A DISTANCIA G.TRABAJO Y SEMINARIOS FUNCI\u00d3N DIRECTIVA IGUALDAD GRADO Y M\u00c1STER AYUDAS ESTANCIAS FORMATIVAS EN EMPRESAS PFC MATERIALES DIGITALES CONVENIOS La igualdad constituye un pilar fundamental en la educaci\u00f3n [&hellip;]","_links":{"self":[{"href":"https:\/\/portaleseducativos.educarex.es\/formacion\/wp-json\/wp\/v2\/pages\/4001","targetHints":{"allow":["GET"]}}],"collection":[{"href":"https:\/\/portaleseducativos.educarex.es\/formacion\/wp-json\/wp\/v2\/pages"}],"about":[{"href":"https:\/\/portaleseducativos.educarex.es\/formacion\/wp-json\/wp\/v2\/types\/page"}],"author":[{"embeddable":true,"href":"https:\/\/portaleseducativos.educarex.es\/formacion\/wp-json\/wp\/v2\/users\/10173"}],"replies":[{"embeddable":true,"href":"https:\/\/portaleseducativos.educarex.es\/formacion\/wp-json\/wp\/v2\/comments?post=4001"}],"version-history":[{"count":3,"href":"https:\/\/portaleseducativos.educarex.es\/formacion\/wp-json\/wp\/v2\/pages\/4001\/revisions"}],"predecessor-version":[{"id":4033,"href":"https:\/\/portaleseducativos.educarex.es\/formacion\/wp-json\/wp\/v2\/pages\/4001\/revisions\/4033"}],"wp:attachment":[{"href":"https:\/\/portaleseducativos.educarex.es\/formacion\/wp-json\/wp\/v2\/media?parent=4001"}],"curies":[{"name":"wp","href":"https:\/\/api.w.org\/{rel}","templated":true}]}}