{"id":259,"date":"2023-02-22T12:04:07","date_gmt":"2023-02-22T11:04:07","guid":{"rendered":"https:\/\/portaleseducativos.educarex.es\/formacion10\/?page_id=259"},"modified":"2023-03-28T20:43:47","modified_gmt":"2023-03-28T18:43:47","slug":"abies","status":"publish","type":"page","link":"https:\/\/portaleseducativos.educarex.es\/formacion10\/proyectos\/abies\/","title":{"rendered":"Abies"},"content":{"rendered":"\n<p><strong><a href=\"https:\/\/abiex.educarex.es\/\" target=\"_blank\" aria-label=\"Abies Web (opens in a new tab)\" rel=\"noreferrer noopener\" class=\"ek-link\">Abies Web<\/a><\/strong> es un programa inform\u00e1tico que permite a las bibliotecas escolares gestionar y organizar sus colecciones de libros y recursos, as\u00ed como realizar pr\u00e9stamos, reservas y b\u00fasquedas en l\u00ednea. Este programa fue desarrollado por la Junta de Extremadura y se utiliza en las escuelas de la regi\u00f3n.<\/p>\n\n\n\n<h2 class=\"wp-block-heading\">Novedades<\/h2>\n\n\n\n\t\t\t<div class=\"wp-block-uagb-post-grid uagb-post-grid  uagb-post__image-position-top uagb-post__image-enabled uagb-block-7caf5b94     uagb-post__items uagb-post__columns-2 is-grid uagb-post__columns-tablet-2 uagb-post__columns-mobile-1 uagb-post__equal-height\" data-total=\"1\" style=\"\">\n\n\t\t\t\t\t\t\t\t\t\t\t\t<article class=\"uagb-post__inner-wrap\">\t\t\t\t\t\t\t\t<div class='uagb-post__image'>\n\t\t\t\t\t\t\t\t\t<a href=\"https:\/\/portaleseducativos.educarex.es\/formacion10\/ejemplo-de-articulo-2\/\" target=\"_self\" rel=\"bookmark noopener noreferrer\" class='uagb-image-ratio-inherit'><img loading=\"lazy\" decoding=\"async\" width=\"1239\" height=\"826\" src=\"https:\/\/portaleseducativos.educarex.es\/formacion10\/wp-content\/uploads\/sites\/300\/2024\/02\/1240px-Enallagma_cyathigerum_1loz.jpg\" class=\"attachment-large size-large\" alt=\"\" srcset=\"https:\/\/portaleseducativos.educarex.es\/formacion10\/wp-content\/uploads\/sites\/300\/2024\/02\/1240px-Enallagma_cyathigerum_1loz.jpg 1239w, https:\/\/portaleseducativos.educarex.es\/formacion10\/wp-content\/uploads\/sites\/300\/2024\/02\/1240px-Enallagma_cyathigerum_1loz-600x400.jpg 600w, https:\/\/portaleseducativos.educarex.es\/formacion10\/wp-content\/uploads\/sites\/300\/2024\/02\/1240px-Enallagma_cyathigerum_1loz-768x512.jpg 768w\" sizes=\"(max-width: 1239px) 100vw, 1239px\" \/>\t\t\t\t\t<\/a>\n\t\t\t\t\t\t\t<\/div>\n\t\t\t\t\t\t<h4 class=\"uagb-post__title uagb-post__text\">\n\t\t\t\t<a href=\"https:\/\/portaleseducativos.educarex.es\/formacion10\/ejemplo-de-articulo-2\/\" target=\"_self\" rel=\"bookmark noopener noreferrer\">Ejemplo de art\u00edculo 2<\/a>\n\t\t\t<\/h4>\n\t\t\t\t\t\t<div class='uagb-post__text uagb-post-grid-byline'>\n\t\t\t\t\t\t\t\t<span class=\"uagb-post__author\">\n\t\t\t\t<span class=\"dashicons-admin-users dashicons\"><\/span>\t\t\t\t\t<a href=\"https:\/\/portaleseducativos.educarex.es\/formacion10\/author\/admin257\/\" title=\"Entradas de Manuel Narv\u00e1ez Mart\u00ednez\" rel=\"author\">Manuel Narv\u00e1ez Mart\u00ednez<\/a>\t\t\t\t<\/span>\n\t\t\t\t\t\t\t<time datetime=\"2023-02-01T11:03:03+01:00\" class=\"uagb-post__date\">\n\t\t\t\t<span class=\"dashicons-calendar dashicons\"><\/span>\t\t\t\t\t1 de febrero de 2023\t\t\t\t<\/time>\n\t\t\t\t\t\t<\/div>\n\t\t\t\t\t\t\t<div class='uagb-post__text uagb-post__excerpt'>\n\t\t\t\t\t<p>Pellentesque id gravida eros, pulvinar imperdiet ligula. Nullam vehicula lacus quis cursus interdum. Vestibulum pretium purus in ipsum consequat, in tincidunt est placerat. Morbi pellentesque mi non accumsan molestie. Praesent&#8230;\t\t\t\t<\/div>\n\t\t\t\t\t\t<div class=\"uagb-post__text uagb-post__cta wp-block-button\">\n\t\t\t\t<a class=\"wp-block-button__link uagb-text-link\" style=\"\" href=\"https:\/\/portaleseducativos.educarex.es\/formacion10\/ejemplo-de-articulo-2\/\" target=\"_self\" rel=\"bookmark noopener noreferrer\">Leer m\u00e1s<\/a>\n\t\t\t<\/div>\n\t\t\t\n\t\t\t\t\t\t\t\t\t<\/article>\n\t\t\t\t\t\t\t\t\t\t\t\t\t\t\t\t<article class=\"uagb-post__inner-wrap\">\t\t\t\t\t\t\t\t<div class='uagb-post__image'>\n\t\t\t\t\t\t\t\t\t<a href=\"https:\/\/portaleseducativos.educarex.es\/formacion10\/ejemplo-e-articulo\/\" target=\"_self\" rel=\"bookmark noopener noreferrer\" class='uagb-image-ratio-inherit'><img loading=\"lazy\" decoding=\"async\" width=\"1240\" height=\"827\" src=\"https:\/\/portaleseducativos.educarex.es\/formacion10\/wp-content\/uploads\/sites\/300\/2023\/03\/Vervain_hummingbird_Mellisuga_minima.jpg\" class=\"attachment-large size-large\" alt=\"Colibr\u00ed\" srcset=\"https:\/\/portaleseducativos.educarex.es\/formacion10\/wp-content\/uploads\/sites\/300\/2023\/03\/Vervain_hummingbird_Mellisuga_minima.jpg 1240w, https:\/\/portaleseducativos.educarex.es\/formacion10\/wp-content\/uploads\/sites\/300\/2023\/03\/Vervain_hummingbird_Mellisuga_minima-768x512.jpg 768w\" sizes=\"(max-width: 1240px) 100vw, 1240px\" \/>\t\t\t\t\t<\/a>\n\t\t\t\t\t\t\t<\/div>\n\t\t\t\t\t\t<h4 class=\"uagb-post__title uagb-post__text\">\n\t\t\t\t<a href=\"https:\/\/portaleseducativos.educarex.es\/formacion10\/ejemplo-e-articulo\/\" target=\"_self\" rel=\"bookmark noopener noreferrer\">Ejemplo de art\u00edculo.<\/a>\n\t\t\t<\/h4>\n\t\t\t\t\t\t<div class='uagb-post__text uagb-post-grid-byline'>\n\t\t\t\t\t\t\t\t<span class=\"uagb-post__author\">\n\t\t\t\t<span class=\"dashicons-admin-users dashicons\"><\/span>\t\t\t\t\t<a href=\"https:\/\/portaleseducativos.educarex.es\/formacion10\/author\/admin257\/\" title=\"Entradas de Manuel Narv\u00e1ez Mart\u00ednez\" rel=\"author\">Manuel Narv\u00e1ez Mart\u00ednez<\/a>\t\t\t\t<\/span>\n\t\t\t\t\t\t\t<time datetime=\"2023-02-01T10:40:52+01:00\" class=\"uagb-post__date\">\n\t\t\t\t<span class=\"dashicons-calendar dashicons\"><\/span>\t\t\t\t\t1 de febrero de 2023\t\t\t\t<\/time>\n\t\t\t\t\t\t<\/div>\n\t\t\t\t\t\t\t<div class='uagb-post__text uagb-post__excerpt'>\n\t\t\t\t\t<p>Donec posuere augue lorem. Praesent lobortis sed mi a auctor. In non blandit orci. Phasellus id tellus ac diam tempor euismod. In nec erat risus. Morbi velit leo, euismod eu&#8230;\t\t\t\t<\/div>\n\t\t\t\t\t\t<div class=\"uagb-post__text uagb-post__cta wp-block-button\">\n\t\t\t\t<a class=\"wp-block-button__link uagb-text-link\" style=\"\" href=\"https:\/\/portaleseducativos.educarex.es\/formacion10\/ejemplo-e-articulo\/\" target=\"_self\" rel=\"bookmark noopener noreferrer\">Leer m\u00e1s<\/a>\n\t\t\t<\/div>\n\t\t\t\n\t\t\t\t\t\t\t\t\t<\/article>\n\t\t\t\t\t\t\t\t\t\t\t<\/div>\n\t\t\t","protected":false},"excerpt":{"rendered":"<p>Abies Web es un programa inform\u00e1tico que permite a las bibliotecas escolares gestionar y organizar sus colecciones de libros y recursos, as\u00ed como realizar pr\u00e9stamos, reservas y b\u00fasquedas en l\u00ednea. [&hellip;]<\/p>\n","protected":false},"author":2,"featured_media":332,"parent":69,"menu_order":0,"comment_status":"closed","ping_status":"closed","template":"","meta":{"_uag_custom_page_level_css":"","_editorskit_title_hidden":true,"_editorskit_reading_time":1,"_editorskit_is_block_options_detached":false,"_editorskit_block_options_position":"{}","footnotes":""},"class_list":["post-259","page","type-page","status-publish","has-post-thumbnail","hentry"],"uagb_featured_image_src":{"full":["https:\/\/portaleseducativos.educarex.es\/formacion10\/wp-content\/uploads\/sites\/300\/2023\/02\/banner_abies.png",1025,179,false],"thumbnail":["https:\/\/portaleseducativos.educarex.es\/formacion10\/wp-content\/uploads\/sites\/300\/2023\/02\/banner_abies.png",300,52,false],"medium":["https:\/\/portaleseducativos.educarex.es\/formacion10\/wp-content\/uploads\/sites\/300\/2023\/02\/banner_abies.png",600,105,false],"medium_large":["https:\/\/portaleseducativos.educarex.es\/formacion10\/wp-content\/uploads\/sites\/300\/2023\/02\/banner_abies-768x134.png",768,134,true],"large":["https:\/\/portaleseducativos.educarex.es\/formacion10\/wp-content\/uploads\/sites\/300\/2023\/02\/banner_abies.png",1025,179,false],"1536x1536":["https:\/\/portaleseducativos.educarex.es\/formacion10\/wp-content\/uploads\/sites\/300\/2023\/02\/banner_abies.png",1025,179,false],"2048x2048":["https:\/\/portaleseducativos.educarex.es\/formacion10\/wp-content\/uploads\/sites\/300\/2023\/02\/banner_abies.png",1025,179,false]},"uagb_author_info":{"display_name":"Manuel Narv\u00e1ez Mart\u00ednez","author_link":"https:\/\/portaleseducativos.educarex.es\/formacion10\/author\/admin257\/"},"uagb_comment_info":0,"uagb_excerpt":"Abies Web es un programa inform\u00e1tico que permite a las bibliotecas escolares gestionar y organizar sus colecciones de libros y recursos, as\u00ed como realizar pr\u00e9stamos, reservas y b\u00fasquedas en l\u00ednea. [&hellip;]","_links":{"self":[{"href":"https:\/\/portaleseducativos.educarex.es\/formacion10\/wp-json\/wp\/v2\/pages\/259","targetHints":{"allow":["GET"]}}],"collection":[{"href":"https:\/\/portaleseducativos.educarex.es\/formacion10\/wp-json\/wp\/v2\/pages"}],"about":[{"href":"https:\/\/portaleseducativos.educarex.es\/formacion10\/wp-json\/wp\/v2\/types\/page"}],"author":[{"embeddable":true,"href":"https:\/\/portaleseducativos.educarex.es\/formacion10\/wp-json\/wp\/v2\/users\/2"}],"replies":[{"embeddable":true,"href":"https:\/\/portaleseducativos.educarex.es\/formacion10\/wp-json\/wp\/v2\/comments?post=259"}],"version-history":[{"count":0,"href":"https:\/\/portaleseducativos.educarex.es\/formacion10\/wp-json\/wp\/v2\/pages\/259\/revisions"}],"up":[{"embeddable":true,"href":"https:\/\/portaleseducativos.educarex.es\/formacion10\/wp-json\/wp\/v2\/pages\/69"}],"wp:featuredmedia":[{"embeddable":true,"href":"https:\/\/portaleseducativos.educarex.es\/formacion10\/wp-json\/wp\/v2\/media\/332"}],"wp:attachment":[{"href":"https:\/\/portaleseducativos.educarex.es\/formacion10\/wp-json\/wp\/v2\/media?parent=259"}],"curies":[{"name":"wp","href":"https:\/\/api.w.org\/{rel}","templated":true}]}}