{"id":186,"date":"2023-02-04T13:54:41","date_gmt":"2023-02-04T12:54:41","guid":{"rendered":"https:\/\/portaleseducativos.educarex.es\/formacion11\/?page_id=186"},"modified":"2023-03-28T20:39:18","modified_gmt":"2023-03-28T18:39:18","slug":"programa-crea","status":"publish","type":"page","link":"https:\/\/portaleseducativos.educarex.es\/formacion11\/proyectos\/programa-crea\/","title":{"rendered":"Programa CREA"},"content":{"rendered":"\n<p>El Programa \u201c<strong><a href=\"https:\/\/programacrea.educarex.es\/\" target=\"_blank\" aria-label=\"Creaci\u00f3n de Recursos Educativos Abiertos\u201d (CREA) (opens in a new tab)\" rel=\"noreferrer noopener\" class=\"ek-link\">Creaci\u00f3n de Recursos Educativos Abiertos\u201d (CREA)<\/a><\/strong> apoya y fomenta la innovaci\u00f3n y el \u00e9xito educativos a partir de la filosof\u00eda REA (Recursos Educativos Abiertos) auspiciada por la UNESCO y el modelo de Educaci\u00f3n Abierta. Adem\u00e1s, promueve nuevos modelos de ense\u00f1anza-aprendizaje apoyados en los recursos educativos abiertos (REA), y ofrece apoyo y orientaci\u00f3n a aquellos docentes que comienzan a generar, adaptar y aplicar en el aula sus recursos educativos abiertos para ponerlos a disposici\u00f3n de la comunidad educativa.<\/p>\n\n\n\n<h2 class=\"wp-block-heading\">Novedades<\/h2>\n\n\n\n\t\t\t<div class=\"wp-block-uagb-post-grid uagb-post-grid  uagb-post__image-position-top uagb-post__image-enabled uagb-block-c6341c23     uagb-post__items uagb-post__columns-2 is-grid uagb-post__columns-tablet-2 uagb-post__columns-mobile-1 uagb-post__equal-height\" data-total=\"0\" style=\"\">\n\n\t\t\t\t\t\t\t\t\t<p class=\"uagb-post__no-posts\">\n\t\t\t\t\t\tNo hay art\u00edculos sobre el programa CREA\t\t\t\t\t<\/p>\n\t\t\t\t\t\t\t\t<\/div>\n\t\t\t","protected":false},"excerpt":{"rendered":"<p>El Programa \u201cCreaci\u00f3n de Recursos Educativos Abiertos\u201d (CREA) apoya y fomenta la innovaci\u00f3n y el \u00e9xito educativos a partir de la filosof\u00eda REA (Recursos Educativos Abiertos) auspiciada por la UNESCO [&hellip;]<\/p>\n","protected":false},"author":2,"featured_media":329,"parent":69,"menu_order":0,"comment_status":"closed","ping_status":"closed","template":"","meta":{"_uag_custom_page_level_css":"","_editorskit_title_hidden":true,"_editorskit_reading_time":1,"_editorskit_is_block_options_detached":false,"_editorskit_block_options_position":"{}","footnotes":""},"class_list":["post-186","page","type-page","status-publish","has-post-thumbnail","hentry"],"uagb_featured_image_src":{"full":["https:\/\/portaleseducativos.educarex.es\/formacion11\/wp-content\/uploads\/sites\/301\/2023\/02\/banner_crea.png",1024,179,false],"thumbnail":["https:\/\/portaleseducativos.educarex.es\/formacion11\/wp-content\/uploads\/sites\/301\/2023\/02\/banner_crea.png",300,52,false],"medium":["https:\/\/portaleseducativos.educarex.es\/formacion11\/wp-content\/uploads\/sites\/301\/2023\/02\/banner_crea.png",600,105,false],"medium_large":["https:\/\/portaleseducativos.educarex.es\/formacion11\/wp-content\/uploads\/sites\/301\/2023\/02\/banner_crea-768x134.png",768,134,true],"large":["https:\/\/portaleseducativos.educarex.es\/formacion11\/wp-content\/uploads\/sites\/301\/2023\/02\/banner_crea.png",1024,179,false],"1536x1536":["https:\/\/portaleseducativos.educarex.es\/formacion11\/wp-content\/uploads\/sites\/301\/2023\/02\/banner_crea.png",1024,179,false],"2048x2048":["https:\/\/portaleseducativos.educarex.es\/formacion11\/wp-content\/uploads\/sites\/301\/2023\/02\/banner_crea.png",1024,179,false]},"uagb_author_info":{"display_name":"Manuel Narv\u00e1ez Mart\u00ednez","author_link":"https:\/\/portaleseducativos.educarex.es\/formacion11\/author\/admin257\/"},"uagb_comment_info":0,"uagb_excerpt":"El Programa \u201cCreaci\u00f3n de Recursos Educativos Abiertos\u201d (CREA) apoya y fomenta la innovaci\u00f3n y el \u00e9xito educativos a partir de la filosof\u00eda REA (Recursos Educativos Abiertos) auspiciada por la UNESCO [&hellip;]","_links":{"self":[{"href":"https:\/\/portaleseducativos.educarex.es\/formacion11\/wp-json\/wp\/v2\/pages\/186","targetHints":{"allow":["GET"]}}],"collection":[{"href":"https:\/\/portaleseducativos.educarex.es\/formacion11\/wp-json\/wp\/v2\/pages"}],"about":[{"href":"https:\/\/portaleseducativos.educarex.es\/formacion11\/wp-json\/wp\/v2\/types\/page"}],"author":[{"embeddable":true,"href":"https:\/\/portaleseducativos.educarex.es\/formacion11\/wp-json\/wp\/v2\/users\/2"}],"replies":[{"embeddable":true,"href":"https:\/\/portaleseducativos.educarex.es\/formacion11\/wp-json\/wp\/v2\/comments?post=186"}],"version-history":[{"count":0,"href":"https:\/\/portaleseducativos.educarex.es\/formacion11\/wp-json\/wp\/v2\/pages\/186\/revisions"}],"up":[{"embeddable":true,"href":"https:\/\/portaleseducativos.educarex.es\/formacion11\/wp-json\/wp\/v2\/pages\/69"}],"wp:featuredmedia":[{"embeddable":true,"href":"https:\/\/portaleseducativos.educarex.es\/formacion11\/wp-json\/wp\/v2\/media\/329"}],"wp:attachment":[{"href":"https:\/\/portaleseducativos.educarex.es\/formacion11\/wp-json\/wp\/v2\/media?parent=186"}],"curies":[{"name":"wp","href":"https:\/\/api.w.org\/{rel}","templated":true}]}}