{"id":259,"date":"2023-02-22T12:04:07","date_gmt":"2023-02-22T11:04:07","guid":{"rendered":"https:\/\/portaleseducativos.educarex.es\/formacion12\/?page_id=259"},"modified":"2023-03-28T20:43:47","modified_gmt":"2023-03-28T18:43:47","slug":"abies","status":"publish","type":"page","link":"https:\/\/portaleseducativos.educarex.es\/formacion12\/proyectos\/abies\/","title":{"rendered":"Abies"},"content":{"rendered":"\n<p><strong><a href=\"https:\/\/abiex.educarex.es\/\" target=\"_blank\" aria-label=\"Abies Web (opens in a new tab)\" rel=\"noreferrer noopener\" class=\"ek-link\">Abies Web<\/a><\/strong> es un programa inform\u00e1tico que permite a las bibliotecas escolares gestionar y organizar sus colecciones de libros y recursos, as\u00ed como realizar pr\u00e9stamos, reservas y b\u00fasquedas en l\u00ednea. Este programa fue desarrollado por la Junta de Extremadura y se utiliza en las escuelas de la regi\u00f3n.<\/p>\n\n\n\n<h2 class=\"wp-block-heading\">Novedades<\/h2>\n\n\n\n\t\t\t<div class=\"wp-block-uagb-post-grid uagb-post-grid  uagb-post__image-position-top uagb-post__image-enabled uagb-block-7caf5b94     uagb-post__items uagb-post__columns-2 is-grid uagb-post__columns-tablet-2 uagb-post__columns-mobile-1 uagb-post__equal-height\" data-total=\"0\" style=\"\">\n\n\t\t\t\t\t\t\t\t\t<p class=\"uagb-post__no-posts\">\n\t\t\t\t\t\tNo hay art\u00edculos sobre Abies\t\t\t\t\t<\/p>\n\t\t\t\t\t\t\t\t<\/div>\n\t\t\t","protected":false},"excerpt":{"rendered":"<p>Abies Web es un programa inform\u00e1tico que permite a las bibliotecas escolares gestionar y organizar sus colecciones de libros y recursos, as\u00ed como realizar pr\u00e9stamos, reservas y b\u00fasquedas en l\u00ednea. [&hellip;]<\/p>\n","protected":false},"author":2,"featured_media":332,"parent":69,"menu_order":0,"comment_status":"closed","ping_status":"closed","template":"","meta":{"_uag_custom_page_level_css":"","_editorskit_title_hidden":true,"_editorskit_reading_time":1,"_editorskit_is_block_options_detached":false,"_editorskit_block_options_position":"{}","footnotes":""},"class_list":["post-259","page","type-page","status-publish","has-post-thumbnail","hentry"],"uagb_featured_image_src":{"full":["https:\/\/portaleseducativos.educarex.es\/formacion12\/wp-content\/uploads\/sites\/302\/2023\/02\/banner_abies.png",1025,179,false],"thumbnail":["https:\/\/portaleseducativos.educarex.es\/formacion12\/wp-content\/uploads\/sites\/302\/2023\/02\/banner_abies.png",300,52,false],"medium":["https:\/\/portaleseducativos.educarex.es\/formacion12\/wp-content\/uploads\/sites\/302\/2023\/02\/banner_abies.png",600,105,false],"medium_large":["https:\/\/portaleseducativos.educarex.es\/formacion12\/wp-content\/uploads\/sites\/302\/2023\/02\/banner_abies-768x134.png",768,134,true],"large":["https:\/\/portaleseducativos.educarex.es\/formacion12\/wp-content\/uploads\/sites\/302\/2023\/02\/banner_abies.png",1025,179,false],"1536x1536":["https:\/\/portaleseducativos.educarex.es\/formacion12\/wp-content\/uploads\/sites\/302\/2023\/02\/banner_abies.png",1025,179,false],"2048x2048":["https:\/\/portaleseducativos.educarex.es\/formacion12\/wp-content\/uploads\/sites\/302\/2023\/02\/banner_abies.png",1025,179,false]},"uagb_author_info":{"display_name":"Manuel Narv\u00e1ez Mart\u00ednez","author_link":"https:\/\/portaleseducativos.educarex.es\/formacion12\/author\/admin257\/"},"uagb_comment_info":0,"uagb_excerpt":"Abies Web es un programa inform\u00e1tico que permite a las bibliotecas escolares gestionar y organizar sus colecciones de libros y recursos, as\u00ed como realizar pr\u00e9stamos, reservas y b\u00fasquedas en l\u00ednea. [&hellip;]","_links":{"self":[{"href":"https:\/\/portaleseducativos.educarex.es\/formacion12\/wp-json\/wp\/v2\/pages\/259","targetHints":{"allow":["GET"]}}],"collection":[{"href":"https:\/\/portaleseducativos.educarex.es\/formacion12\/wp-json\/wp\/v2\/pages"}],"about":[{"href":"https:\/\/portaleseducativos.educarex.es\/formacion12\/wp-json\/wp\/v2\/types\/page"}],"author":[{"embeddable":true,"href":"https:\/\/portaleseducativos.educarex.es\/formacion12\/wp-json\/wp\/v2\/users\/2"}],"replies":[{"embeddable":true,"href":"https:\/\/portaleseducativos.educarex.es\/formacion12\/wp-json\/wp\/v2\/comments?post=259"}],"version-history":[{"count":0,"href":"https:\/\/portaleseducativos.educarex.es\/formacion12\/wp-json\/wp\/v2\/pages\/259\/revisions"}],"up":[{"embeddable":true,"href":"https:\/\/portaleseducativos.educarex.es\/formacion12\/wp-json\/wp\/v2\/pages\/69"}],"wp:featuredmedia":[{"embeddable":true,"href":"https:\/\/portaleseducativos.educarex.es\/formacion12\/wp-json\/wp\/v2\/media\/332"}],"wp:attachment":[{"href":"https:\/\/portaleseducativos.educarex.es\/formacion12\/wp-json\/wp\/v2\/media?parent=259"}],"curies":[{"name":"wp","href":"https:\/\/api.w.org\/{rel}","templated":true}]}}