{"id":238,"date":"2023-02-22T11:43:12","date_gmt":"2023-02-22T10:43:12","guid":{"rendered":"https:\/\/portaleseducativos.educarex.es\/formacion13\/?page_id=238"},"modified":"2024-06-18T13:46:38","modified_gmt":"2024-06-18T11:46:38","slug":"contacta-con-nosotros","status":"publish","type":"page","link":"https:\/\/portaleseducativos.educarex.es\/formacion13\/contacta-con-nosotros\/","title":{"rendered":"Contacta con nosotros"},"content":{"rendered":"\n<h2 class=\"wp-block-heading\">Direcci\u00f3n<\/h2>\n\n\n\n<p>IES Formaci\u00f3n 1<\/p>\n\n\n\n<p>Avda de Valhondo S.N<\/p>\n\n\n\n<p>III Milenio. M\u00f3dulo 5<\/p>\n\n\n\n<p>06800 M\u00e9rida<\/p>\n\n\n\n<h2 class=\"wp-block-heading\">Tel\u00e9fono<\/h2>\n\n\n\n<p>XXX XX XX<\/p>\n\n\n\t\t\t<div \n\t\t\tclass=\"wp-block-uagb-google-map uagb-google-map__wrap uagb-block-533f983d     \"\n\t\t\tstyle=\"\" >\n\t\t\t\t<embed\n\t\t\t\t\tclass=\"uagb-google-map__iframe\"\n\t\t\t\t\ttitle=\"Mapa de Google de\"\n\t\t\t\t\tsrc=\"https:\/\/maps.google.com\/maps?q=IES%20Donoso%20Cort%C3%A9s&#038;z=15&#038;hl=en&#038;t=m&#038;output=embed&#038;iwloc=near\"\n\t\t\t\t\twidth=\"640\"\n\t\t\t\t\theight=\"557\"\n\t\t\t\t\tloading=\"lazy\"\n\t\t\t\t><\/embed>\n\t\t\t<\/div>\n\t\t\t","protected":false},"excerpt":{"rendered":"<p>Direcci\u00f3n IES Formaci\u00f3n 1 Avda de Valhondo S.N III Milenio. M\u00f3dulo 5 06800 M\u00e9rida Tel\u00e9fono XXX XX XX<\/p>\n","protected":false},"author":2,"featured_media":493,"parent":0,"menu_order":0,"comment_status":"closed","ping_status":"closed","template":"","meta":{"_uag_custom_page_level_css":"","_editorskit_title_hidden":true,"_editorskit_reading_time":1,"_editorskit_is_block_options_detached":false,"_editorskit_block_options_position":"{}","footnotes":""},"class_list":["post-238","page","type-page","status-publish","has-post-thumbnail","hentry"],"uagb_featured_image_src":{"full":["https:\/\/portaleseducativos.educarex.es\/formacion13\/wp-content\/uploads\/sites\/303\/2023\/03\/banner_espacio_contactos.png",1024,178,false],"thumbnail":["https:\/\/portaleseducativos.educarex.es\/formacion13\/wp-content\/uploads\/sites\/303\/2023\/03\/banner_espacio_contactos.png",300,52,false],"medium":["https:\/\/portaleseducativos.educarex.es\/formacion13\/wp-content\/uploads\/sites\/303\/2023\/03\/banner_espacio_contactos.png",600,104,false],"medium_large":["https:\/\/portaleseducativos.educarex.es\/formacion13\/wp-content\/uploads\/sites\/303\/2023\/03\/banner_espacio_contactos-768x134.png",768,134,true],"large":["https:\/\/portaleseducativos.educarex.es\/formacion13\/wp-content\/uploads\/sites\/303\/2023\/03\/banner_espacio_contactos.png",1024,178,false],"1536x1536":["https:\/\/portaleseducativos.educarex.es\/formacion13\/wp-content\/uploads\/sites\/303\/2023\/03\/banner_espacio_contactos.png",1024,178,false],"2048x2048":["https:\/\/portaleseducativos.educarex.es\/formacion13\/wp-content\/uploads\/sites\/303\/2023\/03\/banner_espacio_contactos.png",1024,178,false]},"uagb_author_info":{"display_name":"Manuel Narv\u00e1ez Mart\u00ednez","author_link":"https:\/\/portaleseducativos.educarex.es\/formacion13\/author\/admin257\/"},"uagb_comment_info":0,"uagb_excerpt":"Direcci\u00f3n IES Formaci\u00f3n 1 Avda de Valhondo S.N III Milenio. M\u00f3dulo 5 06800 M\u00e9rida Tel\u00e9fono XXX XX XX","_links":{"self":[{"href":"https:\/\/portaleseducativos.educarex.es\/formacion13\/wp-json\/wp\/v2\/pages\/238","targetHints":{"allow":["GET"]}}],"collection":[{"href":"https:\/\/portaleseducativos.educarex.es\/formacion13\/wp-json\/wp\/v2\/pages"}],"about":[{"href":"https:\/\/portaleseducativos.educarex.es\/formacion13\/wp-json\/wp\/v2\/types\/page"}],"author":[{"embeddable":true,"href":"https:\/\/portaleseducativos.educarex.es\/formacion13\/wp-json\/wp\/v2\/users\/2"}],"replies":[{"embeddable":true,"href":"https:\/\/portaleseducativos.educarex.es\/formacion13\/wp-json\/wp\/v2\/comments?post=238"}],"version-history":[{"count":1,"href":"https:\/\/portaleseducativos.educarex.es\/formacion13\/wp-json\/wp\/v2\/pages\/238\/revisions"}],"predecessor-version":[{"id":1167,"href":"https:\/\/portaleseducativos.educarex.es\/formacion13\/wp-json\/wp\/v2\/pages\/238\/revisions\/1167"}],"wp:featuredmedia":[{"embeddable":true,"href":"https:\/\/portaleseducativos.educarex.es\/formacion13\/wp-json\/wp\/v2\/media\/493"}],"wp:attachment":[{"href":"https:\/\/portaleseducativos.educarex.es\/formacion13\/wp-json\/wp\/v2\/media?parent=238"}],"curies":[{"name":"wp","href":"https:\/\/api.w.org\/{rel}","templated":true}]}}