{"id":258,"date":"2023-02-22T12:02:39","date_gmt":"2023-02-22T11:02:39","guid":{"rendered":"https:\/\/portaleseducativos.educarex.es\/formacion13\/?page_id=258"},"modified":"2023-03-28T20:47:31","modified_gmt":"2023-03-28T18:47:31","slug":"foro-nativos-digitales","status":"publish","type":"page","link":"https:\/\/portaleseducativos.educarex.es\/formacion13\/proyectos\/foro-nativos-digitales\/","title":{"rendered":"Foro Nativos Digitales"},"content":{"rendered":"\n<p><strong><a href=\"https:\/\/foronativosdigitales.educarex.es\/\" target=\"_blank\" aria-label=\"Foro Nativos Digitales (opens in a new tab)\" rel=\"noreferrer noopener\" class=\"ek-link\">Foro Nativos Digitales<\/a><\/strong> es un programa educativo para trabajar con el alumnado contenidos relacionados con el uso responsable de tel\u00e9fonos m\u00f3viles, dispositivos digitales, redes sociales y juegos electr\u00f3nicos: desde el ciberbullying hasta el lenguaje sexista, desde la netiqueta hasta el sexting, el grooming o las comunidades peligrosas en l\u00ednea, las noticias falsas o la prevenci\u00f3n de la adicci\u00f3n al juego online\u2026 <\/p>\n\n\n\n<p>Estos contenidos permiten trabajar la competencia digial del alumnado, en concreto el \u00e1rea de uso responsable y bienestar digital, contribuyendo al descriptor CD4 del Perfil de salida recogido en los curr\u00edculos oficiales. Los materiales educativos de este programa son descargables y est\u00e1n listos para usarse directamente en clase. FND incluye actividades para tutor\u00eda, con alumnos y alumnas CiberMentores, actividades destinadas a las familias y de creaci\u00f3n de contenidos.<\/p>\n\n\n\n<h2 class=\"wp-block-heading\">Novedades<\/h2>\n\n\n\n\t\t\t<div class=\"wp-block-uagb-post-grid uagb-post-grid  uagb-post__image-position-top uagb-post__image-enabled uagb-block-2ed11eb0     uagb-post__items uagb-post__columns-2 is-grid uagb-post__columns-tablet-2 uagb-post__columns-mobile-1 uagb-post__equal-height\" data-total=\"0\" style=\"\">\n\n\t\t\t\t\t\t\t\t\t<p class=\"uagb-post__no-posts\">\n\t\t\t\t\t\tNo hay art\u00edculos sobre Foro Nativos Digitales\t\t\t\t\t<\/p>\n\t\t\t\t\t\t\t\t<\/div>\n\t\t\t","protected":false},"excerpt":{"rendered":"<p>Foro Nativos Digitales es un programa educativo para trabajar con el alumnado contenidos relacionados con el uso responsable de tel\u00e9fonos m\u00f3viles, dispositivos digitales, redes sociales y juegos electr\u00f3nicos: desde el [&hellip;]<\/p>\n","protected":false},"author":2,"featured_media":327,"parent":69,"menu_order":0,"comment_status":"closed","ping_status":"closed","template":"","meta":{"_uag_custom_page_level_css":"","_editorskit_title_hidden":true,"_editorskit_reading_time":1,"_editorskit_is_block_options_detached":false,"_editorskit_block_options_position":"{}","footnotes":""},"class_list":["post-258","page","type-page","status-publish","has-post-thumbnail","hentry"],"uagb_featured_image_src":{"full":["https:\/\/portaleseducativos.educarex.es\/formacion13\/wp-content\/uploads\/sites\/303\/2023\/02\/banner_foro_nativos.png",1025,179,false],"thumbnail":["https:\/\/portaleseducativos.educarex.es\/formacion13\/wp-content\/uploads\/sites\/303\/2023\/02\/banner_foro_nativos.png",300,52,false],"medium":["https:\/\/portaleseducativos.educarex.es\/formacion13\/wp-content\/uploads\/sites\/303\/2023\/02\/banner_foro_nativos.png",600,105,false],"medium_large":["https:\/\/portaleseducativos.educarex.es\/formacion13\/wp-content\/uploads\/sites\/303\/2023\/02\/banner_foro_nativos-768x134.png",768,134,true],"large":["https:\/\/portaleseducativos.educarex.es\/formacion13\/wp-content\/uploads\/sites\/303\/2023\/02\/banner_foro_nativos.png",1025,179,false],"1536x1536":["https:\/\/portaleseducativos.educarex.es\/formacion13\/wp-content\/uploads\/sites\/303\/2023\/02\/banner_foro_nativos.png",1025,179,false],"2048x2048":["https:\/\/portaleseducativos.educarex.es\/formacion13\/wp-content\/uploads\/sites\/303\/2023\/02\/banner_foro_nativos.png",1025,179,false]},"uagb_author_info":{"display_name":"Manuel Narv\u00e1ez Mart\u00ednez","author_link":"https:\/\/portaleseducativos.educarex.es\/formacion13\/author\/admin257\/"},"uagb_comment_info":0,"uagb_excerpt":"Foro Nativos Digitales es un programa educativo para trabajar con el alumnado contenidos relacionados con el uso responsable de tel\u00e9fonos m\u00f3viles, dispositivos digitales, redes sociales y juegos electr\u00f3nicos: desde el [&hellip;]","_links":{"self":[{"href":"https:\/\/portaleseducativos.educarex.es\/formacion13\/wp-json\/wp\/v2\/pages\/258","targetHints":{"allow":["GET"]}}],"collection":[{"href":"https:\/\/portaleseducativos.educarex.es\/formacion13\/wp-json\/wp\/v2\/pages"}],"about":[{"href":"https:\/\/portaleseducativos.educarex.es\/formacion13\/wp-json\/wp\/v2\/types\/page"}],"author":[{"embeddable":true,"href":"https:\/\/portaleseducativos.educarex.es\/formacion13\/wp-json\/wp\/v2\/users\/2"}],"replies":[{"embeddable":true,"href":"https:\/\/portaleseducativos.educarex.es\/formacion13\/wp-json\/wp\/v2\/comments?post=258"}],"version-history":[{"count":0,"href":"https:\/\/portaleseducativos.educarex.es\/formacion13\/wp-json\/wp\/v2\/pages\/258\/revisions"}],"up":[{"embeddable":true,"href":"https:\/\/portaleseducativos.educarex.es\/formacion13\/wp-json\/wp\/v2\/pages\/69"}],"wp:featuredmedia":[{"embeddable":true,"href":"https:\/\/portaleseducativos.educarex.es\/formacion13\/wp-json\/wp\/v2\/media\/327"}],"wp:attachment":[{"href":"https:\/\/portaleseducativos.educarex.es\/formacion13\/wp-json\/wp\/v2\/media?parent=258"}],"curies":[{"name":"wp","href":"https:\/\/api.w.org\/{rel}","templated":true}]}}