{"id":233,"date":"2023-02-22T11:29:55","date_gmt":"2023-02-22T10:29:55","guid":{"rendered":"https:\/\/portaleseducativos.educarex.es\/formacion17\/?page_id=233"},"modified":"2023-03-21T13:57:49","modified_gmt":"2023-03-21T12:57:49","slug":"galerias","status":"publish","type":"page","link":"https:\/\/portaleseducativos.educarex.es\/formacion17\/galerias\/","title":{"rendered":"Galer\u00edas"},"content":{"rendered":"\n<p>En este rinc\u00f3n de nuestra web podremos revivir los momentos m\u00e1s relevantes de la vida en nuestro centro.<br>Aqu\u00ed podremos visitar de las galer\u00edas fotogr\u00e1ficas de excursiones, encuentros y todo tipo de actividades que vayamos realizando.<\/p>\n\n\n\r\n<div class=\"aigpl-gallery-album-wrp aigpl-gallery-album aigpl-clearfix  aigpl-album-design-4\">\r\n    <div class=\"aigpl-gallery-album-inr-wrp aigpl-clearfix \" id=\"aigpl-gallery-1\">\r\n<div class=\"aigpl-cnt-wrp aigpl-col-3 aigpl-columns aigpl-first\" data-id=\"1231\">\r\n\t<div class=\"aigpl-inr-wrp\">\r\n\t\t<div class=\"aigpl-img-wrp\" style=\"\">\r\n\t\t\t<a class=\"aigpl-img-link\" href=\"https:\/\/portaleseducativos.educarex.es\/formacion17\/galerias\/?album=1231&#038;album_ses=1#aigpl-album-gallery-1\" target=\"_self\">\r\n\t\t\t\t\t\t\t\t\t<img decoding=\"async\" class=\"aigpl-img\"  src=\"https:\/\/portaleseducativos.educarex.es\/formacion17\/wp-content\/uploads\/sites\/308\/2025\/10\/16804026370abo-simbel-1-1-3.jpg\" alt=\"Prueba\"  \/>\r\n\t\t\t\t\t\t\t\t\t<div class=\"aigpl-img-title aigpl-center\">Prueba<\/div>\r\n\t\t\t\t\t\t\t<\/a>\r\n\t\t<\/div>\r\n\r\n\t\t\t\t\t<div class=\"aigpl-img-count aigpl-center\">2 Photos<\/div>\r\n\t\t\t<\/div>\r\n<\/div>\r\n<div class=\"aigpl-cnt-wrp aigpl-col-3 aigpl-columns\" data-id=\"708\">\r\n\t<div class=\"aigpl-inr-wrp\">\r\n\t\t<div class=\"aigpl-img-wrp\" style=\"\">\r\n\t\t\t<a class=\"aigpl-img-link\" href=\"https:\/\/portaleseducativos.educarex.es\/formacion17\/galerias\/?album=708&#038;album_ses=1#aigpl-album-gallery-1\" target=\"_self\">\r\n\t\t\t\t\t\t\t\t\t<img decoding=\"async\" class=\"aigpl-img\"  src=\"https:\/\/portaleseducativos.educarex.es\/formacion17\/wp-content\/uploads\/sites\/308\/2023\/03\/1240px-Enallagma_cyathigerum_1loz.jpg\" alt=\"Galer\u00eda Ejemplo 3\"  \/>\r\n\t\t\t\t\t\t\t\t\t<div class=\"aigpl-img-title aigpl-center\">Galer\u00eda Ejemplo 3<\/div>\r\n\t\t\t\t\t\t\t<\/a>\r\n\t\t<\/div>\r\n\r\n\t\t\t\t\t<div class=\"aigpl-img-count aigpl-center\">6 Photos<\/div>\r\n\t\t\t<\/div>\r\n<\/div>\r\n<div class=\"aigpl-cnt-wrp aigpl-col-3 aigpl-columns\" data-id=\"700\">\r\n\t<div class=\"aigpl-inr-wrp\">\r\n\t\t<div class=\"aigpl-img-wrp\" style=\"\">\r\n\t\t\t<a class=\"aigpl-img-link\" href=\"https:\/\/portaleseducativos.educarex.es\/formacion17\/galerias\/?album=700&#038;album_ses=1#aigpl-album-gallery-1\" target=\"_self\">\r\n\t\t\t\t\t\t\t\t\t<img decoding=\"async\" class=\"aigpl-img\"  src=\"https:\/\/portaleseducativos.educarex.es\/formacion17\/wp-content\/uploads\/sites\/308\/2023\/03\/Lluvia-autobus-barco-San-Francisco-California-EE.UU_.-1440x2560-1.jpg\" alt=\"Galer\u00eda Ejemplo 2\"  \/>\r\n\t\t\t\t\t\t\t\t\t<div class=\"aigpl-img-title aigpl-center\">Galer\u00eda Ejemplo 2<\/div>\r\n\t\t\t\t\t\t\t<\/a>\r\n\t\t<\/div>\r\n\r\n\t\t\t\t\t<div class=\"aigpl-img-count aigpl-center\">6 Photos<\/div>\r\n\t\t\t<\/div>\r\n<\/div>\r\n<div class=\"aigpl-cnt-wrp aigpl-col-3 aigpl-columns aigpl-first\" data-id=\"676\">\r\n\t<div class=\"aigpl-inr-wrp\">\r\n\t\t<div class=\"aigpl-img-wrp\" style=\"\">\r\n\t\t\t<a class=\"aigpl-img-link\" href=\"https:\/\/portaleseducativos.educarex.es\/formacion17\/galerias\/?album=676&#038;album_ses=1#aigpl-album-gallery-1\" target=\"_self\">\r\n\t\t\t\t\t\t\t\t\t<img decoding=\"async\" class=\"aigpl-img\"  src=\"https:\/\/portaleseducativos.educarex.es\/formacion17\/wp-content\/uploads\/sites\/308\/2023\/03\/Nicolas_N.png\" alt=\"Galer\u00eda Ejemplo 1\"  \/>\r\n\t\t\t\t\t\t\t\t\t<div class=\"aigpl-img-title aigpl-center\">Galer\u00eda Ejemplo 1<\/div>\r\n\t\t\t\t\t\t\t<\/a>\r\n\t\t<\/div>\r\n\r\n\t\t\t\t\t<div class=\"aigpl-img-count aigpl-center\">8 Photos<\/div>\r\n\t\t\t<\/div>\r\n<\/div>\r\n\t<\/div>\r\n\t\r\n<\/div>\n\n\n<h2 class=\"wp-block-heading\">Ejemplo galer\u00eda<\/h2>\n\n\n\r\n<div class=\"aigpl-gallery-slider-wrp aigpl-gallery-wrp  aigpl-design-1\">\r\n\t<div class=\"aigpl-gallery aigpl-gallery-inr-wrp aigpl-gallery-slider aigpl-clearfix aigpl-popup-gallery\" id=\"aigpl-gallery-2\" data-total=\"6\" data-conf=\"{&quot;slidestoshow&quot;:3,&quot;slidestoscroll&quot;:1,&quot;loop&quot;:&quot;true&quot;,&quot;dots&quot;:&quot;true&quot;,&quot;arrows&quot;:&quot;true&quot;,&quot;autoplay&quot;:&quot;true&quot;,&quot;autoplay_interval&quot;:3000,&quot;speed&quot;:300,&quot;centermode&quot;:&quot;false&quot;,&quot;hover_pause&quot;:&quot;true&quot;,&quot;focus_pause&quot;:&quot;false&quot;,&quot;lazyload&quot;:&quot;&quot;}\">\r\n<div class=\"aigpl-slider-slide aigpl-cnt-wrp\"  data-item-index=\"1\">\r\n\t<div class=\"aigpl-inr-wrp\">\r\n\t\t<div class=\"aigpl-img-wrp\" style=\"\">\r\n\t\t\t\t\t\t\t<a class=\"aigpl-img-link\" data-mfp-src=\"https:\/\/portaleseducativos.educarex.es\/formacion17\/wp-content\/uploads\/sites\/308\/2023\/03\/paisajes-marinos-2107-copia.jpg\" href=\"javascript:void(0);\" target=\"_self\">\r\n\t\t\t\t\t\t\t\t<img decoding=\"async\" class=\"aigpl-img\"  src=\"https:\/\/portaleseducativos.educarex.es\/formacion17\/wp-content\/uploads\/sites\/308\/2023\/03\/paisajes-marinos-2107-copia.jpg\" title=\"paisajes-marinos-2107-copia\" data-caption=\"\" alt=\"peces\"  \/>\r\n\t\t\t\t<\/a>\r\n\t\t\t\t\t<\/div>\r\n\r\n\t\t\r\n\t<\/div>\r\n<\/div>\r\n<div class=\"aigpl-slider-slide aigpl-cnt-wrp\"  data-item-index=\"2\">\r\n\t<div class=\"aigpl-inr-wrp\">\r\n\t\t<div class=\"aigpl-img-wrp\" style=\"\">\r\n\t\t\t\t\t\t\t<a class=\"aigpl-img-link\" data-mfp-src=\"https:\/\/portaleseducativos.educarex.es\/formacion17\/wp-content\/uploads\/sites\/308\/2023\/03\/new-york-full-hd-brooklyn-bridge-wallpaper-7629.jpg\" href=\"javascript:void(0);\" target=\"_self\">\r\n\t\t\t\t\t\t\t\t<img decoding=\"async\" class=\"aigpl-img\"  src=\"https:\/\/portaleseducativos.educarex.es\/formacion17\/wp-content\/uploads\/sites\/308\/2023\/03\/new-york-full-hd-brooklyn-bridge-wallpaper-7629.jpg\" title=\"new-york-full-hd-brooklyn-bridge-wallpaper-7629\" data-caption=\"\" alt=\"nueva york\"  \/>\r\n\t\t\t\t<\/a>\r\n\t\t\t\t\t<\/div>\r\n\r\n\t\t\r\n\t<\/div>\r\n<\/div>\r\n<div class=\"aigpl-slider-slide aigpl-cnt-wrp\"  data-item-index=\"3\">\r\n\t<div class=\"aigpl-inr-wrp\">\r\n\t\t<div class=\"aigpl-img-wrp\" style=\"\">\r\n\t\t\t\t\t\t\t<a class=\"aigpl-img-link\" data-mfp-src=\"https:\/\/portaleseducativos.educarex.es\/formacion17\/wp-content\/uploads\/sites\/308\/2023\/03\/nastol.com_.ua-1955-copia.jpg\" href=\"javascript:void(0);\" target=\"_self\">\r\n\t\t\t\t\t\t\t\t<img decoding=\"async\" class=\"aigpl-img\"  src=\"https:\/\/portaleseducativos.educarex.es\/formacion17\/wp-content\/uploads\/sites\/308\/2023\/03\/nastol.com_.ua-1955-copia.jpg\" title=\"nastol.com_.ua-1955-copia\" data-caption=\"\" alt=\"nastol\"  \/>\r\n\t\t\t\t<\/a>\r\n\t\t\t\t\t<\/div>\r\n\r\n\t\t\r\n\t<\/div>\r\n<\/div>\r\n<div class=\"aigpl-slider-slide aigpl-cnt-wrp\"  data-item-index=\"4\">\r\n\t<div class=\"aigpl-inr-wrp\">\r\n\t\t<div class=\"aigpl-img-wrp\" style=\"\">\r\n\t\t\t\t\t\t\t<a class=\"aigpl-img-link\" data-mfp-src=\"https:\/\/portaleseducativos.educarex.es\/formacion17\/wp-content\/uploads\/sites\/308\/2023\/03\/maxresdefault-1.jpg\" href=\"javascript:void(0);\" target=\"_self\">\r\n\t\t\t\t\t\t\t\t<img decoding=\"async\" class=\"aigpl-img\"  src=\"https:\/\/portaleseducativos.educarex.es\/formacion17\/wp-content\/uploads\/sites\/308\/2023\/03\/maxresdefault-1.jpg\" title=\"maxresdefault-1\" data-caption=\"\" alt=\"microchip\"  \/>\r\n\t\t\t\t<\/a>\r\n\t\t\t\t\t<\/div>\r\n\r\n\t\t\r\n\t<\/div>\r\n<\/div>\r\n<div class=\"aigpl-slider-slide aigpl-cnt-wrp\"  data-item-index=\"5\">\r\n\t<div class=\"aigpl-inr-wrp\">\r\n\t\t<div class=\"aigpl-img-wrp\" style=\"\">\r\n\t\t\t\t\t\t\t<a class=\"aigpl-img-link\" data-mfp-src=\"https:\/\/portaleseducativos.educarex.es\/formacion17\/wp-content\/uploads\/sites\/308\/2023\/03\/Lluvia-autobus-barco-San-Francisco-California-EE.UU_.-1440x2560-1.jpg\" href=\"javascript:void(0);\" target=\"_self\">\r\n\t\t\t\t\t\t\t\t<img decoding=\"async\" class=\"aigpl-img\"  src=\"https:\/\/portaleseducativos.educarex.es\/formacion17\/wp-content\/uploads\/sites\/308\/2023\/03\/Lluvia-autobus-barco-San-Francisco-California-EE.UU_.-1440x2560-1.jpg\" title=\"Lluvia-autob\u00fas-barco-San-Francisco-California-EE.UU_.-1440x2560\" data-caption=\"\" alt=\"Transv\u00edas\"  \/>\r\n\t\t\t\t<\/a>\r\n\t\t\t\t\t<\/div>\r\n\r\n\t\t\r\n\t<\/div>\r\n<\/div>\r\n<div class=\"aigpl-slider-slide aigpl-cnt-wrp\"  data-item-index=\"6\">\r\n\t<div class=\"aigpl-inr-wrp\">\r\n\t\t<div class=\"aigpl-img-wrp\" style=\"\">\r\n\t\t\t\t\t\t\t<a class=\"aigpl-img-link\" data-mfp-src=\"https:\/\/portaleseducativos.educarex.es\/formacion17\/wp-content\/uploads\/sites\/308\/2023\/03\/fondos-de-pantalla-para-el-celular-tactil-copia-768x480-1.jpg\" href=\"javascript:void(0);\" target=\"_self\">\r\n\t\t\t\t\t\t\t\t<img decoding=\"async\" class=\"aigpl-img\"  src=\"https:\/\/portaleseducativos.educarex.es\/formacion17\/wp-content\/uploads\/sites\/308\/2023\/03\/fondos-de-pantalla-para-el-celular-tactil-copia-768x480-1.jpg\" title=\"fondos-de-pantalla-para-el-celular-tactil-copia-768x480\" data-caption=\"\" alt=\"Nevando\"  \/>\r\n\t\t\t\t<\/a>\r\n\t\t\t\t\t<\/div>\r\n\r\n\t\t\r\n\t<\/div>\r\n<\/div>\r\n\t<\/div>\r\n<\/div>","protected":false},"excerpt":{"rendered":"<p>En este rinc\u00f3n de nuestra web podremos revivir los momentos m\u00e1s relevantes de la vida en nuestro centro.Aqu\u00ed podremos visitar de las galer\u00edas fotogr\u00e1ficas de excursiones, encuentros y todo tipo [&hellip;]<\/p>\n","protected":false},"author":2,"featured_media":489,"parent":0,"menu_order":0,"comment_status":"closed","ping_status":"closed","template":"","meta":{"_uag_custom_page_level_css":"","_editorskit_title_hidden":true,"_editorskit_reading_time":1,"_editorskit_is_block_options_detached":false,"_editorskit_block_options_position":"{}","footnotes":""},"class_list":["post-233","page","type-page","status-publish","has-post-thumbnail","hentry"],"uagb_featured_image_src":{"full":["https:\/\/portaleseducativos.educarex.es\/formacion17\/wp-content\/uploads\/sites\/308\/2023\/03\/banner_espacio_galerias.png",1024,178,false],"thumbnail":["https:\/\/portaleseducativos.educarex.es\/formacion17\/wp-content\/uploads\/sites\/308\/2023\/03\/banner_espacio_galerias.png",300,52,false],"medium":["https:\/\/portaleseducativos.educarex.es\/formacion17\/wp-content\/uploads\/sites\/308\/2023\/03\/banner_espacio_galerias.png",600,104,false],"medium_large":["https:\/\/portaleseducativos.educarex.es\/formacion17\/wp-content\/uploads\/sites\/308\/2023\/03\/banner_espacio_galerias-768x134.png",768,134,true],"large":["https:\/\/portaleseducativos.educarex.es\/formacion17\/wp-content\/uploads\/sites\/308\/2023\/03\/banner_espacio_galerias.png",1024,178,false],"1536x1536":["https:\/\/portaleseducativos.educarex.es\/formacion17\/wp-content\/uploads\/sites\/308\/2023\/03\/banner_espacio_galerias.png",1024,178,false],"2048x2048":["https:\/\/portaleseducativos.educarex.es\/formacion17\/wp-content\/uploads\/sites\/308\/2023\/03\/banner_espacio_galerias.png",1024,178,false]},"uagb_author_info":{"display_name":"Manuel Narv\u00e1ez Mart\u00ednez","author_link":"https:\/\/portaleseducativos.educarex.es\/formacion17\/author\/admin257\/"},"uagb_comment_info":0,"uagb_excerpt":"En este rinc\u00f3n de nuestra web podremos revivir los momentos m\u00e1s relevantes de la vida en nuestro centro.Aqu\u00ed podremos visitar de las galer\u00edas fotogr\u00e1ficas de excursiones, encuentros y todo tipo [&hellip;]","_links":{"self":[{"href":"https:\/\/portaleseducativos.educarex.es\/formacion17\/wp-json\/wp\/v2\/pages\/233","targetHints":{"allow":["GET"]}}],"collection":[{"href":"https:\/\/portaleseducativos.educarex.es\/formacion17\/wp-json\/wp\/v2\/pages"}],"about":[{"href":"https:\/\/portaleseducativos.educarex.es\/formacion17\/wp-json\/wp\/v2\/types\/page"}],"author":[{"embeddable":true,"href":"https:\/\/portaleseducativos.educarex.es\/formacion17\/wp-json\/wp\/v2\/users\/2"}],"replies":[{"embeddable":true,"href":"https:\/\/portaleseducativos.educarex.es\/formacion17\/wp-json\/wp\/v2\/comments?post=233"}],"version-history":[{"count":0,"href":"https:\/\/portaleseducativos.educarex.es\/formacion17\/wp-json\/wp\/v2\/pages\/233\/revisions"}],"wp:featuredmedia":[{"embeddable":true,"href":"https:\/\/portaleseducativos.educarex.es\/formacion17\/wp-json\/wp\/v2\/media\/489"}],"wp:attachment":[{"href":"https:\/\/portaleseducativos.educarex.es\/formacion17\/wp-json\/wp\/v2\/media?parent=233"}],"curies":[{"name":"wp","href":"https:\/\/api.w.org\/{rel}","templated":true}]}}