{"id":309,"date":"2023-02-22T13:01:52","date_gmt":"2023-02-22T12:01:52","guid":{"rendered":"https:\/\/portaleseducativos.educarex.es\/formacion21\/?page_id=309"},"modified":"2023-03-28T21:03:22","modified_gmt":"2023-03-28T19:03:22","slug":"biblioteca","status":"publish","type":"page","link":"https:\/\/portaleseducativos.educarex.es\/formacion21\/informacion\/biblioteca\/","title":{"rendered":"Biblioteca"},"content":{"rendered":"\n<h2 class=\"wp-block-heading\">Horario<\/h2>\n\n\n\n<ul class=\"wp-block-list\">\n<li>Lunes a viernes: de 8:00 a.m. a 7:00 p.m.<\/li>\n\n\n\n<li>S\u00e1bados: de 8:00 a.m. a 12:00 p.m.<\/li>\n<\/ul>\n\n\n\n<h2 class=\"wp-block-heading\">Normas<\/h2>\n\n\n\n<ul class=\"wp-block-list\">\n<li>Silencio: Para crear un ambiente adecuado para el estudio y la lectura, es importante que los usuarios respeten el silencio en la biblioteca.<\/li>\n\n\n\n<li>No comer ni beber: La comida y la bebida pueden causar da\u00f1os en los libros y otros materiales de la biblioteca, por lo que generalmente no se permiten en la biblioteca.<\/li>\n\n\n\n<li>Respeto hacia los dem\u00e1s: Los usuarios de la biblioteca deben respetar a los dem\u00e1s usuarios y al personal de la biblioteca, as\u00ed como los materiales y las instalaciones.<\/li>\n\n\n\n<li>No hablar por tel\u00e9fono: Las llamadas telef\u00f3nicas pueden interrumpir a otros usuarios de la biblioteca, por lo que se suele prohibir hablar por tel\u00e9fono en la biblioteca.<\/li>\n\n\n\n<li>Devolver los libros a tiempo: Es importante devolver los libros y otros materiales de la biblioteca a tiempo, para que otros usuarios puedan usarlos.<\/li>\n\n\n\n<li>No sacar los libros sin haberlos registrado: Antes de sacar un libro de la biblioteca, los usuarios deben registrarlo para que se sepa qui\u00e9n tiene el libro y cu\u00e1ndo debe ser devuelto.<\/li>\n\n\n\n<li>Cuidado de los libros: Los usuarios deben cuidar los libros y otros materiales de la biblioteca, para que est\u00e9n en buenas condiciones para su uso futuro.<\/li>\n\n\n\n<li>No llevarse materiales sin autorizaci\u00f3n: Los usuarios no deben sacar materiales de la biblioteca sin autorizaci\u00f3n, ya que esto se considera robo.<\/li>\n<\/ul>\n\n\n\n<h2 class=\"wp-block-heading\">Novedades<\/h2>\n\n\n\n\t\t\t<div class=\"wp-block-uagb-post-grid uagb-post-grid  uagb-post__image-position-top uagb-post__image-enabled uagb-block-a8fc761f     uagb-post__items uagb-post__columns-2 is-grid uagb-post__columns-tablet-2 uagb-post__columns-mobile-1 uagb-post__equal-height\" data-total=\"1\" style=\"\">\n\n\t\t\t\t\t\t\t\t\t\t\t\t<article class=\"uagb-post__inner-wrap\">\t\t\t\t\t\t\t\t<div class='uagb-post__image'>\n\t\t\t\t\t\t\t\t\t<a href=\"https:\/\/portaleseducativos.educarex.es\/formacion21\/ejemplo-de-articulo-6\/\" target=\"_self\" rel=\"bookmark noopener noreferrer\" class='uagb-image-ratio-inherit'><img loading=\"lazy\" decoding=\"async\" width=\"1280\" height=\"827\" src=\"https:\/\/portaleseducativos.educarex.es\/formacion21\/wp-content\/uploads\/sites\/312\/2024\/02\/sierra_nevada-1280x827.jpg\" class=\"attachment-large size-large\" alt=\"\" srcset=\"https:\/\/portaleseducativos.educarex.es\/formacion21\/wp-content\/uploads\/sites\/312\/2024\/02\/sierra_nevada-1280x827.jpg 1280w, https:\/\/portaleseducativos.educarex.es\/formacion21\/wp-content\/uploads\/sites\/312\/2024\/02\/sierra_nevada-600x388.jpg 600w, https:\/\/portaleseducativos.educarex.es\/formacion21\/wp-content\/uploads\/sites\/312\/2024\/02\/sierra_nevada-768x496.jpg 768w, https:\/\/portaleseducativos.educarex.es\/formacion21\/wp-content\/uploads\/sites\/312\/2024\/02\/sierra_nevada-1536x993.jpg 1536w, https:\/\/portaleseducativos.educarex.es\/formacion21\/wp-content\/uploads\/sites\/312\/2024\/02\/sierra_nevada-2048x1323.jpg 2048w\" sizes=\"(max-width: 1280px) 100vw, 1280px\" \/>\t\t\t\t\t<\/a>\n\t\t\t\t\t\t\t<\/div>\n\t\t\t\t\t\t<h4 class=\"uagb-post__title uagb-post__text\">\n\t\t\t\t<a href=\"https:\/\/portaleseducativos.educarex.es\/formacion21\/ejemplo-de-articulo-6\/\" target=\"_self\" rel=\"bookmark noopener noreferrer\">Ejemplo de art\u00edculo 6<\/a>\n\t\t\t<\/h4>\n\t\t\t\t\t\t<div class='uagb-post__text uagb-post-grid-byline'>\n\t\t\t\t\t\t\t\t<span class=\"uagb-post__author\">\n\t\t\t\t<span class=\"dashicons-admin-users dashicons\"><\/span>\t\t\t\t\t<a href=\"https:\/\/portaleseducativos.educarex.es\/formacion21\/author\/admin257\/\" title=\"Entradas de Manuel Narv\u00e1ez Mart\u00ednez\" rel=\"author\">Manuel Narv\u00e1ez Mart\u00ednez<\/a>\t\t\t\t<\/span>\n\t\t\t\t\t\t\t<time datetime=\"2024-02-17T13:32:28+01:00\" class=\"uagb-post__date\">\n\t\t\t\t<span class=\"dashicons-calendar dashicons\"><\/span>\t\t\t\t\t17 de febrero de 2024\t\t\t\t<\/time>\n\t\t\t\t\t\t<\/div>\n\t\t\t\t\t\t\t<div class='uagb-post__text uagb-post__excerpt'>\n\t\t\t\t\t<p>Donec posuere augue lorem. Praesent lobortis sed mi a auctor. In non blandit orci. Phasellus id tellus ac diam tempor euismod. In nec erat risus. Morbi velit leo, euismod eu&#8230;\t\t\t\t<\/div>\n\t\t\t\t\t\t<div class=\"uagb-post__text uagb-post__cta wp-block-button\">\n\t\t\t\t<a class=\"wp-block-button__link uagb-text-link\" style=\"\" href=\"https:\/\/portaleseducativos.educarex.es\/formacion21\/ejemplo-de-articulo-6\/\" target=\"_self\" rel=\"bookmark noopener noreferrer\">Leer m\u00e1s<\/a>\n\t\t\t<\/div>\n\t\t\t\n\t\t\t\t\t\t\t\t\t<\/article>\n\t\t\t\t\t\t\t\t\t\t\t\t\t\t\t\t<article class=\"uagb-post__inner-wrap\">\t\t\t\t\t\t\t\t<div class='uagb-post__image'>\n\t\t\t\t\t\t\t\t\t<a href=\"https:\/\/portaleseducativos.educarex.es\/formacion21\/ejemplo-de-articulo\/\" target=\"_self\" rel=\"bookmark noopener noreferrer\" class='uagb-image-ratio-inherit'><img loading=\"lazy\" decoding=\"async\" width=\"704\" height=\"215\" src=\"https:\/\/portaleseducativos.educarex.es\/formacion21\/wp-content\/uploads\/sites\/312\/2023\/02\/cabecera_1.png\" class=\"attachment-large size-large\" alt=\"cabecera 1 art\u00edculos\" srcset=\"https:\/\/portaleseducativos.educarex.es\/formacion21\/wp-content\/uploads\/sites\/312\/2023\/02\/cabecera_1.png 704w, https:\/\/portaleseducativos.educarex.es\/formacion21\/wp-content\/uploads\/sites\/312\/2023\/02\/cabecera_1-300x92.png 300w\" sizes=\"(max-width: 704px) 100vw, 704px\" \/>\t\t\t\t\t<\/a>\n\t\t\t\t\t\t\t<\/div>\n\t\t\t\t\t\t<h4 class=\"uagb-post__title uagb-post__text\">\n\t\t\t\t<a href=\"https:\/\/portaleseducativos.educarex.es\/formacion21\/ejemplo-de-articulo\/\" target=\"_self\" rel=\"bookmark noopener noreferrer\">Ejemplo de art\u00edculo 5<\/a>\n\t\t\t<\/h4>\n\t\t\t\t\t\t<div class='uagb-post__text uagb-post-grid-byline'>\n\t\t\t\t\t\t\t\t<span class=\"uagb-post__author\">\n\t\t\t\t<span class=\"dashicons-admin-users dashicons\"><\/span>\t\t\t\t\t<a href=\"https:\/\/portaleseducativos.educarex.es\/formacion21\/author\/admin257\/\" title=\"Entradas de Manuel Narv\u00e1ez Mart\u00ednez\" rel=\"author\">Manuel Narv\u00e1ez Mart\u00ednez<\/a>\t\t\t\t<\/span>\n\t\t\t\t\t\t\t<time datetime=\"2023-03-14T13:15:56+01:00\" class=\"uagb-post__date\">\n\t\t\t\t<span class=\"dashicons-calendar dashicons\"><\/span>\t\t\t\t\t14 de marzo de 2023\t\t\t\t<\/time>\n\t\t\t\t\t\t<\/div>\n\t\t\t\t\t\t\t<div class='uagb-post__text uagb-post__excerpt'>\n\t\t\t\t\t<p>Donec posuere augue lorem. Praesent lobortis sed mi a auctor. In non blandit orci. Phasellus id tellus ac diam tempor euismod. In nec erat risus. Morbi velit leo, euismod eu&#8230;\t\t\t\t<\/div>\n\t\t\t\t\t\t<div class=\"uagb-post__text uagb-post__cta wp-block-button\">\n\t\t\t\t<a class=\"wp-block-button__link uagb-text-link\" style=\"\" href=\"https:\/\/portaleseducativos.educarex.es\/formacion21\/ejemplo-de-articulo\/\" target=\"_self\" rel=\"bookmark noopener noreferrer\">Leer m\u00e1s<\/a>\n\t\t\t<\/div>\n\t\t\t\n\t\t\t\t\t\t\t\t\t<\/article>\n\t\t\t\t\t\t\t\t\t\t\t<\/div>\n\t\t\t","protected":false},"excerpt":{"rendered":"<p>Horario Normas Novedades<\/p>\n","protected":false},"author":2,"featured_media":496,"parent":64,"menu_order":0,"comment_status":"closed","ping_status":"closed","template":"","meta":{"_uag_custom_page_level_css":"","_editorskit_title_hidden":true,"_editorskit_reading_time":1,"_editorskit_is_block_options_detached":false,"_editorskit_block_options_position":"{}","footnotes":""},"class_list":["post-309","page","type-page","status-publish","has-post-thumbnail","hentry"],"uagb_featured_image_src":{"full":["https:\/\/portaleseducativos.educarex.es\/formacion21\/wp-content\/uploads\/sites\/312\/2023\/03\/banner_espacio_biblidoteca.png",1024,178,false],"thumbnail":["https:\/\/portaleseducativos.educarex.es\/formacion21\/wp-content\/uploads\/sites\/312\/2023\/03\/banner_espacio_biblidoteca.png",300,52,false],"medium":["https:\/\/portaleseducativos.educarex.es\/formacion21\/wp-content\/uploads\/sites\/312\/2023\/03\/banner_espacio_biblidoteca.png",600,104,false],"medium_large":["https:\/\/portaleseducativos.educarex.es\/formacion21\/wp-content\/uploads\/sites\/312\/2023\/03\/banner_espacio_biblidoteca-768x134.png",768,134,true],"large":["https:\/\/portaleseducativos.educarex.es\/formacion21\/wp-content\/uploads\/sites\/312\/2023\/03\/banner_espacio_biblidoteca.png",1024,178,false],"1536x1536":["https:\/\/portaleseducativos.educarex.es\/formacion21\/wp-content\/uploads\/sites\/312\/2023\/03\/banner_espacio_biblidoteca.png",1024,178,false],"2048x2048":["https:\/\/portaleseducativos.educarex.es\/formacion21\/wp-content\/uploads\/sites\/312\/2023\/03\/banner_espacio_biblidoteca.png",1024,178,false]},"uagb_author_info":{"display_name":"Manuel Narv\u00e1ez Mart\u00ednez","author_link":"https:\/\/portaleseducativos.educarex.es\/formacion21\/author\/admin257\/"},"uagb_comment_info":0,"uagb_excerpt":"Horario Normas Novedades","_links":{"self":[{"href":"https:\/\/portaleseducativos.educarex.es\/formacion21\/wp-json\/wp\/v2\/pages\/309","targetHints":{"allow":["GET"]}}],"collection":[{"href":"https:\/\/portaleseducativos.educarex.es\/formacion21\/wp-json\/wp\/v2\/pages"}],"about":[{"href":"https:\/\/portaleseducativos.educarex.es\/formacion21\/wp-json\/wp\/v2\/types\/page"}],"author":[{"embeddable":true,"href":"https:\/\/portaleseducativos.educarex.es\/formacion21\/wp-json\/wp\/v2\/users\/2"}],"replies":[{"embeddable":true,"href":"https:\/\/portaleseducativos.educarex.es\/formacion21\/wp-json\/wp\/v2\/comments?post=309"}],"version-history":[{"count":0,"href":"https:\/\/portaleseducativos.educarex.es\/formacion21\/wp-json\/wp\/v2\/pages\/309\/revisions"}],"up":[{"embeddable":true,"href":"https:\/\/portaleseducativos.educarex.es\/formacion21\/wp-json\/wp\/v2\/pages\/64"}],"wp:featuredmedia":[{"embeddable":true,"href":"https:\/\/portaleseducativos.educarex.es\/formacion21\/wp-json\/wp\/v2\/media\/496"}],"wp:attachment":[{"href":"https:\/\/portaleseducativos.educarex.es\/formacion21\/wp-json\/wp\/v2\/media?parent=309"}],"curies":[{"name":"wp","href":"https:\/\/api.w.org\/{rel}","templated":true}]}}