{"id":84,"date":"2023-02-02T09:31:31","date_gmt":"2023-02-02T08:31:31","guid":{"rendered":"https:\/\/portaleseducativos.educarex.es\/formacion21\/?p=84"},"modified":"2023-03-21T19:41:48","modified_gmt":"2023-03-21T18:41:48","slug":"departamentos","status":"publish","type":"page","link":"https:\/\/portaleseducativos.educarex.es\/formacion21\/departamentos\/","title":{"rendered":"Departamentos"},"content":{"rendered":"\n<p>La oferta formativa de nuestro centro se lleva a cabo a trav\u00e9s de los siguientes departamentos did\u00e1cticos: <\/p>\n\n\n\n<div class=\"wp-block-columns is-layout-flex wp-container-core-columns-is-layout-9d6595d7 wp-block-columns-is-layout-flex\">\n<div class=\"wp-block-column is-layout-flow wp-block-column-is-layout-flow\">\n<div class=\"wp-block-media-text alignwide is-stacked-on-mobile\" style=\"grid-template-columns:15% auto\"><figure class=\"wp-block-media-text__media\"><img loading=\"lazy\" decoding=\"async\" width=\"128\" height=\"128\" src=\"https:\/\/portaleseducativos.educarex.es\/formacion21\/wp-content\/uploads\/sites\/312\/2023\/03\/icono_departamento_ccnn.png\" alt=\"\" class=\"wp-image-512 size-full\"\/><\/figure><div class=\"wp-block-media-text__content\">\n<p>Biolog\u00eda y Geolog\u00eda<\/p>\n<\/div><\/div>\n\n\n\n<div class=\"wp-block-media-text alignwide is-stacked-on-mobile\" style=\"grid-template-columns:15% auto\"><figure class=\"wp-block-media-text__media\"><img loading=\"lazy\" decoding=\"async\" width=\"128\" height=\"128\" src=\"https:\/\/portaleseducativos.educarex.es\/formacion21\/wp-content\/uploads\/sites\/312\/2023\/03\/icono_departamento_educacion_fisica.png\" alt=\"\" class=\"wp-image-514 size-full\"\/><\/figure><div class=\"wp-block-media-text__content\">\n<p>Educaci\u00f3n F\u00edsica<\/p>\n<\/div><\/div>\n\n\n\n<div class=\"wp-block-media-text alignwide is-stacked-on-mobile\" style=\"grid-template-columns:15% auto\"><figure class=\"wp-block-media-text__media\"><img loading=\"lazy\" decoding=\"async\" width=\"128\" height=\"128\" src=\"https:\/\/portaleseducativos.educarex.es\/formacion21\/wp-content\/uploads\/sites\/312\/2023\/03\/icono_departamento_fisica_quimica.png\" alt=\"\" class=\"wp-image-516 size-full\"\/><\/figure><div class=\"wp-block-media-text__content\">\n<p>F\u00edsica y Qu\u00edmica<\/p>\n<\/div><\/div>\n\n\n\n<div class=\"wp-block-media-text alignwide is-stacked-on-mobile\" style=\"grid-template-columns:15% auto\"><figure class=\"wp-block-media-text__media\"><img loading=\"lazy\" decoding=\"async\" width=\"128\" height=\"128\" src=\"https:\/\/portaleseducativos.educarex.es\/formacion21\/wp-content\/uploads\/sites\/312\/2023\/03\/icono_departamento_informatica.png\" alt=\"\" class=\"wp-image-520 size-full\"\/><\/figure><div class=\"wp-block-media-text__content\">\n<p>Inform\u00e1tica<\/p>\n<\/div><\/div>\n\n\n\n<div class=\"wp-block-media-text alignwide is-stacked-on-mobile\" style=\"grid-template-columns:15% auto\"><figure class=\"wp-block-media-text__media\"><img loading=\"lazy\" decoding=\"async\" width=\"128\" height=\"128\" src=\"https:\/\/portaleseducativos.educarex.es\/formacion21\/wp-content\/uploads\/sites\/312\/2023\/03\/icono_departamento_latin.png\" alt=\"\" class=\"wp-image-523 size-full\"\/><\/figure><div class=\"wp-block-media-text__content\">\n<p>Lat\u00edn y Griego<\/p>\n<\/div><\/div>\n\n\n\n<div class=\"wp-block-media-text alignwide is-stacked-on-mobile\" style=\"grid-template-columns:15% auto\"><figure class=\"wp-block-media-text__media\"><img loading=\"lazy\" decoding=\"async\" width=\"128\" height=\"128\" src=\"https:\/\/portaleseducativos.educarex.es\/formacion21\/wp-content\/uploads\/sites\/312\/2023\/03\/icono_departamento_matematicas.png\" alt=\"\" class=\"wp-image-525 size-full\"\/><\/figure><div class=\"wp-block-media-text__content\">\n<p>Matem\u00e1ticas<\/p>\n<\/div><\/div>\n\n\n\n<div class=\"wp-block-media-text alignwide is-stacked-on-mobile\" style=\"grid-template-columns:15% auto\"><figure class=\"wp-block-media-text__media\"><img loading=\"lazy\" decoding=\"async\" width=\"128\" height=\"128\" src=\"https:\/\/portaleseducativos.educarex.es\/formacion21\/wp-content\/uploads\/sites\/312\/2023\/03\/icono_departamento_orientacion.png\" alt=\"\" class=\"wp-image-527 size-full\"\/><\/figure><div class=\"wp-block-media-text__content\">\n<p>Orientaci\u00f3n<\/p>\n<\/div><\/div>\n\n\n\n<div class=\"wp-block-media-text alignwide is-stacked-on-mobile\" style=\"grid-template-columns:15% auto\"><figure class=\"wp-block-media-text__media\"><img loading=\"lazy\" decoding=\"async\" width=\"128\" height=\"128\" src=\"https:\/\/portaleseducativos.educarex.es\/formacion21\/wp-content\/uploads\/sites\/312\/2023\/03\/icono_departamento_religion.png\" alt=\"\" class=\"wp-image-529 size-full\"\/><\/figure><div class=\"wp-block-media-text__content\">\n<p>Religi\u00f3n<\/p>\n<\/div><\/div>\n<\/div>\n\n\n\n<div class=\"wp-block-column is-layout-flow wp-block-column-is-layout-flow\">\n<div class=\"wp-block-media-text alignwide is-stacked-on-mobile\" style=\"grid-template-columns:15% auto\"><figure class=\"wp-block-media-text__media\"><img loading=\"lazy\" decoding=\"async\" width=\"128\" height=\"128\" src=\"https:\/\/portaleseducativos.educarex.es\/formacion21\/wp-content\/uploads\/sites\/312\/2023\/03\/icono_departamento_ccss.png\" alt=\"\" class=\"wp-image-513 size-full\"\/><\/figure><div class=\"wp-block-media-text__content\">\n<p>Ciencias Sociales<\/p>\n<\/div><\/div>\n\n\n\n<div class=\"wp-block-media-text alignwide is-stacked-on-mobile\" style=\"grid-template-columns:15% auto\"><figure class=\"wp-block-media-text__media\"><img loading=\"lazy\" decoding=\"async\" width=\"128\" height=\"128\" src=\"https:\/\/portaleseducativos.educarex.es\/formacion21\/wp-content\/uploads\/sites\/312\/2023\/03\/icono_departamento_filosofia.png\" alt=\"\" class=\"wp-image-515 size-full\"\/><\/figure><div class=\"wp-block-media-text__content\">\n<p>Filosof\u00eda<\/p>\n<\/div><\/div>\n\n\n\n<div class=\"wp-block-media-text alignwide is-stacked-on-mobile\" style=\"grid-template-columns:15% auto\"><figure class=\"wp-block-media-text__media\"><img loading=\"lazy\" decoding=\"async\" width=\"128\" height=\"128\" src=\"https:\/\/portaleseducativos.educarex.es\/formacion21\/wp-content\/uploads\/sites\/312\/2023\/03\/icono_departamento_frances.png\" alt=\"\" class=\"wp-image-517 size-full\"\/><\/figure><div class=\"wp-block-media-text__content\">\n<p>Franc\u00e9s<\/p>\n<\/div><\/div>\n\n\n\n<div class=\"wp-block-media-text alignwide is-stacked-on-mobile\" style=\"grid-template-columns:15% auto\"><figure class=\"wp-block-media-text__media\"><img loading=\"lazy\" decoding=\"async\" width=\"128\" height=\"128\" src=\"https:\/\/portaleseducativos.educarex.es\/formacion21\/wp-content\/uploads\/sites\/312\/2023\/03\/icono_departamento_ingles.png\" alt=\"\" class=\"wp-image-522 size-full\"\/><\/figure><div class=\"wp-block-media-text__content\">\n<p>Ingl\u00e9s<\/p>\n<\/div><\/div>\n\n\n\n<div class=\"wp-block-media-text alignwide is-stacked-on-mobile\" style=\"grid-template-columns:15% auto\"><figure class=\"wp-block-media-text__media\"><img loading=\"lazy\" decoding=\"async\" width=\"128\" height=\"128\" src=\"https:\/\/portaleseducativos.educarex.es\/formacion21\/wp-content\/uploads\/sites\/312\/2023\/03\/icono_departamento_lengua.png\" alt=\"\" class=\"wp-image-524 size-full\"\/><\/figure><div class=\"wp-block-media-text__content\">\n<p>Lengua y Literatura<\/p>\n<\/div><\/div>\n\n\n\n<div class=\"wp-block-media-text alignwide is-stacked-on-mobile\" style=\"grid-template-columns:15% auto\"><figure class=\"wp-block-media-text__media\"><img loading=\"lazy\" decoding=\"async\" width=\"128\" height=\"128\" src=\"https:\/\/portaleseducativos.educarex.es\/formacion21\/wp-content\/uploads\/sites\/312\/2023\/03\/icono_departamento_musica.png\" alt=\"\" class=\"wp-image-829 size-full\"\/><\/figure><div class=\"wp-block-media-text__content\">\n<p>M\u00fasica<\/p>\n<\/div><\/div>\n\n\n\n<div class=\"wp-block-media-text alignwide is-stacked-on-mobile\" style=\"grid-template-columns:15% auto\"><figure class=\"wp-block-media-text__media\"><img loading=\"lazy\" decoding=\"async\" width=\"128\" height=\"128\" src=\"https:\/\/portaleseducativos.educarex.es\/formacion21\/wp-content\/uploads\/sites\/312\/2023\/03\/icono_departamento_plastica.png\" alt=\"\" class=\"wp-image-528 size-full\"\/><\/figure><div class=\"wp-block-media-text__content\">\n<p>Pl\u00e1stica y Visual<\/p>\n<\/div><\/div>\n\n\n\n<div class=\"wp-block-media-text alignwide is-stacked-on-mobile\" style=\"grid-template-columns:15% auto\"><figure class=\"wp-block-media-text__media\"><img loading=\"lazy\" decoding=\"async\" width=\"128\" height=\"128\" src=\"https:\/\/portaleseducativos.educarex.es\/formacion21\/wp-content\/uploads\/sites\/312\/2023\/03\/icono_departamento_tecnologia.png\" alt=\"\" class=\"wp-image-530 size-full\"\/><\/figure><div class=\"wp-block-media-text__content\">\n<p>Tecnolog\u00eda<\/p>\n<\/div><\/div>\n<\/div>\n<\/div>\n","protected":false},"excerpt":{"rendered":"<p>La oferta formativa de nuestro centro se lleva a cabo a trav\u00e9s de los siguientes departamentos did\u00e1cticos: Biolog\u00eda y Geolog\u00eda Educaci\u00f3n F\u00edsica F\u00edsica y Qu\u00edmica Inform\u00e1tica Lat\u00edn y Griego Matem\u00e1ticas [&hellip;]<\/p>\n","protected":false},"author":2,"featured_media":492,"parent":0,"menu_order":0,"comment_status":"closed","ping_status":"open","template":"","meta":{"_uag_custom_page_level_css":"","_editorskit_title_hidden":true,"_editorskit_reading_time":1,"_editorskit_is_block_options_detached":false,"_editorskit_block_options_position":"{}","footnotes":""},"class_list":["post-84","page","type-page","status-publish","has-post-thumbnail","hentry"],"uagb_featured_image_src":{"full":["https:\/\/portaleseducativos.educarex.es\/formacion21\/wp-content\/uploads\/sites\/312\/2023\/03\/banner_departamentos.png",1024,178,false],"thumbnail":["https:\/\/portaleseducativos.educarex.es\/formacion21\/wp-content\/uploads\/sites\/312\/2023\/03\/banner_departamentos.png",300,52,false],"medium":["https:\/\/portaleseducativos.educarex.es\/formacion21\/wp-content\/uploads\/sites\/312\/2023\/03\/banner_departamentos.png",600,104,false],"medium_large":["https:\/\/portaleseducativos.educarex.es\/formacion21\/wp-content\/uploads\/sites\/312\/2023\/03\/banner_departamentos-768x134.png",768,134,true],"large":["https:\/\/portaleseducativos.educarex.es\/formacion21\/wp-content\/uploads\/sites\/312\/2023\/03\/banner_departamentos.png",1024,178,false],"1536x1536":["https:\/\/portaleseducativos.educarex.es\/formacion21\/wp-content\/uploads\/sites\/312\/2023\/03\/banner_departamentos.png",1024,178,false],"2048x2048":["https:\/\/portaleseducativos.educarex.es\/formacion21\/wp-content\/uploads\/sites\/312\/2023\/03\/banner_departamentos.png",1024,178,false]},"uagb_author_info":{"display_name":"Manuel Narv\u00e1ez Mart\u00ednez","author_link":"https:\/\/portaleseducativos.educarex.es\/formacion21\/author\/admin257\/"},"uagb_comment_info":0,"uagb_excerpt":"La oferta formativa de nuestro centro se lleva a cabo a trav\u00e9s de los siguientes departamentos did\u00e1cticos: Biolog\u00eda y Geolog\u00eda Educaci\u00f3n F\u00edsica F\u00edsica y Qu\u00edmica Inform\u00e1tica Lat\u00edn y Griego Matem\u00e1ticas [&hellip;]","_links":{"self":[{"href":"https:\/\/portaleseducativos.educarex.es\/formacion21\/wp-json\/wp\/v2\/pages\/84","targetHints":{"allow":["GET"]}}],"collection":[{"href":"https:\/\/portaleseducativos.educarex.es\/formacion21\/wp-json\/wp\/v2\/pages"}],"about":[{"href":"https:\/\/portaleseducativos.educarex.es\/formacion21\/wp-json\/wp\/v2\/types\/page"}],"author":[{"embeddable":true,"href":"https:\/\/portaleseducativos.educarex.es\/formacion21\/wp-json\/wp\/v2\/users\/2"}],"replies":[{"embeddable":true,"href":"https:\/\/portaleseducativos.educarex.es\/formacion21\/wp-json\/wp\/v2\/comments?post=84"}],"version-history":[{"count":0,"href":"https:\/\/portaleseducativos.educarex.es\/formacion21\/wp-json\/wp\/v2\/pages\/84\/revisions"}],"wp:featuredmedia":[{"embeddable":true,"href":"https:\/\/portaleseducativos.educarex.es\/formacion21\/wp-json\/wp\/v2\/media\/492"}],"wp:attachment":[{"href":"https:\/\/portaleseducativos.educarex.es\/formacion21\/wp-json\/wp\/v2\/media?parent=84"}],"curies":[{"name":"wp","href":"https:\/\/api.w.org\/{rel}","templated":true}]}}