{"id":184,"date":"2023-02-04T13:58:18","date_gmt":"2023-02-04T12:58:18","guid":{"rendered":"https:\/\/portaleseducativos.educarex.es\/formacion22\/?page_id=184"},"modified":"2023-03-28T20:38:32","modified_gmt":"2023-03-28T18:38:32","slug":"meteoescuela","status":"publish","type":"page","link":"https:\/\/portaleseducativos.educarex.es\/formacion22\/proyectos\/meteoescuela\/","title":{"rendered":"MeteoEscuela"},"content":{"rendered":"\n<p><strong><a href=\"https:\/\/meteoescuela.aemet.es\/extremadura\/blog\/noticia\/arranca-meteoescuela-extremadura\" target=\"_blank\" aria-label=\"Meteoescuela (opens in a new tab)\" rel=\"noreferrer noopener\" class=\"ek-link\">Meteoescuela<\/a><\/strong> es un proyecto educativo y divulgativo sobre meteorolog\u00eda y cambio clim\u00e1tico desarrollado por la Agencia Estatal de Meteorolog\u00eda (AEMET) en Espa\u00f1a. El objetivo de Meteoescuela es acercar la ciencia meteorol\u00f3gica a los estudiantes y al p\u00fablico en general a trav\u00e9s de una amplia variedad de recursos educativos y did\u00e1cticos.<\/p>\n\n\n\n<p>El proyecto Meteoescuela ofrece una serie de materiales did\u00e1cticos gratuitos, como gu\u00edas did\u00e1cticas, presentaciones, v\u00eddeos educativos, juegos interactivos, entre otros recursos, que se pueden utilizar en las aulas y en el hogar para aprender sobre meteorolog\u00eda y cambio clim\u00e1tico de una manera divertida y did\u00e1ctica.<\/p>\n\n\n\n<h2 class=\"wp-block-heading\">Novedades<\/h2>\n\n\n\n\t\t\t<div class=\"wp-block-uagb-post-grid uagb-post-grid  uagb-post__image-position-top uagb-post__image-enabled uagb-block-37cd6462     uagb-post__items uagb-post__columns-2 is-grid uagb-post__columns-tablet-2 uagb-post__columns-mobile-1 uagb-post__equal-height\" data-total=\"0\" style=\"\">\n\n\t\t\t\t\t\t\t\t\t<p class=\"uagb-post__no-posts\">\n\t\t\t\t\t\tNo hay art\u00edculos sobre el programa MeteoEscuela\t\t\t\t\t<\/p>\n\t\t\t\t\t\t\t\t<\/div>\n\t\t\t","protected":false},"excerpt":{"rendered":"<p>Meteoescuela es un proyecto educativo y divulgativo sobre meteorolog\u00eda y cambio clim\u00e1tico desarrollado por la Agencia Estatal de Meteorolog\u00eda (AEMET) en Espa\u00f1a. El objetivo de Meteoescuela es acercar la ciencia [&hellip;]<\/p>\n","protected":false},"author":2,"featured_media":325,"parent":69,"menu_order":0,"comment_status":"closed","ping_status":"closed","template":"","meta":{"_uag_custom_page_level_css":"","_editorskit_title_hidden":true,"_editorskit_reading_time":1,"_editorskit_is_block_options_detached":false,"_editorskit_block_options_position":"{}","footnotes":""},"class_list":["post-184","page","type-page","status-publish","has-post-thumbnail","hentry"],"uagb_featured_image_src":{"full":["https:\/\/portaleseducativos.educarex.es\/formacion22\/wp-content\/uploads\/sites\/313\/2023\/02\/banner_meteoescuela.png",1024,179,false],"thumbnail":["https:\/\/portaleseducativos.educarex.es\/formacion22\/wp-content\/uploads\/sites\/313\/2023\/02\/banner_meteoescuela.png",300,52,false],"medium":["https:\/\/portaleseducativos.educarex.es\/formacion22\/wp-content\/uploads\/sites\/313\/2023\/02\/banner_meteoescuela.png",600,105,false],"medium_large":["https:\/\/portaleseducativos.educarex.es\/formacion22\/wp-content\/uploads\/sites\/313\/2023\/02\/banner_meteoescuela-768x134.png",768,134,true],"large":["https:\/\/portaleseducativos.educarex.es\/formacion22\/wp-content\/uploads\/sites\/313\/2023\/02\/banner_meteoescuela.png",1024,179,false],"1536x1536":["https:\/\/portaleseducativos.educarex.es\/formacion22\/wp-content\/uploads\/sites\/313\/2023\/02\/banner_meteoescuela.png",1024,179,false],"2048x2048":["https:\/\/portaleseducativos.educarex.es\/formacion22\/wp-content\/uploads\/sites\/313\/2023\/02\/banner_meteoescuela.png",1024,179,false]},"uagb_author_info":{"display_name":"Manuel Narv\u00e1ez Mart\u00ednez","author_link":"https:\/\/portaleseducativos.educarex.es\/formacion22\/author\/admin257\/"},"uagb_comment_info":0,"uagb_excerpt":"Meteoescuela es un proyecto educativo y divulgativo sobre meteorolog\u00eda y cambio clim\u00e1tico desarrollado por la Agencia Estatal de Meteorolog\u00eda (AEMET) en Espa\u00f1a. El objetivo de Meteoescuela es acercar la ciencia [&hellip;]","_links":{"self":[{"href":"https:\/\/portaleseducativos.educarex.es\/formacion22\/wp-json\/wp\/v2\/pages\/184","targetHints":{"allow":["GET"]}}],"collection":[{"href":"https:\/\/portaleseducativos.educarex.es\/formacion22\/wp-json\/wp\/v2\/pages"}],"about":[{"href":"https:\/\/portaleseducativos.educarex.es\/formacion22\/wp-json\/wp\/v2\/types\/page"}],"author":[{"embeddable":true,"href":"https:\/\/portaleseducativos.educarex.es\/formacion22\/wp-json\/wp\/v2\/users\/2"}],"replies":[{"embeddable":true,"href":"https:\/\/portaleseducativos.educarex.es\/formacion22\/wp-json\/wp\/v2\/comments?post=184"}],"version-history":[{"count":0,"href":"https:\/\/portaleseducativos.educarex.es\/formacion22\/wp-json\/wp\/v2\/pages\/184\/revisions"}],"up":[{"embeddable":true,"href":"https:\/\/portaleseducativos.educarex.es\/formacion22\/wp-json\/wp\/v2\/pages\/69"}],"wp:featuredmedia":[{"embeddable":true,"href":"https:\/\/portaleseducativos.educarex.es\/formacion22\/wp-json\/wp\/v2\/media\/325"}],"wp:attachment":[{"href":"https:\/\/portaleseducativos.educarex.es\/formacion22\/wp-json\/wp\/v2\/media?parent=184"}],"curies":[{"name":"wp","href":"https:\/\/api.w.org\/{rel}","templated":true}]}}