{"id":187,"date":"2023-02-04T13:52:14","date_gmt":"2023-02-04T12:52:14","guid":{"rendered":"https:\/\/portaleseducativos.educarex.es\/formacion24\/?page_id=187"},"modified":"2023-03-28T20:34:41","modified_gmt":"2023-03-28T18:34:41","slug":"cite","status":"publish","type":"page","link":"https:\/\/portaleseducativos.educarex.es\/formacion24\/proyectos\/cite\/","title":{"rendered":"CITE"},"content":{"rendered":"\n<p><strong><a href=\"https:\/\/emtic.educarex.es\/citesite\" target=\"_blank\" aria-label=\"El programa CITE (opens in a new tab)\" rel=\"noreferrer noopener\" class=\"ek-link\">El programa CITE<\/a><\/strong> promueve proyectos que favorezcan la utilizaci\u00f3n de metodolog\u00edas activas, el trabajo colaborativo y multidisciplinar, el desarrollo de procedimientos de indagaci\u00f3n y experimentaci\u00f3n por parte del alumnado participante, la programaci\u00f3n, el modelizado de productos y la implicaci\u00f3n de los procesos educativos con el entorno.<\/p>\n\n\n\n<h2 class=\"wp-block-heading\">Novedades<\/h2>\n\n\n\n\t\t\t<div class=\"wp-block-uagb-post-grid uagb-post-grid  uagb-post__image-position-top uagb-post__image-enabled uagb-block-c756d796     uagb-post__items uagb-post__columns-2 is-grid uagb-post__columns-tablet-2 uagb-post__columns-mobile-1 uagb-post__equal-height\" data-total=\"0\" style=\"\">\n\n\t\t\t\t\t\t\t\t\t<p class=\"uagb-post__no-posts\">\n\t\t\t\t\t\tNo hay art\u00edculos sobre el programa CITE\t\t\t\t\t<\/p>\n\t\t\t\t\t\t\t\t<\/div>\n\t\t\t","protected":false},"excerpt":{"rendered":"<p>El programa CITE promueve proyectos que favorezcan la utilizaci\u00f3n de metodolog\u00edas activas, el trabajo colaborativo y multidisciplinar, el desarrollo de procedimientos de indagaci\u00f3n y experimentaci\u00f3n por parte del alumnado participante, [&hellip;]<\/p>\n","protected":false},"author":2,"featured_media":330,"parent":69,"menu_order":0,"comment_status":"closed","ping_status":"closed","template":"","meta":{"_uag_custom_page_level_css":"","_editorskit_title_hidden":true,"_editorskit_reading_time":1,"_editorskit_is_block_options_detached":false,"_editorskit_block_options_position":"{}","footnotes":""},"class_list":["post-187","page","type-page","status-publish","has-post-thumbnail","hentry"],"uagb_featured_image_src":{"full":["https:\/\/portaleseducativos.educarex.es\/formacion24\/wp-content\/uploads\/sites\/315\/2023\/02\/banner_cite.png",1025,178,false],"thumbnail":["https:\/\/portaleseducativos.educarex.es\/formacion24\/wp-content\/uploads\/sites\/315\/2023\/02\/banner_cite.png",300,52,false],"medium":["https:\/\/portaleseducativos.educarex.es\/formacion24\/wp-content\/uploads\/sites\/315\/2023\/02\/banner_cite.png",600,104,false],"medium_large":["https:\/\/portaleseducativos.educarex.es\/formacion24\/wp-content\/uploads\/sites\/315\/2023\/02\/banner_cite-768x133.png",768,133,true],"large":["https:\/\/portaleseducativos.educarex.es\/formacion24\/wp-content\/uploads\/sites\/315\/2023\/02\/banner_cite.png",1025,178,false],"1536x1536":["https:\/\/portaleseducativos.educarex.es\/formacion24\/wp-content\/uploads\/sites\/315\/2023\/02\/banner_cite.png",1025,178,false],"2048x2048":["https:\/\/portaleseducativos.educarex.es\/formacion24\/wp-content\/uploads\/sites\/315\/2023\/02\/banner_cite.png",1025,178,false]},"uagb_author_info":{"display_name":"Manuel Narv\u00e1ez Mart\u00ednez","author_link":"https:\/\/portaleseducativos.educarex.es\/formacion24\/author\/admin257\/"},"uagb_comment_info":0,"uagb_excerpt":"El programa CITE promueve proyectos que favorezcan la utilizaci\u00f3n de metodolog\u00edas activas, el trabajo colaborativo y multidisciplinar, el desarrollo de procedimientos de indagaci\u00f3n y experimentaci\u00f3n por parte del alumnado participante, [&hellip;]","_links":{"self":[{"href":"https:\/\/portaleseducativos.educarex.es\/formacion24\/wp-json\/wp\/v2\/pages\/187","targetHints":{"allow":["GET"]}}],"collection":[{"href":"https:\/\/portaleseducativos.educarex.es\/formacion24\/wp-json\/wp\/v2\/pages"}],"about":[{"href":"https:\/\/portaleseducativos.educarex.es\/formacion24\/wp-json\/wp\/v2\/types\/page"}],"author":[{"embeddable":true,"href":"https:\/\/portaleseducativos.educarex.es\/formacion24\/wp-json\/wp\/v2\/users\/2"}],"replies":[{"embeddable":true,"href":"https:\/\/portaleseducativos.educarex.es\/formacion24\/wp-json\/wp\/v2\/comments?post=187"}],"version-history":[{"count":0,"href":"https:\/\/portaleseducativos.educarex.es\/formacion24\/wp-json\/wp\/v2\/pages\/187\/revisions"}],"up":[{"embeddable":true,"href":"https:\/\/portaleseducativos.educarex.es\/formacion24\/wp-json\/wp\/v2\/pages\/69"}],"wp:featuredmedia":[{"embeddable":true,"href":"https:\/\/portaleseducativos.educarex.es\/formacion24\/wp-json\/wp\/v2\/media\/330"}],"wp:attachment":[{"href":"https:\/\/portaleseducativos.educarex.es\/formacion24\/wp-json\/wp\/v2\/media?parent=187"}],"curies":[{"name":"wp","href":"https:\/\/api.w.org\/{rel}","templated":true}]}}