{"id":559,"date":"2023-03-13T12:02:05","date_gmt":"2023-03-13T11:02:05","guid":{"rendered":"https:\/\/portaleseducativos.educarex.es\/formacion3\/?page_id=559"},"modified":"2023-03-17T13:33:07","modified_gmt":"2023-03-17T12:33:07","slug":"eventos","status":"publish","type":"page","link":"https:\/\/portaleseducativos.educarex.es\/formacion3\/eventos\/","title":{"rendered":"Eventos"},"content":{"rendered":"\n<h2 class=\"wp-block-heading\">Organizados por nuestro centro<\/h2>\n\n\n<!=========Events list Template 2.6.2=========><div id=\"ect-events-list-content\"><div id=\"list-wrp\" class=\"ect-list-wrapper centro\"><div id=\"event-551\" class=\"ect-list-post style-1 ect-simple-event all\"><div class=\"ect-list-post-left \">\n\t\t\t\t<div class=\"ect-list-img\" style=\"background-image:url(&#039;https:\/\/portaleseducativos.educarex.es\/formacion3\/wp-content\/uploads\/sites\/293\/2023\/03\/Lluvia-autobus-barco-San-Francisco-California-EE.UU_.-1440x2560-2.jpg&#039;);background-size:cover;\"><a href=\"https:\/\/portaleseducativos.educarex.es\/formacion3\/nevento\/evento-2\/\" alt=\"Evento 2\" rel=\"bookmark\"><div class=\"ect-list-date\"><div class=\"ect-date-area default-schedule\"><span class=\"ev-day\">30<\/span>\n\t\t\t\t\t<span class=\"ev-mo\">Abr<\/span><\/div><\/div><\/a><\/div><\/div><!-- left-post close --><div class=\"ect-list-post-right\">\n\t\t\t\t<div class=\"ect-list-post-right-table\"><div class=\"ect-list-description\"><h2 class=\"ect-list-title\"><a class=\"ect-event-url\" href=\"https:\/\/portaleseducativos.educarex.es\/formacion3\/nevento\/evento-2\/\" rel=\"bookmark\">Evento 2<\/a><\/h2><!-- Event Content --><div class=\"ect-event-content\"><p>Vivamus vehicula augue massa, a efficitur quam tincidunt a. Praesent fermentum congue neque vitae volutpat. Nunc interdum consectetur sem, et ultrices massa. Pellentesque vel feugiat mauris, in hendrerit sem. Integer [&hellip;]<\/p>\n<\/div><!-- Event Ticket Price Info -->\n                 <div class=\"ect-rate-area\">\n                 <span class=\"ect-icon\"><i class=\"ect-icon-ticket\"><\/i><\/span>\n                 <span class=\"ect-rate\">Gratuito<\/span>\n                 <\/div><a href=\"https:\/\/portaleseducativos.educarex.es\/formacion3\/nevento\/evento-2\/\" class=\"ect-events-read-more\" rel=\"bookmark\">Find out more<\/a><\/div><div class=\"ect-list-venue default-venue\"><span class=\"ect-icon\"><i class=\"ect-icon-location\"><\/i><\/span><!-- Event Venue Info -->\n\t\t\t\t\t\t\t<span class=\"ect-venue-details ect-address\">\n\t\t\t\t\t\t\t<div>Biblioteca,<span class=\"tribe-address\">\n\n<span class=\"tribe-street-address\">IES Donoso Cort\u00e9s<\/span>\n\t\n\t\t<br>\n\t\t<span class=\"tribe-locality\">Don Benito<\/span><span class=\"tribe-delimiter\">,<\/span>\n\n\n\n\n<\/span>\n<\/div><span class=\"ect-google\"><a class=\"tribe-events-gmap\" href=\"https:\/\/maps.google.com\/maps?f=q&#038;source=s_q&#038;hl=en&#038;geocode=&#038;q=IES+Donoso+Cort%C3%A9s+Don+Benito\" title=\"Haz clic para ver un mapa de Google\" target=\"_blank\" rel=\"noreferrer noopener\">+ Google Map<\/a><\/span><\/span><\/div><\/div><\/div><!-- right-wrapper close --><\/div><!-- event-loop-end --><div id=\"event-547\" class=\"ect-list-post style-1 ect-simple-event all\"><div class=\"ect-list-post-left \">\n\t\t\t\t<div class=\"ect-list-img\" style=\"background-image:url(&#039;https:\/\/portaleseducativos.educarex.es\/formacion3\/wp-content\/uploads\/sites\/293\/2023\/03\/1240px-Enallagma_cyathigerum_1loz-1.jpg&#039;);background-size:cover;\"><a href=\"https:\/\/portaleseducativos.educarex.es\/formacion3\/nevento\/evento-1\/\" alt=\"Evento 1\" rel=\"bookmark\"><div class=\"ect-list-date\"><div class=\"ect-date-area default-schedule\"><span class=\"ev-day\">18<\/span>\n\t\t\t\t\t<span class=\"ev-mo\">Mar<\/span><\/div><\/div><\/a><\/div><\/div><!-- left-post close --><div class=\"ect-list-post-right\">\n\t\t\t\t<div class=\"ect-list-post-right-table\"><div class=\"ect-list-description\"><h2 class=\"ect-list-title\"><a class=\"ect-event-url\" href=\"https:\/\/portaleseducativos.educarex.es\/formacion3\/nevento\/evento-1\/\" rel=\"bookmark\">Evento 1<\/a><\/h2><!-- Event Content --><div class=\"ect-event-content\"><p>Lorem ipsum dolor sit amet, consectetur adipiscing elit. Sed efficitur efficitur nisi, at feugiat lorem molestie sit amet. Donec eu commodo dui, sit amet gravida elit. In ornare orci tortor, [&hellip;]<\/p>\n<\/div><!-- Event Ticket Price Info -->\n                 <div class=\"ect-rate-area\">\n                 <span class=\"ect-icon\"><i class=\"ect-icon-ticket\"><\/i><\/span>\n                 <span class=\"ect-rate\">Gratuito<\/span>\n                 <\/div><a href=\"https:\/\/portaleseducativos.educarex.es\/formacion3\/nevento\/evento-1\/\" class=\"ect-events-read-more\" rel=\"bookmark\">Find out more<\/a><\/div><div class=\"ect-list-venue default-venue\"><span class=\"ect-icon\"><i class=\"ect-icon-location\"><\/i><\/span><!-- Event Venue Info -->\n\t\t\t\t\t\t\t<span class=\"ect-venue-details ect-address\">\n\t\t\t\t\t\t\t<div>Sal\u00f3n de actos,<span class=\"tribe-address\">\n\n<span class=\"tribe-street-address\">IES Donoso Cort\u00e9s<\/span>\n\t\n\t\t<br>\n\t\t<span class=\"tribe-locality\">Don Benito<\/span><span class=\"tribe-delimiter\">,<\/span>\n\n\n\n\n<\/span>\n<\/div><span class=\"ect-google\"><a class=\"tribe-events-gmap\" href=\"https:\/\/maps.google.com\/maps?f=q&#038;source=s_q&#038;hl=en&#038;geocode=&#038;q=IES+Donoso+Cort%C3%A9s+Don+Benito\" title=\"Haz clic para ver un mapa de Google\" target=\"_blank\" rel=\"noreferrer noopener\">+ Google Map<\/a><\/span><\/span><\/div><\/div><\/div><!-- right-wrapper close --><\/div><!-- event-loop-end --><\/div><\/div>\n\n\n\n<h2 class=\"wp-block-heading\">Otros eventos de inter\u00e9s educativo<\/h2>\n\n\n<!=========Events list Template 2.6.2=========><div id=\"ect-events-list-content\"><div id=\"list-wrp\" class=\"ect-list-wrapper externos\"><div id=\"event-881\" class=\"ect-list-post style-1 ect-simple-event all\"><div class=\"ect-list-post-left \">\n\t\t\t\t<div class=\"ect-list-img\" style=\"background-image:url(&#039;https:\/\/portaleseducativos.educarex.es\/formacion3\/wp-content\/uploads\/sites\/293\/2023\/03\/escuelaruralconcrego.jpg&#039;);background-size:cover;\"><a href=\"https:\/\/portaleseducativos.educarex.es\/formacion3\/nevento\/congreso-nacional-de-escuela-rural-una-escuela-con-singularidad-propia\/\" alt=\"IX Congreso Ib\u00e9rico de Ciencias Hort\u00edcolas\" rel=\"bookmark\"><div class=\"ect-list-date\"><div class=\"ect-date-area default-schedule\"><span class=\"ev-day\">17<\/span>\n\t\t\t\t\t<span class=\"ev-mo\">Mar<\/span><\/div><\/div><\/a><\/div><\/div><!-- left-post close --><div class=\"ect-list-post-right\">\n\t\t\t\t<div class=\"ect-list-post-right-table\"><div class=\"ect-list-description\"><h2 class=\"ect-list-title\"><a class=\"ect-event-url\" href=\"https:\/\/portaleseducativos.educarex.es\/formacion3\/nevento\/congreso-nacional-de-escuela-rural-una-escuela-con-singularidad-propia\/\" rel=\"bookmark\">IX Congreso Ib\u00e9rico de Ciencias Hort\u00edcolas<\/a><\/h2><!-- Event Content --><div class=\"ect-event-content\"><p>La localidad cacere\u00f1a de Navalmoral de la Mata acoger\u00e1 el I Congreso Nacional de Escuela Rural. Un evento organizado por M\u00f3rula Asociaci\u00f3n Educativa y el Ministerio de Educaci\u00f3n y Formaci\u00f3n [&hellip;]<\/p>\n<\/div><!-- Event Ticket Price Info -->\n                 <div class=\"ect-rate-area\">\n                 <span class=\"ect-icon\"><i class=\"ect-icon-ticket\"><\/i><\/span>\n                 <span class=\"ect-rate\">Gratuito<\/span>\n                 <\/div><a href=\"https:\/\/portaleseducativos.educarex.es\/formacion3\/nevento\/congreso-nacional-de-escuela-rural-una-escuela-con-singularidad-propia\/\" class=\"ect-events-read-more\" rel=\"bookmark\">Find out more<\/a><\/div><div class=\"ect-list-venue default-venue\"><span class=\"ect-icon\"><i class=\"ect-icon-location\"><\/i><\/span><!-- Event Venue Info -->\n\t\t\t\t\t\t\t<span class=\"ect-venue-details ect-address\">\n\t\t\t\t\t\t\t<div>Casa de la Cultura,<span class=\"tribe-address\">\n\n<span class=\"tribe-street-address\">General Aranda n\u00ba 7<\/span>\n\t\n\t\t<br>\n\t\t<span class=\"tribe-locality\">Navalmoral de la Mata<\/span><span class=\"tribe-delimiter\">,<\/span>\n\n\t<abbr class=\"tribe-region tribe-events-abbr\" title=\"C\u00e1ceres\">C\u00e1ceres<\/abbr>\n\n\t<span class=\"tribe-postal-code\">10300<\/span>\n\n\n<\/span>\n<\/div><span class=\"ect-google\"><a class=\"tribe-events-gmap\" href=\"https:\/\/maps.google.com\/maps?f=q&#038;source=s_q&#038;hl=en&#038;geocode=&#038;q=General+Aranda+n%C2%BA+7+Navalmoral+de+la+Mata+C%C3%A1ceres+10300\" title=\"Haz clic para ver un mapa de Google\" target=\"_blank\" rel=\"noreferrer noopener\">+ Google Map<\/a><\/span><\/span><\/div><\/div><\/div><!-- right-wrapper close --><\/div><!-- event-loop-end --><\/div><\/div>\n","protected":false},"excerpt":{"rendered":"<p>Organizados por nuestro centro Otros eventos de inter\u00e9s educativo<\/p>\n","protected":false},"author":2,"featured_media":490,"parent":0,"menu_order":0,"comment_status":"closed","ping_status":"closed","template":"","meta":{"_uag_custom_page_level_css":"","_editorskit_title_hidden":true,"_editorskit_reading_time":1,"_editorskit_is_block_options_detached":false,"_editorskit_block_options_position":"{}","footnotes":""},"class_list":["post-559","page","type-page","status-publish","has-post-thumbnail","hentry","cat_externos"],"uagb_featured_image_src":{"full":["https:\/\/portaleseducativos.educarex.es\/formacion3\/wp-content\/uploads\/sites\/293\/2023\/03\/banner_espacio_eventos.png",1024,178,false],"thumbnail":["https:\/\/portaleseducativos.educarex.es\/formacion3\/wp-content\/uploads\/sites\/293\/2023\/03\/banner_espacio_eventos.png",300,52,false],"medium":["https:\/\/portaleseducativos.educarex.es\/formacion3\/wp-content\/uploads\/sites\/293\/2023\/03\/banner_espacio_eventos.png",600,104,false],"medium_large":["https:\/\/portaleseducativos.educarex.es\/formacion3\/wp-content\/uploads\/sites\/293\/2023\/03\/banner_espacio_eventos-768x134.png",768,134,true],"large":["https:\/\/portaleseducativos.educarex.es\/formacion3\/wp-content\/uploads\/sites\/293\/2023\/03\/banner_espacio_eventos.png",1024,178,false],"1536x1536":["https:\/\/portaleseducativos.educarex.es\/formacion3\/wp-content\/uploads\/sites\/293\/2023\/03\/banner_espacio_eventos.png",1024,178,false],"2048x2048":["https:\/\/portaleseducativos.educarex.es\/formacion3\/wp-content\/uploads\/sites\/293\/2023\/03\/banner_espacio_eventos.png",1024,178,false]},"uagb_author_info":{"display_name":"Manuel Narv\u00e1ez Mart\u00ednez","author_link":"https:\/\/portaleseducativos.educarex.es\/formacion3\/author\/admin257\/"},"uagb_comment_info":0,"uagb_excerpt":"Organizados por nuestro centro Otros eventos de inter\u00e9s educativo","_links":{"self":[{"href":"https:\/\/portaleseducativos.educarex.es\/formacion3\/wp-json\/wp\/v2\/pages\/559","targetHints":{"allow":["GET"]}}],"collection":[{"href":"https:\/\/portaleseducativos.educarex.es\/formacion3\/wp-json\/wp\/v2\/pages"}],"about":[{"href":"https:\/\/portaleseducativos.educarex.es\/formacion3\/wp-json\/wp\/v2\/types\/page"}],"author":[{"embeddable":true,"href":"https:\/\/portaleseducativos.educarex.es\/formacion3\/wp-json\/wp\/v2\/users\/2"}],"replies":[{"embeddable":true,"href":"https:\/\/portaleseducativos.educarex.es\/formacion3\/wp-json\/wp\/v2\/comments?post=559"}],"version-history":[{"count":0,"href":"https:\/\/portaleseducativos.educarex.es\/formacion3\/wp-json\/wp\/v2\/pages\/559\/revisions"}],"wp:featuredmedia":[{"embeddable":true,"href":"https:\/\/portaleseducativos.educarex.es\/formacion3\/wp-json\/wp\/v2\/media\/490"}],"wp:attachment":[{"href":"https:\/\/portaleseducativos.educarex.es\/formacion3\/wp-json\/wp\/v2\/media?parent=559"}],"curies":[{"name":"wp","href":"https:\/\/api.w.org\/{rel}","templated":true}]}}