{"id":15,"date":"2023-01-31T15:32:44","date_gmt":"2023-01-31T14:32:44","guid":{"rendered":"https:\/\/portaleseducativos.educarex.es\/formacion4\/?page_id=15"},"modified":"2023-07-04T17:08:09","modified_gmt":"2023-07-04T15:08:09","slug":"inicio","status":"publish","type":"page","link":"https:\/\/portaleseducativos.educarex.es\/formacion4\/","title":{"rendered":"Inicio"},"content":{"rendered":"\n<p class=\"eplus-wrapper\">Te damos la bienvenida a la p\u00e1gina web de nuestro centro. Navegando por sus men\u00fas podr\u00e1s  acceder a la informaci\u00f3n m\u00e1s relevante sobre c\u00f3mo est\u00e1 organizada nuestra vida acad\u00e9mica y nuestras actividades.<\/p>\n\n\n\n\t\t\t<div class=\"wp-block-uagb-post-grid uagb-post-grid  uagb-post__image-position-top uagb-post__image-enabled uagb-block-2ea691d5     uagb-post__items uagb-post__columns-2 is-grid uagb-post__columns-tablet-2 uagb-post__columns-mobile-1 uagb-post__equal-height uagb-equal_height_inline-read-more-buttons\" data-total=\"3\" style=\"\">\n\n\t\t\t\t\t\t\t\t\t\t\t\t<article class=\"uagb-post__inner-wrap\">\t\t\t\t\t\t\t\t<div class='uagb-post__image'>\n\t\t\t\t\t\t\t\t\t<a href=\"https:\/\/portaleseducativos.educarex.es\/formacion4\/concierto-dia-de-las-lenguas\/\" target=\"_self\" rel=\"bookmark noopener noreferrer\" class='uagb-image-ratio-inherit'><img loading=\"lazy\" decoding=\"async\" width=\"1200\" height=\"627\" src=\"https:\/\/portaleseducativos.educarex.es\/formacion4\/wp-content\/uploads\/sites\/294\/2025\/10\/pexels-photo-2014773-2014773.jpg\" class=\"attachment-large size-large\" alt=\"Black and white image of audience with hands raised, capturing concert energy.\" srcset=\"https:\/\/portaleseducativos.educarex.es\/formacion4\/wp-content\/uploads\/sites\/294\/2025\/10\/pexels-photo-2014773-2014773.jpg 1200w, https:\/\/portaleseducativos.educarex.es\/formacion4\/wp-content\/uploads\/sites\/294\/2025\/10\/pexels-photo-2014773-2014773-600x314.jpg 600w, https:\/\/portaleseducativos.educarex.es\/formacion4\/wp-content\/uploads\/sites\/294\/2025\/10\/pexels-photo-2014773-2014773-768x401.jpg 768w\" sizes=\"(max-width: 1200px) 100vw, 1200px\" \/>\t\t\t\t\t<\/a>\n\t\t\t\t\t\t\t<\/div>\n\t\t\t\t\t\t<h4 class=\"uagb-post__title uagb-post__text\">\n\t\t\t\t<a href=\"https:\/\/portaleseducativos.educarex.es\/formacion4\/concierto-dia-de-las-lenguas\/\" target=\"_self\" rel=\"bookmark noopener noreferrer\">Concierto D\u00eda de las lenguas<\/a>\n\t\t\t<\/h4>\n\t\t\t\t\t\t<div class='uagb-post__text uagb-post-grid-byline'>\n\t\t\t\t\t\t\t\t<span class=\"uagb-post__author\">\n\t\t\t\t<span class=\"dashicons-admin-users dashicons\"><\/span>\t\t\t\t\t<a href=\"https:\/\/portaleseducativos.educarex.es\/formacion4\/author\/formacion4\/\" title=\"Entradas de Administrador Website\" rel=\"author\">Administrador Website<\/a>\t\t\t\t<\/span>\n\t\t\t\t\t\t\t<time datetime=\"2025-10-16T18:35:41+02:00\" class=\"uagb-post__date\">\n\t\t\t\t<span class=\"dashicons-calendar dashicons\"><\/span>\t\t\t\t\t16 de octubre de 2025\t\t\t\t<\/time>\n\t\t\t\t\t\t<\/div>\n\t\t\t\t\t\t\t<div class='uagb-post__text uagb-post__excerpt'>\n\t\t\t\t\t<p>Duis blandit tincidunt sagittis. Donec scelerisque sem non congue mollis. Pellentesque ac tellus auctor, dapibus turpis sed, lobortis ligula. Quisque ac auctor nisl. Aliquam erat volutpat. Suspendisse potenti. Proin at&#8230;\t\t\t\t<\/div>\n\t\t\t\t\t\t<div class=\"uagb-post__text uagb-post__cta wp-block-button\">\n\t\t\t\t<a class=\"wp-block-button__link uagb-text-link\" style=\"\" href=\"https:\/\/portaleseducativos.educarex.es\/formacion4\/concierto-dia-de-las-lenguas\/\" target=\"_self\" rel=\"bookmark noopener noreferrer\">Leer m\u00e1s<\/a>\n\t\t\t<\/div>\n\t\t\t\n\t\t\t\t\t\t\t\t\t<\/article>\n\t\t\t\t\t\t\t\t\t\t\t\t\t\t\t\t<article class=\"uagb-post__inner-wrap\">\t\t\t\t\t\t\t\t<div class='uagb-post__image'>\n\t\t\t\t\t\t\t\t\t<a href=\"https:\/\/portaleseducativos.educarex.es\/formacion4\/estudio-de-grabacion\/\" target=\"_self\" rel=\"bookmark noopener noreferrer\" class='uagb-image-ratio-inherit'><img loading=\"lazy\" decoding=\"async\" width=\"1200\" height=\"627\" src=\"https:\/\/portaleseducativos.educarex.es\/formacion4\/wp-content\/uploads\/sites\/294\/2025\/10\/pexels-photo-699459-699459.jpg\" class=\"attachment-large size-large\" alt=\"A bright, modern workspace featuring laptops, a camera, and a drawing tablet in an indoor office.\" srcset=\"https:\/\/portaleseducativos.educarex.es\/formacion4\/wp-content\/uploads\/sites\/294\/2025\/10\/pexels-photo-699459-699459.jpg 1200w, https:\/\/portaleseducativos.educarex.es\/formacion4\/wp-content\/uploads\/sites\/294\/2025\/10\/pexels-photo-699459-699459-600x314.jpg 600w, https:\/\/portaleseducativos.educarex.es\/formacion4\/wp-content\/uploads\/sites\/294\/2025\/10\/pexels-photo-699459-699459-768x401.jpg 768w\" sizes=\"(max-width: 1200px) 100vw, 1200px\" \/>\t\t\t\t\t<\/a>\n\t\t\t\t\t\t\t<\/div>\n\t\t\t\t\t\t<h4 class=\"uagb-post__title uagb-post__text\">\n\t\t\t\t<a href=\"https:\/\/portaleseducativos.educarex.es\/formacion4\/estudio-de-grabacion\/\" target=\"_self\" rel=\"bookmark noopener noreferrer\">Estudio de grabaci\u00f3n<\/a>\n\t\t\t<\/h4>\n\t\t\t\t\t\t<div class='uagb-post__text uagb-post-grid-byline'>\n\t\t\t\t\t\t\t\t<span class=\"uagb-post__author\">\n\t\t\t\t<span class=\"dashicons-admin-users dashicons\"><\/span>\t\t\t\t\t<a href=\"https:\/\/portaleseducativos.educarex.es\/formacion4\/author\/formacion4\/\" title=\"Entradas de Administrador Website\" rel=\"author\">Administrador Website<\/a>\t\t\t\t<\/span>\n\t\t\t\t\t\t\t<time datetime=\"2025-10-16T18:20:19+02:00\" class=\"uagb-post__date\">\n\t\t\t\t<span class=\"dashicons-calendar dashicons\"><\/span>\t\t\t\t\t16 de octubre de 2025\t\t\t\t<\/time>\n\t\t\t\t\t\t<\/div>\n\t\t\t\t\t\t\t<div class='uagb-post__text uagb-post__excerpt'>\n\t\t\t\t\t<p>Lorem ipsum dolor sit amet, consectetur adipiscing elit. Cras tincidunt cursus quam, eu pellentesque risus ultrices eu. Donec sed orci quam. Nunc id dolor id ligula faucibus pharetra. Sed quis\u2026<\/p>\n\t\t\t\t<\/div>\n\t\t\t\t\t\t<div class=\"uagb-post__text uagb-post__cta wp-block-button\">\n\t\t\t\t<a class=\"wp-block-button__link uagb-text-link\" style=\"\" href=\"https:\/\/portaleseducativos.educarex.es\/formacion4\/estudio-de-grabacion\/\" target=\"_self\" rel=\"bookmark noopener noreferrer\">Leer m\u00e1s<\/a>\n\t\t\t<\/div>\n\t\t\t\n\t\t\t\t\t\t\t\t\t<\/article>\n\t\t\t\t\t\t\t\t\t\t\t\t\t\t\t\t<article class=\"uagb-post__inner-wrap\">\t\t\t\t\t\t\t\t<h4 class=\"uagb-post__title uagb-post__text\">\n\t\t\t\t<a href=\"https:\/\/portaleseducativos.educarex.es\/formacion4\/patrones-sincronizados-y-no-sincronizados\/\" target=\"_self\" rel=\"bookmark noopener noreferrer\">Patrones sincronizados y no sincronizados<\/a>\n\t\t\t<\/h4>\n\t\t\t\t\t\t<div class='uagb-post__text uagb-post-grid-byline'>\n\t\t\t\t\t\t\t\t<span class=\"uagb-post__author\">\n\t\t\t\t<span class=\"dashicons-admin-users dashicons\"><\/span>\t\t\t\t\t<a href=\"https:\/\/portaleseducativos.educarex.es\/formacion4\/author\/formacion4\/\" title=\"Entradas de Administrador Website\" rel=\"author\">Administrador Website<\/a>\t\t\t\t<\/span>\n\t\t\t\t\t\t\t<time datetime=\"2025-10-14T19:23:55+02:00\" class=\"uagb-post__date\">\n\t\t\t\t<span class=\"dashicons-calendar dashicons\"><\/span>\t\t\t\t\t14 de octubre de 2025\t\t\t\t<\/time>\n\t\t\t\t\t\t<\/div>\n\t\t\t\t\t\t\t<div class='uagb-post__text uagb-post__excerpt'>\n\t\t\t\t\t\t\t\t\t<\/div>\n\t\t\t\t\t\t<div class=\"uagb-post__text uagb-post__cta wp-block-button\">\n\t\t\t\t<a class=\"wp-block-button__link uagb-text-link\" style=\"\" href=\"https:\/\/portaleseducativos.educarex.es\/formacion4\/patrones-sincronizados-y-no-sincronizados\/\" target=\"_self\" rel=\"bookmark noopener noreferrer\">Leer m\u00e1s<\/a>\n\t\t\t<\/div>\n\t\t\t\n\t\t\t\t\t\t\t\t\t<\/article>\n\t\t\t\t\t\t\t\t\t\t\t\t\t\t\t\t<article class=\"uagb-post__inner-wrap\">\t\t\t\t\t\t\t\t<div class='uagb-post__image'>\n\t\t\t\t\t\t\t\t\t<a href=\"https:\/\/portaleseducativos.educarex.es\/formacion4\/practica-iii-bloques-avanzados-y-patrones\/\" target=\"_self\" rel=\"bookmark noopener noreferrer\" class='uagb-image-ratio-inherit'><img loading=\"lazy\" decoding=\"async\" width=\"1280\" height=\"960\" src=\"https:\/\/portaleseducativos.educarex.es\/formacion4\/wp-content\/uploads\/sites\/294\/2025\/10\/bahia_2000-1-1280x960.jpg\" class=\"attachment-large size-large\" alt=\"\" srcset=\"https:\/\/portaleseducativos.educarex.es\/formacion4\/wp-content\/uploads\/sites\/294\/2025\/10\/bahia_2000-1-1280x960.jpg 1280w, https:\/\/portaleseducativos.educarex.es\/formacion4\/wp-content\/uploads\/sites\/294\/2025\/10\/bahia_2000-1-1536x1152.jpg 1536w\" sizes=\"(max-width: 1280px) 100vw, 1280px\" \/>\t\t\t\t\t<\/a>\n\t\t\t\t\t\t\t<\/div>\n\t\t\t\t\t\t<h4 class=\"uagb-post__title uagb-post__text\">\n\t\t\t\t<a href=\"https:\/\/portaleseducativos.educarex.es\/formacion4\/practica-iii-bloques-avanzados-y-patrones\/\" target=\"_self\" rel=\"bookmark noopener noreferrer\">Pr\u00e1ctica III. Bloques avanzados y patrones<\/a>\n\t\t\t<\/h4>\n\t\t\t\t\t\t<div class='uagb-post__text uagb-post-grid-byline'>\n\t\t\t\t\t\t\t\t<span class=\"uagb-post__author\">\n\t\t\t\t<span class=\"dashicons-admin-users dashicons\"><\/span>\t\t\t\t\t<a href=\"https:\/\/portaleseducativos.educarex.es\/formacion4\/author\/formacion4\/\" title=\"Entradas de Administrador Website\" rel=\"author\">Administrador Website<\/a>\t\t\t\t<\/span>\n\t\t\t\t\t\t\t<time datetime=\"2025-10-14T18:29:19+02:00\" class=\"uagb-post__date\">\n\t\t\t\t<span class=\"dashicons-calendar dashicons\"><\/span>\t\t\t\t\t14 de octubre de 2025\t\t\t\t<\/time>\n\t\t\t\t\t\t<\/div>\n\t\t\t\t\t\t\t<div class='uagb-post__text uagb-post__excerpt'>\n\t\t\t\t\t<p>Lorem ipsum dolor sit amet, consectetur adipiscing elit. Nullam tincidunt sem eu nunc gravida, in dictum nisi dictum. Pellentesque pulvinar id sem et elementum. Duis ultricies maximus turpis eu efficitur&#8230;.\t\t\t\t<\/div>\n\t\t\t\t\t\t<div class=\"uagb-post__text uagb-post__cta wp-block-button\">\n\t\t\t\t<a class=\"wp-block-button__link uagb-text-link\" style=\"\" href=\"https:\/\/portaleseducativos.educarex.es\/formacion4\/practica-iii-bloques-avanzados-y-patrones\/\" target=\"_self\" rel=\"bookmark noopener noreferrer\">Leer m\u00e1s<\/a>\n\t\t\t<\/div>\n\t\t\t\n\t\t\t\t\t\t\t\t\t<\/article>\n\t\t\t\t\t\t\t\t\t\t\t\t\t\t\t\t<article class=\"uagb-post__inner-wrap\">\t\t\t\t\t\t\t\t<div class='uagb-post__image'>\n\t\t\t\t\t\t\t\t\t<a href=\"https:\/\/portaleseducativos.educarex.es\/formacion4\/zxsa\/\" target=\"_self\" rel=\"bookmark noopener noreferrer\" class='uagb-image-ratio-inherit'><img loading=\"lazy\" decoding=\"async\" width=\"1200\" height=\"627\" src=\"https:\/\/portaleseducativos.educarex.es\/formacion4\/wp-content\/uploads\/sites\/294\/2025\/10\/pexels-photo-240561-240561.jpg\" class=\"attachment-large size-large\" alt=\"Top view of a red motorboat with fishermen navigating open turquoise waters.\" srcset=\"https:\/\/portaleseducativos.educarex.es\/formacion4\/wp-content\/uploads\/sites\/294\/2025\/10\/pexels-photo-240561-240561.jpg 1200w, https:\/\/portaleseducativos.educarex.es\/formacion4\/wp-content\/uploads\/sites\/294\/2025\/10\/pexels-photo-240561-240561-600x314.jpg 600w, https:\/\/portaleseducativos.educarex.es\/formacion4\/wp-content\/uploads\/sites\/294\/2025\/10\/pexels-photo-240561-240561-768x401.jpg 768w\" sizes=\"(max-width: 1200px) 100vw, 1200px\" \/>\t\t\t\t\t<\/a>\n\t\t\t\t\t\t\t<\/div>\n\t\t\t\t\t\t<h4 class=\"uagb-post__title uagb-post__text\">\n\t\t\t\t<a href=\"https:\/\/portaleseducativos.educarex.es\/formacion4\/zxsa\/\" target=\"_self\" rel=\"bookmark noopener noreferrer\">Flor del almendro<\/a>\n\t\t\t<\/h4>\n\t\t\t\t\t\t<div class='uagb-post__text uagb-post-grid-byline'>\n\t\t\t\t\t\t\t\t<span class=\"uagb-post__author\">\n\t\t\t\t<span class=\"dashicons-admin-users dashicons\"><\/span>\t\t\t\t\t<a href=\"https:\/\/portaleseducativos.educarex.es\/formacion4\/author\/formacion4\/\" title=\"Entradas de Administrador Website\" rel=\"author\">Administrador Website<\/a>\t\t\t\t<\/span>\n\t\t\t\t\t\t\t<time datetime=\"2025-10-14T17:45:01+02:00\" class=\"uagb-post__date\">\n\t\t\t\t<span class=\"dashicons-calendar dashicons\"><\/span>\t\t\t\t\t14 de octubre de 2025\t\t\t\t<\/time>\n\t\t\t\t\t\t<\/div>\n\t\t\t\t\t\t\t<div class='uagb-post__text uagb-post__excerpt'>\n\t\t\t\t\t<p>Flor del Almendro M\u00e1s informaci\u00f3n Duis accumsan magna eu mi cursus, sit amet malesuada orci auctor. Morbi et sapien in nibh porttitor feugiat a ac libero. Cras quis orci eget&#8230;\t\t\t\t<\/div>\n\t\t\t\t\t\t<div class=\"uagb-post__text uagb-post__cta wp-block-button\">\n\t\t\t\t<a class=\"wp-block-button__link uagb-text-link\" style=\"\" href=\"https:\/\/portaleseducativos.educarex.es\/formacion4\/zxsa\/\" target=\"_self\" rel=\"bookmark noopener noreferrer\">Leer m\u00e1s<\/a>\n\t\t\t<\/div>\n\t\t\t\n\t\t\t\t\t\t\t\t\t<\/article>\n\t\t\t\t\t\t\t\t\t\t\t\t\t\t\t\t<article class=\"uagb-post__inner-wrap\">\t\t\t\t\t\t\t\t<div class='uagb-post__image'>\n\t\t\t\t\t\t\t\t\t<a href=\"https:\/\/portaleseducativos.educarex.es\/formacion4\/practica-1-entradas-bloques-basicos\/\" target=\"_self\" rel=\"bookmark noopener noreferrer\" class='uagb-image-ratio-inherit'><img loading=\"lazy\" decoding=\"async\" width=\"940\" height=\"627\" src=\"https:\/\/portaleseducativos.educarex.es\/formacion4\/wp-content\/uploads\/sites\/294\/2025\/10\/pexels-photo-1209843-1209843.jpg\" class=\"attachment-large size-large\" alt=\"Close-up of a person with colorful rainbow face paint, symbolizing LGBT pride and expression.\" srcset=\"https:\/\/portaleseducativos.educarex.es\/formacion4\/wp-content\/uploads\/sites\/294\/2025\/10\/pexels-photo-1209843-1209843.jpg 940w, https:\/\/portaleseducativos.educarex.es\/formacion4\/wp-content\/uploads\/sites\/294\/2025\/10\/pexels-photo-1209843-1209843-600x400.jpg 600w, https:\/\/portaleseducativos.educarex.es\/formacion4\/wp-content\/uploads\/sites\/294\/2025\/10\/pexels-photo-1209843-1209843-768x512.jpg 768w\" sizes=\"(max-width: 940px) 100vw, 940px\" \/>\t\t\t\t\t<\/a>\n\t\t\t\t\t\t\t<\/div>\n\t\t\t\t\t\t<h4 class=\"uagb-post__title uagb-post__text\">\n\t\t\t\t<a href=\"https:\/\/portaleseducativos.educarex.es\/formacion4\/practica-1-entradas-bloques-basicos\/\" target=\"_self\" rel=\"bookmark noopener noreferrer\">Pr\u00e1ctica 1. Entradas. Bloques b\u00e1sicos<\/a>\n\t\t\t<\/h4>\n\t\t\t\t\t\t<div class='uagb-post__text uagb-post-grid-byline'>\n\t\t\t\t\t\t\t\t<span class=\"uagb-post__author\">\n\t\t\t\t<span class=\"dashicons-admin-users dashicons\"><\/span>\t\t\t\t\t<a href=\"https:\/\/portaleseducativos.educarex.es\/formacion4\/author\/formacion4\/\" title=\"Entradas de Administrador Website\" rel=\"author\">Administrador Website<\/a>\t\t\t\t<\/span>\n\t\t\t\t\t\t\t<time datetime=\"2025-10-09T19:42:48+02:00\" class=\"uagb-post__date\">\n\t\t\t\t<span class=\"dashicons-calendar dashicons\"><\/span>\t\t\t\t\t9 de octubre de 2025\t\t\t\t<\/time>\n\t\t\t\t\t\t<\/div>\n\t\t\t\t\t\t\t<div class='uagb-post__text uagb-post__excerpt'>\n\t\t\t\t\t<p>Lorem ipsum dolor sit amet, consectetur adipiscing elit. Quisque tempor ultricies ex sed laoreet. Quisque iaculis, risus id fringilla interdum, nunc velit imperdiet augue, sit amet accumsan purus nulla vestibulum&#8230;\t\t\t\t<\/div>\n\t\t\t\t\t\t<div class=\"uagb-post__text uagb-post__cta wp-block-button\">\n\t\t\t\t<a class=\"wp-block-button__link uagb-text-link\" style=\"\" href=\"https:\/\/portaleseducativos.educarex.es\/formacion4\/practica-1-entradas-bloques-basicos\/\" target=\"_self\" rel=\"bookmark noopener noreferrer\">Leer m\u00e1s<\/a>\n\t\t\t<\/div>\n\t\t\t\n\t\t\t\t\t\t\t\t\t<\/article>\n\t\t\t\t\t\t\t\t\t\t\t\t\t<div class=\"uagb-post-pagination-wrap\">\n\t\t\t\t\t\t<span aria-current=\"page\" class=\"page-numbers current\">1<\/span>\n<a class=\"page-numbers\" href=\"https:\/\/portaleseducativos.educarex.es\/formacion4\/wp-json\/wp\/v2\/pages\/15\/page\/2\/\">2<\/a>\n<a class=\"page-numbers\" href=\"https:\/\/portaleseducativos.educarex.es\/formacion4\/wp-json\/wp\/v2\/pages\/15\/page\/3\/\">3<\/a>\n<a class=\"next page-numbers\" href=\"https:\/\/portaleseducativos.educarex.es\/formacion4\/wp-json\/wp\/v2\/pages\/15\/page\/2\/\">Next \u00bb<\/a>\t\t\t\t\t<\/div>\n\t\t\t\t\t\t\t\t<\/div>\n\t\t\t","protected":false},"excerpt":{"rendered":"<p>Te damos la bienvenida a la p\u00e1gina web de nuestro centro. Navegando por sus men\u00fas podr\u00e1s acceder a la informaci\u00f3n m\u00e1s relevante sobre c\u00f3mo est\u00e1 organizada nuestra vida acad\u00e9mica y [&hellip;]<\/p>\n","protected":false},"author":2,"featured_media":1113,"parent":0,"menu_order":0,"comment_status":"closed","ping_status":"closed","template":"","meta":{"_uag_custom_page_level_css":"","_editorskit_title_hidden":true,"_editorskit_reading_time":1,"_editorskit_is_block_options_detached":false,"_editorskit_block_options_position":"{}","footnotes":""},"class_list":["post-15","page","type-page","status-publish","has-post-thumbnail","hentry"],"uagb_featured_image_src":{"full":["https:\/\/portaleseducativos.educarex.es\/formacion4\/wp-content\/uploads\/sites\/294\/2023\/03\/banner_modeloprimaria-1.png",1024,178,false],"thumbnail":["https:\/\/portaleseducativos.educarex.es\/formacion4\/wp-content\/uploads\/sites\/294\/2023\/03\/banner_modeloprimaria-1.png",300,52,false],"medium":["https:\/\/portaleseducativos.educarex.es\/formacion4\/wp-content\/uploads\/sites\/294\/2023\/03\/banner_modeloprimaria-1.png",600,104,false],"medium_large":["https:\/\/portaleseducativos.educarex.es\/formacion4\/wp-content\/uploads\/sites\/294\/2023\/03\/banner_modeloprimaria-1-768x134.png",768,134,true],"large":["https:\/\/portaleseducativos.educarex.es\/formacion4\/wp-content\/uploads\/sites\/294\/2023\/03\/banner_modeloprimaria-1.png",1024,178,false],"1536x1536":["https:\/\/portaleseducativos.educarex.es\/formacion4\/wp-content\/uploads\/sites\/294\/2023\/03\/banner_modeloprimaria-1.png",1024,178,false],"2048x2048":["https:\/\/portaleseducativos.educarex.es\/formacion4\/wp-content\/uploads\/sites\/294\/2023\/03\/banner_modeloprimaria-1.png",1024,178,false]},"uagb_author_info":{"display_name":"Manuel Narv\u00e1ez Mart\u00ednez","author_link":"https:\/\/portaleseducativos.educarex.es\/formacion4\/author\/admin257\/"},"uagb_comment_info":0,"uagb_excerpt":"Te damos la bienvenida a la p\u00e1gina web de nuestro centro. Navegando por sus men\u00fas podr\u00e1s acceder a la informaci\u00f3n m\u00e1s relevante sobre c\u00f3mo est\u00e1 organizada nuestra vida acad\u00e9mica y [&hellip;]","_links":{"self":[{"href":"https:\/\/portaleseducativos.educarex.es\/formacion4\/wp-json\/wp\/v2\/pages\/15","targetHints":{"allow":["GET"]}}],"collection":[{"href":"https:\/\/portaleseducativos.educarex.es\/formacion4\/wp-json\/wp\/v2\/pages"}],"about":[{"href":"https:\/\/portaleseducativos.educarex.es\/formacion4\/wp-json\/wp\/v2\/types\/page"}],"author":[{"embeddable":true,"href":"https:\/\/portaleseducativos.educarex.es\/formacion4\/wp-json\/wp\/v2\/users\/2"}],"replies":[{"embeddable":true,"href":"https:\/\/portaleseducativos.educarex.es\/formacion4\/wp-json\/wp\/v2\/comments?post=15"}],"version-history":[{"count":1,"href":"https:\/\/portaleseducativos.educarex.es\/formacion4\/wp-json\/wp\/v2\/pages\/15\/revisions"}],"predecessor-version":[{"id":1170,"href":"https:\/\/portaleseducativos.educarex.es\/formacion4\/wp-json\/wp\/v2\/pages\/15\/revisions\/1170"}],"wp:featuredmedia":[{"embeddable":true,"href":"https:\/\/portaleseducativos.educarex.es\/formacion4\/wp-json\/wp\/v2\/media\/1113"}],"wp:attachment":[{"href":"https:\/\/portaleseducativos.educarex.es\/formacion4\/wp-json\/wp\/v2\/media?parent=15"}],"curies":[{"name":"wp","href":"https:\/\/api.w.org\/{rel}","templated":true}]}}