{"id":15,"date":"2023-01-31T15:32:44","date_gmt":"2023-01-31T14:32:44","guid":{"rendered":"https:\/\/portaleseducativos.educarex.es\/formacion8\/?page_id=15"},"modified":"2023-07-04T17:08:09","modified_gmt":"2023-07-04T15:08:09","slug":"inicio","status":"publish","type":"page","link":"https:\/\/portaleseducativos.educarex.es\/formacion8\/","title":{"rendered":"Inicio"},"content":{"rendered":"\n<p class=\"eplus-wrapper\">Te damos la bienvenida a la p\u00e1gina web de nuestro centro. Navegando por sus men\u00fas podr\u00e1s  acceder a la informaci\u00f3n m\u00e1s relevante sobre c\u00f3mo est\u00e1 organizada nuestra vida acad\u00e9mica y nuestras actividades.<\/p>\n\n\n\n\t\t\t<div class=\"wp-block-uagb-post-grid uagb-post-grid  uagb-post__image-position-top uagb-post__image-enabled uagb-block-2ea691d5     uagb-post__items uagb-post__columns-2 is-grid uagb-post__columns-tablet-2 uagb-post__columns-mobile-1 uagb-post__equal-height uagb-equal_height_inline-read-more-buttons\" data-total=\"2\" style=\"\">\n\n\t\t\t\t\t\t\t\t\t\t\t\t<article class=\"uagb-post__inner-wrap\">\t\t\t\t\t\t\t\t<h4 class=\"uagb-post__title uagb-post__text\">\n\t\t\t\t<a href=\"https:\/\/portaleseducativos.educarex.es\/formacion8\/robot-en-aula-del-futuro\/\" target=\"_self\" rel=\"bookmark noopener noreferrer\">Robot en aula del futuro.<\/a>\n\t\t\t<\/h4>\n\t\t\t\t\t\t<div class='uagb-post__text uagb-post-grid-byline'>\n\t\t\t\t\t\t\t\t<span class=\"uagb-post__author\">\n\t\t\t\t<span class=\"dashicons-admin-users dashicons\"><\/span>\t\t\t\t\t<a href=\"https:\/\/portaleseducativos.educarex.es\/formacion8\/author\/formacion8\/\" title=\"Entradas de formacion8\" rel=\"author\">formacion8<\/a>\t\t\t\t<\/span>\n\t\t\t\t\t\t\t<time datetime=\"2025-10-16T19:05:21+02:00\" class=\"uagb-post__date\">\n\t\t\t\t<span class=\"dashicons-calendar dashicons\"><\/span>\t\t\t\t\t16 de octubre de 2025\t\t\t\t<\/time>\n\t\t\t\t\t\t<\/div>\n\t\t\t\t\t\t\t<div class='uagb-post__text uagb-post__excerpt'>\n\t\t\t\t\t<p>En el IES EM\u00c9RITA AUGUSTA se ha realizado actividades con los robot mbot en el aula del futuro.<\/p>\n\t\t\t\t<\/div>\n\t\t\t\t\t\t<div class=\"uagb-post__text uagb-post__cta wp-block-button\">\n\t\t\t\t<a class=\"wp-block-button__link uagb-text-link\" style=\"\" href=\"https:\/\/portaleseducativos.educarex.es\/formacion8\/robot-en-aula-del-futuro\/\" target=\"_self\" rel=\"bookmark noopener noreferrer\">Leer m\u00e1s<\/a>\n\t\t\t<\/div>\n\t\t\t\n\t\t\t\t\t\t\t\t\t<\/article>\n\t\t\t\t\t\t\t\t\t\t\t\t\t\t\t\t<article class=\"uagb-post__inner-wrap\">\t\t\t\t\t\t\t\t<h4 class=\"uagb-post__title uagb-post__text\">\n\t\t\t\t<a href=\"https:\/\/portaleseducativos.educarex.es\/formacion8\/radioedu\/\" target=\"_self\" rel=\"bookmark noopener noreferrer\">RadioEdu<\/a>\n\t\t\t<\/h4>\n\t\t\t\t\t\t<div class='uagb-post__text uagb-post-grid-byline'>\n\t\t\t\t\t\t\t\t<span class=\"uagb-post__author\">\n\t\t\t\t<span class=\"dashicons-admin-users dashicons\"><\/span>\t\t\t\t\t<a href=\"https:\/\/portaleseducativos.educarex.es\/formacion8\/author\/formacion8\/\" title=\"Entradas de formacion8\" rel=\"author\">formacion8<\/a>\t\t\t\t<\/span>\n\t\t\t\t\t\t\t<time datetime=\"2025-10-16T18:58:55+02:00\" class=\"uagb-post__date\">\n\t\t\t\t<span class=\"dashicons-calendar dashicons\"><\/span>\t\t\t\t\t16 de octubre de 2025\t\t\t\t<\/time>\n\t\t\t\t\t\t<\/div>\n\t\t\t\t\t\t\t<div class='uagb-post__text uagb-post__excerpt'>\n\t\t\t\t\t<p>Esta es la p\u00e1gina web de radioEdu ejemplo.<\/p>\n\t\t\t\t<\/div>\n\t\t\t\t\t\t<div class=\"uagb-post__text uagb-post__cta wp-block-button\">\n\t\t\t\t<a class=\"wp-block-button__link uagb-text-link\" style=\"\" href=\"https:\/\/portaleseducativos.educarex.es\/formacion8\/radioedu\/\" target=\"_self\" rel=\"bookmark noopener noreferrer\">Leer m\u00e1s<\/a>\n\t\t\t<\/div>\n\t\t\t\n\t\t\t\t\t\t\t\t\t<\/article>\n\t\t\t\t\t\t\t\t\t\t\t\t\t\t\t\t<article class=\"uagb-post__inner-wrap\">\t\t\t\t\t\t\t\t<div class='uagb-post__image'>\n\t\t\t\t\t\t\t\t\t<a href=\"https:\/\/portaleseducativos.educarex.es\/formacion8\/practica-iii-bloques-avanzados-y-patrones\/\" target=\"_self\" rel=\"bookmark noopener noreferrer\" class='uagb-image-ratio-inherit'><img loading=\"lazy\" decoding=\"async\" width=\"1239\" height=\"826\" src=\"https:\/\/portaleseducativos.educarex.es\/formacion8\/wp-content\/uploads\/sites\/336\/2024\/02\/1240px-Enallagma_cyathigerum_1loz.jpg\" class=\"attachment-large size-large\" alt=\"mariposa\" srcset=\"https:\/\/portaleseducativos.educarex.es\/formacion8\/wp-content\/uploads\/sites\/336\/2024\/02\/1240px-Enallagma_cyathigerum_1loz.jpg 1239w, https:\/\/portaleseducativos.educarex.es\/formacion8\/wp-content\/uploads\/sites\/336\/2024\/02\/1240px-Enallagma_cyathigerum_1loz-600x400.jpg 600w, https:\/\/portaleseducativos.educarex.es\/formacion8\/wp-content\/uploads\/sites\/336\/2024\/02\/1240px-Enallagma_cyathigerum_1loz-768x512.jpg 768w\" sizes=\"(max-width: 1239px) 100vw, 1239px\" \/>\t\t\t\t\t<\/a>\n\t\t\t\t\t\t\t<\/div>\n\t\t\t\t\t\t<h4 class=\"uagb-post__title uagb-post__text\">\n\t\t\t\t<a href=\"https:\/\/portaleseducativos.educarex.es\/formacion8\/practica-iii-bloques-avanzados-y-patrones\/\" target=\"_self\" rel=\"bookmark noopener noreferrer\">Pr\u00e1ctica III. Bloques avanzados y patrones<\/a>\n\t\t\t<\/h4>\n\t\t\t\t\t\t<div class='uagb-post__text uagb-post-grid-byline'>\n\t\t\t\t\t\t\t\t<span class=\"uagb-post__author\">\n\t\t\t\t<span class=\"dashicons-admin-users dashicons\"><\/span>\t\t\t\t\t<a href=\"https:\/\/portaleseducativos.educarex.es\/formacion8\/author\/formacion8\/\" title=\"Entradas de formacion8\" rel=\"author\">formacion8<\/a>\t\t\t\t<\/span>\n\t\t\t\t\t\t\t<time datetime=\"2025-10-14T18:30:31+02:00\" class=\"uagb-post__date\">\n\t\t\t\t<span class=\"dashicons-calendar dashicons\"><\/span>\t\t\t\t\t14 de octubre de 2025\t\t\t\t<\/time>\n\t\t\t\t\t\t<\/div>\n\t\t\t\t\t\t\t<div class='uagb-post__text uagb-post__excerpt'>\n\t\t\t\t\t<p>Lorem Ipsum es simplemente el texto de relleno de las imprentas y archivos de texto. Lorem Ipsum ha sido el texto de relleno est\u00e1ndar de las industrias desde el a\u00f1o&#8230;\t\t\t\t<\/div>\n\t\t\t\t\t\t<div class=\"uagb-post__text uagb-post__cta wp-block-button\">\n\t\t\t\t<a class=\"wp-block-button__link uagb-text-link\" style=\"\" href=\"https:\/\/portaleseducativos.educarex.es\/formacion8\/practica-iii-bloques-avanzados-y-patrones\/\" target=\"_self\" rel=\"bookmark noopener noreferrer\">Leer m\u00e1s<\/a>\n\t\t\t<\/div>\n\t\t\t\n\t\t\t\t\t\t\t\t\t<\/article>\n\t\t\t\t\t\t\t\t\t\t\t\t\t\t\t\t<article class=\"uagb-post__inner-wrap\">\t\t\t\t\t\t\t\t<div class='uagb-post__image'>\n\t\t\t\t\t\t\t\t\t<a href=\"https:\/\/portaleseducativos.educarex.es\/formacion8\/articulo-ejemplo\/\" target=\"_self\" rel=\"bookmark noopener noreferrer\" class='uagb-image-ratio-inherit'><img loading=\"lazy\" decoding=\"async\" width=\"1280\" height=\"827\" src=\"https:\/\/portaleseducativos.educarex.es\/formacion8\/wp-content\/uploads\/sites\/336\/2024\/02\/sierra_nevada-1280x827.jpg\" class=\"attachment-large size-large\" alt=\"\" srcset=\"https:\/\/portaleseducativos.educarex.es\/formacion8\/wp-content\/uploads\/sites\/336\/2024\/02\/sierra_nevada-1280x827.jpg 1280w, https:\/\/portaleseducativos.educarex.es\/formacion8\/wp-content\/uploads\/sites\/336\/2024\/02\/sierra_nevada-600x388.jpg 600w, https:\/\/portaleseducativos.educarex.es\/formacion8\/wp-content\/uploads\/sites\/336\/2024\/02\/sierra_nevada-768x496.jpg 768w, https:\/\/portaleseducativos.educarex.es\/formacion8\/wp-content\/uploads\/sites\/336\/2024\/02\/sierra_nevada-1536x993.jpg 1536w, https:\/\/portaleseducativos.educarex.es\/formacion8\/wp-content\/uploads\/sites\/336\/2024\/02\/sierra_nevada-2048x1323.jpg 2048w\" sizes=\"(max-width: 1280px) 100vw, 1280px\" \/>\t\t\t\t\t<\/a>\n\t\t\t\t\t\t\t<\/div>\n\t\t\t\t\t\t<h4 class=\"uagb-post__title uagb-post__text\">\n\t\t\t\t<a href=\"https:\/\/portaleseducativos.educarex.es\/formacion8\/articulo-ejemplo\/\" target=\"_self\" rel=\"bookmark noopener noreferrer\">Art\u00edculo ejemplo<\/a>\n\t\t\t<\/h4>\n\t\t\t\t\t\t<div class='uagb-post__text uagb-post-grid-byline'>\n\t\t\t\t\t\t\t\t<span class=\"uagb-post__author\">\n\t\t\t\t<span class=\"dashicons-admin-users dashicons\"><\/span>\t\t\t\t\t<a href=\"https:\/\/portaleseducativos.educarex.es\/formacion8\/author\/formacion8\/\" title=\"Entradas de formacion8\" rel=\"author\">formacion8<\/a>\t\t\t\t<\/span>\n\t\t\t\t\t\t\t<time datetime=\"2025-10-14T17:38:28+02:00\" class=\"uagb-post__date\">\n\t\t\t\t<span class=\"dashicons-calendar dashicons\"><\/span>\t\t\t\t\t14 de octubre de 2025\t\t\t\t<\/time>\n\t\t\t\t\t\t<\/div>\n\t\t\t\t\t\t\t<div class='uagb-post__text uagb-post__excerpt'>\n\t\t\t\t\t<p>Este es un ejemplo de texto en art\u00edculo. Ejemplo Ejemplo art\u00edculo de centro. Lorem Ipsum es simplemente el texto de relleno de las imprentas y archivos de texto. Lorem Ipsum&#8230;\t\t\t\t<\/div>\n\t\t\t\t\t\t<div class=\"uagb-post__text uagb-post__cta wp-block-button\">\n\t\t\t\t<a class=\"wp-block-button__link uagb-text-link\" style=\"\" href=\"https:\/\/portaleseducativos.educarex.es\/formacion8\/articulo-ejemplo\/\" target=\"_self\" rel=\"bookmark noopener noreferrer\">Leer m\u00e1s<\/a>\n\t\t\t<\/div>\n\t\t\t\n\t\t\t\t\t\t\t\t\t<\/article>\n\t\t\t\t\t\t\t\t\t\t\t\t\t\t\t\t<article class=\"uagb-post__inner-wrap\">\t\t\t\t\t\t\t\t<div class='uagb-post__image'>\n\t\t\t\t\t\t\t\t\t<a href=\"https:\/\/portaleseducativos.educarex.es\/formacion8\/practica-1-entradas-bloques-basicos\/\" target=\"_self\" rel=\"bookmark noopener noreferrer\" class='uagb-image-ratio-inherit'><img loading=\"lazy\" decoding=\"async\" width=\"1280\" height=\"853\" src=\"https:\/\/portaleseducativos.educarex.es\/formacion8\/wp-content\/uploads\/sites\/336\/2024\/02\/bosque_otono-1280x853.jpg\" class=\"attachment-large size-large\" alt=\"\" srcset=\"https:\/\/portaleseducativos.educarex.es\/formacion8\/wp-content\/uploads\/sites\/336\/2024\/02\/bosque_otono-1280x853.jpg 1280w, https:\/\/portaleseducativos.educarex.es\/formacion8\/wp-content\/uploads\/sites\/336\/2024\/02\/bosque_otono-1536x1024.jpg 1536w, https:\/\/portaleseducativos.educarex.es\/formacion8\/wp-content\/uploads\/sites\/336\/2024\/02\/bosque_otono-2048x1365.jpg 2048w\" sizes=\"(max-width: 1280px) 100vw, 1280px\" \/>\t\t\t\t\t<\/a>\n\t\t\t\t\t\t\t<\/div>\n\t\t\t\t\t\t<h4 class=\"uagb-post__title uagb-post__text\">\n\t\t\t\t<a href=\"https:\/\/portaleseducativos.educarex.es\/formacion8\/practica-1-entradas-bloques-basicos\/\" target=\"_self\" rel=\"bookmark noopener noreferrer\">Pr\u00e1ctica 1. Entradas. Bloques b\u00e1sicos<\/a>\n\t\t\t<\/h4>\n\t\t\t\t\t\t<div class='uagb-post__text uagb-post-grid-byline'>\n\t\t\t\t\t\t\t\t<span class=\"uagb-post__author\">\n\t\t\t\t<span class=\"dashicons-admin-users dashicons\"><\/span>\t\t\t\t\t<a href=\"https:\/\/portaleseducativos.educarex.es\/formacion8\/author\/formacion8\/\" title=\"Entradas de formacion8\" rel=\"author\">formacion8<\/a>\t\t\t\t<\/span>\n\t\t\t\t\t\t\t<time datetime=\"2025-10-09T19:04:20+02:00\" class=\"uagb-post__date\">\n\t\t\t\t<span class=\"dashicons-calendar dashicons\"><\/span>\t\t\t\t\t9 de octubre de 2025\t\t\t\t<\/time>\n\t\t\t\t\t\t<\/div>\n\t\t\t\t\t\t\t<div class='uagb-post__text uagb-post__excerpt'>\n\t\t\t\t\t<p>Para crear texto efectivo para una p\u00e1gina web, es crucial conocer a tu audiencia y definir el prop\u00f3sito del texto, usando claridad, concisi\u00f3n y un lenguaje sencillo para facilitar la&#8230;\t\t\t\t<\/div>\n\t\t\t\t\t\t<div class=\"uagb-post__text uagb-post__cta wp-block-button\">\n\t\t\t\t<a class=\"wp-block-button__link uagb-text-link\" style=\"\" href=\"https:\/\/portaleseducativos.educarex.es\/formacion8\/practica-1-entradas-bloques-basicos\/\" target=\"_self\" rel=\"bookmark noopener noreferrer\">Leer m\u00e1s<\/a>\n\t\t\t<\/div>\n\t\t\t\n\t\t\t\t\t\t\t\t\t<\/article>\n\t\t\t\t\t\t\t\t\t\t\t\t\t\t\t\t<article class=\"uagb-post__inner-wrap\">\t\t\t\t\t\t\t\t<div class='uagb-post__image'>\n\t\t\t\t\t\t\t\t\t<a href=\"https:\/\/portaleseducativos.educarex.es\/formacion8\/mi-segunda-entrada\/\" target=\"_self\" rel=\"bookmark noopener noreferrer\" class='uagb-image-ratio-inherit'><img loading=\"lazy\" decoding=\"async\" width=\"1280\" height=\"827\" src=\"https:\/\/portaleseducativos.educarex.es\/formacion8\/wp-content\/uploads\/sites\/336\/2024\/02\/sierra_nevada-1280x827.jpg\" class=\"attachment-large size-large\" alt=\"\" srcset=\"https:\/\/portaleseducativos.educarex.es\/formacion8\/wp-content\/uploads\/sites\/336\/2024\/02\/sierra_nevada-1280x827.jpg 1280w, https:\/\/portaleseducativos.educarex.es\/formacion8\/wp-content\/uploads\/sites\/336\/2024\/02\/sierra_nevada-600x388.jpg 600w, https:\/\/portaleseducativos.educarex.es\/formacion8\/wp-content\/uploads\/sites\/336\/2024\/02\/sierra_nevada-768x496.jpg 768w, https:\/\/portaleseducativos.educarex.es\/formacion8\/wp-content\/uploads\/sites\/336\/2024\/02\/sierra_nevada-1536x993.jpg 1536w, https:\/\/portaleseducativos.educarex.es\/formacion8\/wp-content\/uploads\/sites\/336\/2024\/02\/sierra_nevada-2048x1323.jpg 2048w\" sizes=\"(max-width: 1280px) 100vw, 1280px\" \/>\t\t\t\t\t<\/a>\n\t\t\t\t\t\t\t<\/div>\n\t\t\t\t\t\t<h4 class=\"uagb-post__title uagb-post__text\">\n\t\t\t\t<a href=\"https:\/\/portaleseducativos.educarex.es\/formacion8\/mi-segunda-entrada\/\" target=\"_self\" rel=\"bookmark noopener noreferrer\">Mi segunda entrada<\/a>\n\t\t\t<\/h4>\n\t\t\t\t\t\t<div class='uagb-post__text uagb-post-grid-byline'>\n\t\t\t\t\t\t\t\t<span class=\"uagb-post__author\">\n\t\t\t\t<span class=\"dashicons-admin-users dashicons\"><\/span>\t\t\t\t\t<a href=\"https:\/\/portaleseducativos.educarex.es\/formacion8\/author\/formacion8\/\" title=\"Entradas de formacion8\" rel=\"author\">formacion8<\/a>\t\t\t\t<\/span>\n\t\t\t\t\t\t\t<time datetime=\"2025-10-09T18:42:21+02:00\" class=\"uagb-post__date\">\n\t\t\t\t<span class=\"dashicons-calendar dashicons\"><\/span>\t\t\t\t\t9 de octubre de 2025\t\t\t\t<\/time>\n\t\t\t\t\t\t<\/div>\n\t\t\t\t\t\t\t<div class='uagb-post__text uagb-post__excerpt'>\n\t\t\t\t\t<p>Redactar textos para el sitio web que informen y apelen a tu audiencia es un componente fundamental de tu plan de acci\u00f3n para lanzar o actualizar el sitio web de&#8230;\t\t\t\t<\/div>\n\t\t\t\t\t\t<div class=\"uagb-post__text uagb-post__cta wp-block-button\">\n\t\t\t\t<a class=\"wp-block-button__link uagb-text-link\" style=\"\" href=\"https:\/\/portaleseducativos.educarex.es\/formacion8\/mi-segunda-entrada\/\" target=\"_self\" rel=\"bookmark noopener noreferrer\">Leer m\u00e1s<\/a>\n\t\t\t<\/div>\n\t\t\t\n\t\t\t\t\t\t\t\t\t<\/article>\n\t\t\t\t\t\t\t\t\t\t\t\t\t<div class=\"uagb-post-pagination-wrap\">\n\t\t\t\t\t\t<span aria-current=\"page\" class=\"page-numbers current\">1<\/span>\n<a class=\"page-numbers\" href=\"https:\/\/portaleseducativos.educarex.es\/formacion8\/wp-json\/wp\/v2\/pages\/15\/page\/2\/\">2<\/a>\n<a class=\"next page-numbers\" href=\"https:\/\/portaleseducativos.educarex.es\/formacion8\/wp-json\/wp\/v2\/pages\/15\/page\/2\/\">Next \u00bb<\/a>\t\t\t\t\t<\/div>\n\t\t\t\t\t\t\t\t<\/div>\n\t\t\t","protected":false},"excerpt":{"rendered":"<p>Te damos la bienvenida a la p\u00e1gina web de nuestro centro. Navegando por sus men\u00fas podr\u00e1s acceder a la informaci\u00f3n m\u00e1s relevante sobre c\u00f3mo est\u00e1 organizada nuestra vida acad\u00e9mica y [&hellip;]<\/p>\n","protected":false},"author":2,"featured_media":1113,"parent":0,"menu_order":0,"comment_status":"closed","ping_status":"closed","template":"","meta":{"_uag_custom_page_level_css":"","_editorskit_title_hidden":true,"_editorskit_reading_time":1,"_editorskit_is_block_options_detached":false,"_editorskit_block_options_position":"{}","footnotes":""},"class_list":["post-15","page","type-page","status-publish","has-post-thumbnail","hentry"],"uagb_featured_image_src":{"full":["https:\/\/portaleseducativos.educarex.es\/formacion8\/wp-content\/uploads\/sites\/336\/2023\/03\/banner_modeloprimaria-1.png",1024,178,false],"thumbnail":["https:\/\/portaleseducativos.educarex.es\/formacion8\/wp-content\/uploads\/sites\/336\/2023\/03\/banner_modeloprimaria-1.png",300,52,false],"medium":["https:\/\/portaleseducativos.educarex.es\/formacion8\/wp-content\/uploads\/sites\/336\/2023\/03\/banner_modeloprimaria-1.png",600,104,false],"medium_large":["https:\/\/portaleseducativos.educarex.es\/formacion8\/wp-content\/uploads\/sites\/336\/2023\/03\/banner_modeloprimaria-1-768x134.png",768,134,true],"large":["https:\/\/portaleseducativos.educarex.es\/formacion8\/wp-content\/uploads\/sites\/336\/2023\/03\/banner_modeloprimaria-1.png",1024,178,false],"1536x1536":["https:\/\/portaleseducativos.educarex.es\/formacion8\/wp-content\/uploads\/sites\/336\/2023\/03\/banner_modeloprimaria-1.png",1024,178,false],"2048x2048":["https:\/\/portaleseducativos.educarex.es\/formacion8\/wp-content\/uploads\/sites\/336\/2023\/03\/banner_modeloprimaria-1.png",1024,178,false]},"uagb_author_info":{"display_name":"Manuel Narv\u00e1ez Mart\u00ednez","author_link":"https:\/\/portaleseducativos.educarex.es\/formacion8\/author\/admin257\/"},"uagb_comment_info":0,"uagb_excerpt":"Te damos la bienvenida a la p\u00e1gina web de nuestro centro. Navegando por sus men\u00fas podr\u00e1s acceder a la informaci\u00f3n m\u00e1s relevante sobre c\u00f3mo est\u00e1 organizada nuestra vida acad\u00e9mica y [&hellip;]","_links":{"self":[{"href":"https:\/\/portaleseducativos.educarex.es\/formacion8\/wp-json\/wp\/v2\/pages\/15","targetHints":{"allow":["GET"]}}],"collection":[{"href":"https:\/\/portaleseducativos.educarex.es\/formacion8\/wp-json\/wp\/v2\/pages"}],"about":[{"href":"https:\/\/portaleseducativos.educarex.es\/formacion8\/wp-json\/wp\/v2\/types\/page"}],"author":[{"embeddable":true,"href":"https:\/\/portaleseducativos.educarex.es\/formacion8\/wp-json\/wp\/v2\/users\/2"}],"replies":[{"embeddable":true,"href":"https:\/\/portaleseducativos.educarex.es\/formacion8\/wp-json\/wp\/v2\/comments?post=15"}],"version-history":[{"count":1,"href":"https:\/\/portaleseducativos.educarex.es\/formacion8\/wp-json\/wp\/v2\/pages\/15\/revisions"}],"predecessor-version":[{"id":1170,"href":"https:\/\/portaleseducativos.educarex.es\/formacion8\/wp-json\/wp\/v2\/pages\/15\/revisions\/1170"}],"wp:featuredmedia":[{"embeddable":true,"href":"https:\/\/portaleseducativos.educarex.es\/formacion8\/wp-json\/wp\/v2\/media\/1113"}],"wp:attachment":[{"href":"https:\/\/portaleseducativos.educarex.es\/formacion8\/wp-json\/wp\/v2\/media?parent=15"}],"curies":[{"name":"wp","href":"https:\/\/api.w.org\/{rel}","templated":true}]}}