{"id":15,"date":"2023-01-31T15:32:44","date_gmt":"2023-01-31T14:32:44","guid":{"rendered":"https:\/\/portaleseducativos.educarex.es\/formacion9\/?page_id=15"},"modified":"2023-07-04T17:08:09","modified_gmt":"2023-07-04T15:08:09","slug":"inicio","status":"publish","type":"page","link":"https:\/\/portaleseducativos.educarex.es\/formacion9\/","title":{"rendered":"Inicio"},"content":{"rendered":"\n<p class=\"eplus-wrapper\">Te damos la bienvenida a la p\u00e1gina web de nuestro centro. Navegando por sus men\u00fas podr\u00e1s  acceder a la informaci\u00f3n m\u00e1s relevante sobre c\u00f3mo est\u00e1 organizada nuestra vida acad\u00e9mica y nuestras actividades.<\/p>\n\n\n\n\t\t\t<div class=\"wp-block-uagb-post-grid uagb-post-grid  uagb-post__image-position-top uagb-post__image-enabled uagb-block-2ea691d5     uagb-post__items uagb-post__columns-2 is-grid uagb-post__columns-tablet-2 uagb-post__columns-mobile-1 uagb-post__equal-height uagb-equal_height_inline-read-more-buttons\" data-total=\"2\" style=\"\">\n\n\t\t\t\t\t\t\t\t\t\t\t\t<article class=\"uagb-post__inner-wrap\">\t\t\t\t\t\t\t\t<div class='uagb-post__image'>\n\t\t\t\t\t\t\t\t\t<a href=\"https:\/\/portaleseducativos.educarex.es\/formacion9\/taller-musica\/\" target=\"_self\" rel=\"bookmark noopener noreferrer\" class='uagb-image-ratio-inherit'><img loading=\"lazy\" decoding=\"async\" width=\"768\" height=\"480\" src=\"https:\/\/portaleseducativos.educarex.es\/formacion9\/wp-content\/uploads\/sites\/305\/2023\/03\/fondos-de-pantalla-para-el-celular-tactil-copia-768x480-1.jpg\" class=\"attachment-large size-large\" alt=\"Nevando\" \/>\t\t\t\t\t<\/a>\n\t\t\t\t\t\t\t<\/div>\n\t\t\t\t\t\t<h4 class=\"uagb-post__title uagb-post__text\">\n\t\t\t\t<a href=\"https:\/\/portaleseducativos.educarex.es\/formacion9\/taller-musica\/\" target=\"_self\" rel=\"bookmark noopener noreferrer\">TALLER M\u00daSICA<\/a>\n\t\t\t<\/h4>\n\t\t\t\t\t\t<div class='uagb-post__text uagb-post-grid-byline'>\n\t\t\t\t\t\t\t\t<span class=\"uagb-post__author\">\n\t\t\t\t<span class=\"dashicons-admin-users dashicons\"><\/span>\t\t\t\t\t<a href=\"https:\/\/portaleseducativos.educarex.es\/formacion9\/author\/formacion9\/\" title=\"Entradas de Manuel \u00c1ngel de la Coba Dur\u00e1n\" rel=\"author\">Manuel \u00c1ngel de la Coba Dur\u00e1n<\/a>\t\t\t\t<\/span>\n\t\t\t\t\t\t\t<time datetime=\"2025-10-16T19:41:09+02:00\" class=\"uagb-post__date\">\n\t\t\t\t<span class=\"dashicons-calendar dashicons\"><\/span>\t\t\t\t\t16 de octubre de 2025\t\t\t\t<\/time>\n\t\t\t\t\t\t<\/div>\n\t\t\t\t\t\t\t<div class='uagb-post__text uagb-post__excerpt'>\n\t\t\t\t\t<p>La radio favorece el uso de metodolog\u00edas activas (desarrollo de proyectos, servicio a la comunidad, reelaboraci\u00f3n del conocimiento\u2026). Al hacer radio el alumnado aprende m\u00e1s y mejor.<\/p>\n\t\t\t\t<\/div>\n\t\t\t\t\t\t<div class=\"uagb-post__text uagb-post__cta wp-block-button\">\n\t\t\t\t<a class=\"wp-block-button__link uagb-text-link\" style=\"\" href=\"https:\/\/portaleseducativos.educarex.es\/formacion9\/taller-musica\/\" target=\"_self\" rel=\"bookmark noopener noreferrer\">Leer m\u00e1s<\/a>\n\t\t\t<\/div>\n\t\t\t\n\t\t\t\t\t\t\t\t\t<\/article>\n\t\t\t\t\t\t\t\t\t\t\t\t\t\t\t\t<article class=\"uagb-post__inner-wrap\">\t\t\t\t\t\t\t\t<div class='uagb-post__image'>\n\t\t\t\t\t\t\t\t\t<a href=\"https:\/\/portaleseducativos.educarex.es\/formacion9\/llegada-del-otono\/\" target=\"_self\" rel=\"bookmark noopener noreferrer\" class='uagb-image-ratio-inherit'><img loading=\"lazy\" decoding=\"async\" width=\"626\" height=\"389\" src=\"https:\/\/portaleseducativos.educarex.es\/formacion9\/wp-content\/uploads\/sites\/305\/2025\/10\/ninos-jugando-al-aire-libre-otono_283146-76-2-e1760028915564.jpg\" class=\"attachment-large size-large\" alt=\"\" srcset=\"https:\/\/portaleseducativos.educarex.es\/formacion9\/wp-content\/uploads\/sites\/305\/2025\/10\/ninos-jugando-al-aire-libre-otono_283146-76-2-e1760028915564.jpg 626w, https:\/\/portaleseducativos.educarex.es\/formacion9\/wp-content\/uploads\/sites\/305\/2025\/10\/ninos-jugando-al-aire-libre-otono_283146-76-2-e1760028915564-600x373.jpg 600w\" sizes=\"(max-width: 626px) 100vw, 626px\" \/>\t\t\t\t\t<\/a>\n\t\t\t\t\t\t\t<\/div>\n\t\t\t\t\t\t<h4 class=\"uagb-post__title uagb-post__text\">\n\t\t\t\t<a href=\"https:\/\/portaleseducativos.educarex.es\/formacion9\/llegada-del-otono\/\" target=\"_self\" rel=\"bookmark noopener noreferrer\">Pr\u00e1ctica1.Entradas.Bloques b\u00e1sicos<\/a>\n\t\t\t<\/h4>\n\t\t\t\t\t\t<div class='uagb-post__text uagb-post-grid-byline'>\n\t\t\t\t\t\t\t\t<span class=\"uagb-post__author\">\n\t\t\t\t<span class=\"dashicons-admin-users dashicons\"><\/span>\t\t\t\t\t<a href=\"https:\/\/portaleseducativos.educarex.es\/formacion9\/author\/formacion9\/\" title=\"Entradas de Manuel \u00c1ngel de la Coba Dur\u00e1n\" rel=\"author\">Manuel \u00c1ngel de la Coba Dur\u00e1n<\/a>\t\t\t\t<\/span>\n\t\t\t\t\t\t\t<time datetime=\"2025-10-09T18:43:35+02:00\" class=\"uagb-post__date\">\n\t\t\t\t<span class=\"dashicons-calendar dashicons\"><\/span>\t\t\t\t\t9 de octubre de 2025\t\t\t\t<\/time>\n\t\t\t\t\t\t<\/div>\n\t\t\t\t\t\t\t<div class='uagb-post__text uagb-post__excerpt'>\n\t\t\t\t\t<p>OTO\u00d1O LLEG\u00d3 MARR\u00d3N Y AMARILLO &#8230;. \u00abAprovechemos el oto\u00f1o\u00bb, dec\u00eda Mario Benedetti. Y ese es nuestro prop\u00f3sito: ahora que la estaci\u00f3n ya frunce \u00absu tul de hojarasca sobre el suelo\u00bb,&#8230;\t\t\t\t<\/div>\n\t\t\t\t\t\t<div class=\"uagb-post__text uagb-post__cta wp-block-button\">\n\t\t\t\t<a class=\"wp-block-button__link uagb-text-link\" style=\"\" href=\"https:\/\/portaleseducativos.educarex.es\/formacion9\/llegada-del-otono\/\" target=\"_self\" rel=\"bookmark noopener noreferrer\">Leer m\u00e1s<\/a>\n\t\t\t<\/div>\n\t\t\t\n\t\t\t\t\t\t\t\t\t<\/article>\n\t\t\t\t\t\t\t\t\t\t\t\t\t\t\t\t<article class=\"uagb-post__inner-wrap\">\t\t\t\t\t\t\t\t<div class='uagb-post__image'>\n\t\t\t\t\t\t\t\t\t<a href=\"https:\/\/portaleseducativos.educarex.es\/formacion9\/ejemplo-de-articulo-5\/\" target=\"_self\" rel=\"bookmark noopener noreferrer\" class='uagb-image-ratio-inherit'><img loading=\"lazy\" decoding=\"async\" width=\"1280\" height=\"853\" src=\"https:\/\/portaleseducativos.educarex.es\/formacion9\/wp-content\/uploads\/sites\/305\/2024\/02\/perro_en_prado-1280x853.jpg\" class=\"attachment-large size-large\" alt=\"\" srcset=\"https:\/\/portaleseducativos.educarex.es\/formacion9\/wp-content\/uploads\/sites\/305\/2024\/02\/perro_en_prado-1280x853.jpg 1280w, https:\/\/portaleseducativos.educarex.es\/formacion9\/wp-content\/uploads\/sites\/305\/2024\/02\/perro_en_prado-600x400.jpg 600w, https:\/\/portaleseducativos.educarex.es\/formacion9\/wp-content\/uploads\/sites\/305\/2024\/02\/perro_en_prado-768x512.jpg 768w, https:\/\/portaleseducativos.educarex.es\/formacion9\/wp-content\/uploads\/sites\/305\/2024\/02\/perro_en_prado-1536x1024.jpg 1536w, https:\/\/portaleseducativos.educarex.es\/formacion9\/wp-content\/uploads\/sites\/305\/2024\/02\/perro_en_prado-2048x1366.jpg 2048w\" sizes=\"(max-width: 1280px) 100vw, 1280px\" \/>\t\t\t\t\t<\/a>\n\t\t\t\t\t\t\t<\/div>\n\t\t\t\t\t\t<h4 class=\"uagb-post__title uagb-post__text\">\n\t\t\t\t<a href=\"https:\/\/portaleseducativos.educarex.es\/formacion9\/ejemplo-de-articulo-5\/\" target=\"_self\" rel=\"bookmark noopener noreferrer\">Ejemplo de art\u00edculo 7<\/a>\n\t\t\t<\/h4>\n\t\t\t\t\t\t<div class='uagb-post__text uagb-post-grid-byline'>\n\t\t\t\t\t\t\t\t<span class=\"uagb-post__author\">\n\t\t\t\t<span class=\"dashicons-admin-users dashicons\"><\/span>\t\t\t\t\t<a href=\"https:\/\/portaleseducativos.educarex.es\/formacion9\/author\/admin257\/\" title=\"Entradas de Manuel Narv\u00e1ez Mart\u00ednez\" rel=\"author\">Manuel Narv\u00e1ez Mart\u00ednez<\/a>\t\t\t\t<\/span>\n\t\t\t\t\t\t\t<time datetime=\"2024-02-17T13:34:16+01:00\" class=\"uagb-post__date\">\n\t\t\t\t<span class=\"dashicons-calendar dashicons\"><\/span>\t\t\t\t\t17 de febrero de 2024\t\t\t\t<\/time>\n\t\t\t\t\t\t<\/div>\n\t\t\t\t\t\t\t<div class='uagb-post__text uagb-post__excerpt'>\n\t\t\t\t\t<p>Donec posuere augue lorem. Praesent lobortis sed mi a auctor. In non blandit orci. Phasellus id tellus ac diam tempor euismod. In nec erat risus. Morbi velit leo, euismod eu&#8230;\t\t\t\t<\/div>\n\t\t\t\t\t\t<div class=\"uagb-post__text uagb-post__cta wp-block-button\">\n\t\t\t\t<a class=\"wp-block-button__link uagb-text-link\" style=\"\" href=\"https:\/\/portaleseducativos.educarex.es\/formacion9\/ejemplo-de-articulo-5\/\" target=\"_self\" rel=\"bookmark noopener noreferrer\">Leer m\u00e1s<\/a>\n\t\t\t<\/div>\n\t\t\t\n\t\t\t\t\t\t\t\t\t<\/article>\n\t\t\t\t\t\t\t\t\t\t\t\t\t\t\t\t<article class=\"uagb-post__inner-wrap\">\t\t\t\t\t\t\t\t<div class='uagb-post__image'>\n\t\t\t\t\t\t\t\t\t<a href=\"https:\/\/portaleseducativos.educarex.es\/formacion9\/ejemplo-de-articulo-6\/\" target=\"_self\" rel=\"bookmark noopener noreferrer\" class='uagb-image-ratio-inherit'><img loading=\"lazy\" decoding=\"async\" width=\"1280\" height=\"827\" src=\"https:\/\/portaleseducativos.educarex.es\/formacion9\/wp-content\/uploads\/sites\/305\/2024\/02\/sierra_nevada-1280x827.jpg\" class=\"attachment-large size-large\" alt=\"\" srcset=\"https:\/\/portaleseducativos.educarex.es\/formacion9\/wp-content\/uploads\/sites\/305\/2024\/02\/sierra_nevada-1280x827.jpg 1280w, https:\/\/portaleseducativos.educarex.es\/formacion9\/wp-content\/uploads\/sites\/305\/2024\/02\/sierra_nevada-1536x993.jpg 1536w, https:\/\/portaleseducativos.educarex.es\/formacion9\/wp-content\/uploads\/sites\/305\/2024\/02\/sierra_nevada-2048x1323.jpg 2048w\" sizes=\"(max-width: 1280px) 100vw, 1280px\" \/>\t\t\t\t\t<\/a>\n\t\t\t\t\t\t\t<\/div>\n\t\t\t\t\t\t<h4 class=\"uagb-post__title uagb-post__text\">\n\t\t\t\t<a href=\"https:\/\/portaleseducativos.educarex.es\/formacion9\/ejemplo-de-articulo-6\/\" target=\"_self\" rel=\"bookmark noopener noreferrer\">Ejemplo de art\u00edculo 6<\/a>\n\t\t\t<\/h4>\n\t\t\t\t\t\t<div class='uagb-post__text uagb-post-grid-byline'>\n\t\t\t\t\t\t\t\t<span class=\"uagb-post__author\">\n\t\t\t\t<span class=\"dashicons-admin-users dashicons\"><\/span>\t\t\t\t\t<a href=\"https:\/\/portaleseducativos.educarex.es\/formacion9\/author\/admin257\/\" title=\"Entradas de Manuel Narv\u00e1ez Mart\u00ednez\" rel=\"author\">Manuel Narv\u00e1ez Mart\u00ednez<\/a>\t\t\t\t<\/span>\n\t\t\t\t\t\t\t<time datetime=\"2024-02-17T13:32:28+01:00\" class=\"uagb-post__date\">\n\t\t\t\t<span class=\"dashicons-calendar dashicons\"><\/span>\t\t\t\t\t17 de febrero de 2024\t\t\t\t<\/time>\n\t\t\t\t\t\t<\/div>\n\t\t\t\t\t\t\t<div class='uagb-post__text uagb-post__excerpt'>\n\t\t\t\t\t<p>Donec posuere augue lorem. Praesent lobortis sed mi a auctor. In non blandit orci. Phasellus id tellus ac diam tempor euismod. In nec erat risus. Morbi velit leo, euismod eu&#8230;\t\t\t\t<\/div>\n\t\t\t\t\t\t<div class=\"uagb-post__text uagb-post__cta wp-block-button\">\n\t\t\t\t<a class=\"wp-block-button__link uagb-text-link\" style=\"\" href=\"https:\/\/portaleseducativos.educarex.es\/formacion9\/ejemplo-de-articulo-6\/\" target=\"_self\" rel=\"bookmark noopener noreferrer\">Leer m\u00e1s<\/a>\n\t\t\t<\/div>\n\t\t\t\n\t\t\t\t\t\t\t\t\t<\/article>\n\t\t\t\t\t\t\t\t\t\t\t\t\t\t\t\t<article class=\"uagb-post__inner-wrap\">\t\t\t\t\t\t\t\t<div class='uagb-post__image'>\n\t\t\t\t\t\t\t\t\t<a href=\"https:\/\/portaleseducativos.educarex.es\/formacion9\/ejemplo-de-articulo-2-2\/\" target=\"_self\" rel=\"bookmark noopener noreferrer\" class='uagb-image-ratio-inherit'><img loading=\"lazy\" decoding=\"async\" width=\"1280\" height=\"853\" src=\"https:\/\/portaleseducativos.educarex.es\/formacion9\/wp-content\/uploads\/sites\/305\/2024\/02\/mariposa_prado.jpg\" class=\"attachment-large size-large\" alt=\"\" srcset=\"https:\/\/portaleseducativos.educarex.es\/formacion9\/wp-content\/uploads\/sites\/305\/2024\/02\/mariposa_prado.jpg 1280w, https:\/\/portaleseducativos.educarex.es\/formacion9\/wp-content\/uploads\/sites\/305\/2024\/02\/mariposa_prado-600x400.jpg 600w, https:\/\/portaleseducativos.educarex.es\/formacion9\/wp-content\/uploads\/sites\/305\/2024\/02\/mariposa_prado-768x512.jpg 768w\" sizes=\"(max-width: 1280px) 100vw, 1280px\" \/>\t\t\t\t\t<\/a>\n\t\t\t\t\t\t\t<\/div>\n\t\t\t\t\t\t<h4 class=\"uagb-post__title uagb-post__text\">\n\t\t\t\t<a href=\"https:\/\/portaleseducativos.educarex.es\/formacion9\/ejemplo-de-articulo-2-2\/\" target=\"_self\" rel=\"bookmark noopener noreferrer\">Ejemplo de art\u00edculo 4<\/a>\n\t\t\t<\/h4>\n\t\t\t\t\t\t<div class='uagb-post__text uagb-post-grid-byline'>\n\t\t\t\t\t\t\t\t<span class=\"uagb-post__author\">\n\t\t\t\t<span class=\"dashicons-admin-users dashicons\"><\/span>\t\t\t\t\t<a href=\"https:\/\/portaleseducativos.educarex.es\/formacion9\/author\/admin257\/\" title=\"Entradas de Manuel Narv\u00e1ez Mart\u00ednez\" rel=\"author\">Manuel Narv\u00e1ez Mart\u00ednez<\/a>\t\t\t\t<\/span>\n\t\t\t\t\t\t\t<time datetime=\"2023-02-01T11:08:24+01:00\" class=\"uagb-post__date\">\n\t\t\t\t<span class=\"dashicons-calendar dashicons\"><\/span>\t\t\t\t\t1 de febrero de 2023\t\t\t\t<\/time>\n\t\t\t\t\t\t<\/div>\n\t\t\t\t\t\t\t<div class='uagb-post__text uagb-post__excerpt'>\n\t\t\t\t\t<p>Quisque et vulputate lectus. Maecenas tempor erat dui, non vehicula turpis maximus at. Donec sit amet mollis nunc, ut sodales lorem. Aenean pharetra, turpis a tempor tempor, erat leo interdum&#8230;\t\t\t\t<\/div>\n\t\t\t\t\t\t<div class=\"uagb-post__text uagb-post__cta wp-block-button\">\n\t\t\t\t<a class=\"wp-block-button__link uagb-text-link\" style=\"\" href=\"https:\/\/portaleseducativos.educarex.es\/formacion9\/ejemplo-de-articulo-2-2\/\" target=\"_self\" rel=\"bookmark noopener noreferrer\">Leer m\u00e1s<\/a>\n\t\t\t<\/div>\n\t\t\t\n\t\t\t\t\t\t\t\t\t<\/article>\n\t\t\t\t\t\t\t\t\t\t\t\t\t\t\t\t<article class=\"uagb-post__inner-wrap\">\t\t\t\t\t\t\t\t<div class='uagb-post__image'>\n\t\t\t\t\t\t\t\t\t<a href=\"https:\/\/portaleseducativos.educarex.es\/formacion9\/ejemplo-de-articulo-3\/\" target=\"_self\" rel=\"bookmark noopener noreferrer\" class='uagb-image-ratio-inherit'><img loading=\"lazy\" decoding=\"async\" width=\"1280\" height=\"853\" src=\"https:\/\/portaleseducativos.educarex.es\/formacion9\/wp-content\/uploads\/sites\/305\/2024\/02\/bosque_otono-1280x853.jpg\" class=\"attachment-large size-large\" alt=\"\" srcset=\"https:\/\/portaleseducativos.educarex.es\/formacion9\/wp-content\/uploads\/sites\/305\/2024\/02\/bosque_otono-1280x853.jpg 1280w, https:\/\/portaleseducativos.educarex.es\/formacion9\/wp-content\/uploads\/sites\/305\/2024\/02\/bosque_otono-600x400.jpg 600w, https:\/\/portaleseducativos.educarex.es\/formacion9\/wp-content\/uploads\/sites\/305\/2024\/02\/bosque_otono-768x512.jpg 768w, https:\/\/portaleseducativos.educarex.es\/formacion9\/wp-content\/uploads\/sites\/305\/2024\/02\/bosque_otono-1536x1024.jpg 1536w, https:\/\/portaleseducativos.educarex.es\/formacion9\/wp-content\/uploads\/sites\/305\/2024\/02\/bosque_otono-2048x1365.jpg 2048w\" sizes=\"(max-width: 1280px) 100vw, 1280px\" \/>\t\t\t\t\t<\/a>\n\t\t\t\t\t\t\t<\/div>\n\t\t\t\t\t\t<h4 class=\"uagb-post__title uagb-post__text\">\n\t\t\t\t<a href=\"https:\/\/portaleseducativos.educarex.es\/formacion9\/ejemplo-de-articulo-3\/\" target=\"_self\" rel=\"bookmark noopener noreferrer\">Ejemplo de art\u00edculo 3<\/a>\n\t\t\t<\/h4>\n\t\t\t\t\t\t<div class='uagb-post__text uagb-post-grid-byline'>\n\t\t\t\t\t\t\t\t<span class=\"uagb-post__author\">\n\t\t\t\t<span class=\"dashicons-admin-users dashicons\"><\/span>\t\t\t\t\t<a href=\"https:\/\/portaleseducativos.educarex.es\/formacion9\/author\/admin257\/\" title=\"Entradas de Manuel Narv\u00e1ez Mart\u00ednez\" rel=\"author\">Manuel Narv\u00e1ez Mart\u00ednez<\/a>\t\t\t\t<\/span>\n\t\t\t\t\t\t\t<time datetime=\"2023-02-01T11:07:12+01:00\" class=\"uagb-post__date\">\n\t\t\t\t<span class=\"dashicons-calendar dashicons\"><\/span>\t\t\t\t\t1 de febrero de 2023\t\t\t\t<\/time>\n\t\t\t\t\t\t<\/div>\n\t\t\t\t\t\t\t<div class='uagb-post__text uagb-post__excerpt'>\n\t\t\t\t\t<p>Pellentesque id gravida eros, pulvinar imperdiet ligula. Nullam vehicula lacus quis cursus interdum. Vestibulum pretium purus in ipsum consequat, in tincidunt est placerat. Morbi pellentesque mi non accumsan molestie. Praesent&#8230;\t\t\t\t<\/div>\n\t\t\t\t\t\t<div class=\"uagb-post__text uagb-post__cta wp-block-button\">\n\t\t\t\t<a class=\"wp-block-button__link uagb-text-link\" style=\"\" href=\"https:\/\/portaleseducativos.educarex.es\/formacion9\/ejemplo-de-articulo-3\/\" target=\"_self\" rel=\"bookmark noopener noreferrer\">Leer m\u00e1s<\/a>\n\t\t\t<\/div>\n\t\t\t\n\t\t\t\t\t\t\t\t\t<\/article>\n\t\t\t\t\t\t\t\t\t\t\t\t\t<div class=\"uagb-post-pagination-wrap\">\n\t\t\t\t\t\t<span aria-current=\"page\" class=\"page-numbers current\">1<\/span>\n<a class=\"page-numbers\" href=\"https:\/\/portaleseducativos.educarex.es\/formacion9\/wp-json\/wp\/v2\/pages\/15\/page\/2\/\">2<\/a>\n<a class=\"next page-numbers\" href=\"https:\/\/portaleseducativos.educarex.es\/formacion9\/wp-json\/wp\/v2\/pages\/15\/page\/2\/\">Next \u00bb<\/a>\t\t\t\t\t<\/div>\n\t\t\t\t\t\t\t\t<\/div>\n\t\t\t","protected":false},"excerpt":{"rendered":"<p>Te damos la bienvenida a la p\u00e1gina web de nuestro centro. Navegando por sus men\u00fas podr\u00e1s acceder a la informaci\u00f3n m\u00e1s relevante sobre c\u00f3mo est\u00e1 organizada nuestra vida acad\u00e9mica y [&hellip;]<\/p>\n","protected":false},"author":2,"featured_media":1113,"parent":0,"menu_order":0,"comment_status":"closed","ping_status":"closed","template":"","meta":{"_uag_custom_page_level_css":"","_editorskit_title_hidden":true,"_editorskit_reading_time":1,"_editorskit_is_block_options_detached":false,"_editorskit_block_options_position":"{}","footnotes":""},"class_list":["post-15","page","type-page","status-publish","has-post-thumbnail","hentry"],"uagb_featured_image_src":{"full":["https:\/\/portaleseducativos.educarex.es\/formacion9\/wp-content\/uploads\/sites\/305\/2023\/03\/banner_modeloprimaria-1.png",1024,178,false],"thumbnail":["https:\/\/portaleseducativos.educarex.es\/formacion9\/wp-content\/uploads\/sites\/305\/2023\/03\/banner_modeloprimaria-1.png",300,52,false],"medium":["https:\/\/portaleseducativos.educarex.es\/formacion9\/wp-content\/uploads\/sites\/305\/2023\/03\/banner_modeloprimaria-1.png",600,104,false],"medium_large":["https:\/\/portaleseducativos.educarex.es\/formacion9\/wp-content\/uploads\/sites\/305\/2023\/03\/banner_modeloprimaria-1-768x134.png",768,134,true],"large":["https:\/\/portaleseducativos.educarex.es\/formacion9\/wp-content\/uploads\/sites\/305\/2023\/03\/banner_modeloprimaria-1.png",1024,178,false],"1536x1536":["https:\/\/portaleseducativos.educarex.es\/formacion9\/wp-content\/uploads\/sites\/305\/2023\/03\/banner_modeloprimaria-1.png",1024,178,false],"2048x2048":["https:\/\/portaleseducativos.educarex.es\/formacion9\/wp-content\/uploads\/sites\/305\/2023\/03\/banner_modeloprimaria-1.png",1024,178,false]},"uagb_author_info":{"display_name":"Manuel Narv\u00e1ez Mart\u00ednez","author_link":"https:\/\/portaleseducativos.educarex.es\/formacion9\/author\/admin257\/"},"uagb_comment_info":0,"uagb_excerpt":"Te damos la bienvenida a la p\u00e1gina web de nuestro centro. Navegando por sus men\u00fas podr\u00e1s acceder a la informaci\u00f3n m\u00e1s relevante sobre c\u00f3mo est\u00e1 organizada nuestra vida acad\u00e9mica y [&hellip;]","_links":{"self":[{"href":"https:\/\/portaleseducativos.educarex.es\/formacion9\/wp-json\/wp\/v2\/pages\/15","targetHints":{"allow":["GET"]}}],"collection":[{"href":"https:\/\/portaleseducativos.educarex.es\/formacion9\/wp-json\/wp\/v2\/pages"}],"about":[{"href":"https:\/\/portaleseducativos.educarex.es\/formacion9\/wp-json\/wp\/v2\/types\/page"}],"author":[{"embeddable":true,"href":"https:\/\/portaleseducativos.educarex.es\/formacion9\/wp-json\/wp\/v2\/users\/2"}],"replies":[{"embeddable":true,"href":"https:\/\/portaleseducativos.educarex.es\/formacion9\/wp-json\/wp\/v2\/comments?post=15"}],"version-history":[{"count":1,"href":"https:\/\/portaleseducativos.educarex.es\/formacion9\/wp-json\/wp\/v2\/pages\/15\/revisions"}],"predecessor-version":[{"id":1170,"href":"https:\/\/portaleseducativos.educarex.es\/formacion9\/wp-json\/wp\/v2\/pages\/15\/revisions\/1170"}],"wp:featuredmedia":[{"embeddable":true,"href":"https:\/\/portaleseducativos.educarex.es\/formacion9\/wp-json\/wp\/v2\/media\/1113"}],"wp:attachment":[{"href":"https:\/\/portaleseducativos.educarex.es\/formacion9\/wp-json\/wp\/v2\/media?parent=15"}],"curies":[{"name":"wp","href":"https:\/\/api.w.org\/{rel}","templated":true}]}}