{"id":188,"date":"2024-01-09T09:39:40","date_gmt":"2024-01-09T08:39:40","guid":{"rendered":"https:\/\/inclusionad.educarex.es\/?page_id=188"},"modified":"2026-02-05T09:37:46","modified_gmt":"2026-02-05T08:37:46","slug":"informacion","status":"publish","type":"page","link":"https:\/\/portaleseducativos.educarex.es\/inclusionad\/inicio\/informacion\/","title":{"rendered":"Informaci\u00f3n"},"content":{"rendered":"<p><img decoding=\"async\" src=\"\/inclusionad\/wp-content\/uploads\/sites\/170\/2024\/04\/1400x400_Informacion-1.png\" alt=\"Informaci\u00f3n\"><\/p>\n<h2><strong>Funciones<\/strong><\/h2>\n<div>\n<p><span style=\"font-weight: 400;\">El Servicio de Inclusi\u00f3n y Atenci\u00f3n a la Diversidad depende org\u00e1nicamente de la Direcci\u00f3n General de Formaci\u00f3n Profesional, Innovaci\u00f3n e Inclusi\u00f3n Educativa perteneciente a la <\/span><b><i>Consejer\u00eda de Educaci\u00f3n, Ciencia y Formaci\u00f3n Profesional de la Junta de Extremadura<\/i><\/b><b>.\u00a0<\/b><\/p>\n<\/p>\n<p><span style=\"font-weight: 400;\">Este Servicio\u00a0 es el encargado de llevar a cabo las tiene siguientes funciones:\u00a0<\/span><\/p>\n<ul>\n<li style=\"font-weight: 400;\" aria-level=\"1\"><span style=\"font-weight: 400;\">Coordinaci\u00f3n y seguimiento de los <\/span><b><i>programas para la mejora del \u00e9xito educativo.<\/i><\/b><b>\u00a0\u00a0<\/b><\/li>\n<li style=\"font-weight: 400;\" aria-level=\"1\"><span style=\"font-weight: 400;\">Programaci\u00f3n y ejecuci\u00f3n de <\/span><b><i>acciones que potencien la educaci\u00f3n en valores, la inclusi\u00f3n y las medidas de atenci\u00f3n a la diversidad.\u00a0<\/i><\/b><\/li>\n<li style=\"font-weight: 400;\" aria-level=\"1\"><span style=\"font-weight: 400;\">Promover la<\/span> <b><i>participaci\u00f3n de las familias en la educaci\u00f3n<\/i><\/b><b>.\u00a0\u00a0<\/b><\/li>\n<li style=\"font-weight: 400;\" aria-level=\"1\"><span style=\"font-weight: 400;\">Planificaci\u00f3n y ejecuci\u00f3n de los <\/span><b><i>programas de becas y ayudas al estudio,<\/i><\/b><span style=\"font-weight: 400;\"> a excepci\u00f3n de las que resulte competente el Ente P\u00fablico Extreme\u00f1o de Servicios Educativos Complementarios.<\/span><\/li>\n<\/ul>\n<\/div>\n<div>\n<h2><strong>Organigrama<\/strong><\/h2>\n<\/div>\n<p><img decoding=\"async\" src=\"\/inclusionad\/wp-content\/uploads\/sites\/170\/2024\/10\/organization-chart-2.jpg\" alt=\"\"><\/p>\n<h1>D\u00f3nde estamos<\/h1>\n<div>\n<p>38.92581591080042,-6.33405576180131<\/p>\n<p><img decoding=\"async\" src=\"\/inclusionad\/wp-content\/uploads\/sites\/170\/2024\/01\/favicon-96x96-SIAD.png\" alt=\"favicon SIAD\"><\/p>\n<h3>Servicio de Inclusi\u00f3n y Atenci\u00f3n a la Diversidad<\/h3>\n<p>Edificio III Milenio. Avenida de Valhondo s\/n<\/p>\n<\/div>\n<p><!--more--><br \/>\n<!-- {\"type\":\"layout\",\"children\":[{\"type\":\"section\",\"props\":{\"class\":\"section_top_min \",\"image_position\":\"center-center\",\"padding\":\"none\",\"style\":\"default\",\"title_breakpoint\":\"xl\",\"title_position\":\"top-left\",\"title_rotation\":\"left\",\"vertical_align\":\"\",\"width\":\"expand\"},\"children\":[{\"type\":\"row\",\"children\":[{\"type\":\"column\",\"props\":{\"image_position\":\"center-center\",\"position_sticky_breakpoint\":\"m\"},\"children\":[{\"type\":\"image\",\"props\":{\"image\":\"wp-content\\\/uploads\\\/sites\\\/170\\\/2024\\\/04\\\/1400x400_Informacion-1.png\",\"image_alt\":\"Informaci\\u00f3n\",\"image_svg_color\":\"emphasis\",\"image_width\":\"1450\",\"margin\":\"default\"}}]}]}]},{\"type\":\"section\",\"props\":{\"image_position\":\"center-center\",\"style\":\"default\",\"title_breakpoint\":\"xl\",\"title_position\":\"top-left\",\"title_rotation\":\"left\",\"vertical_align\":\"\",\"width\":\"default\"},\"children\":[{\"type\":\"row\",\"children\":[{\"type\":\"column\",\"props\":{\"image_position\":\"center-center\",\"position_sticky_breakpoint\":\"m\"},\"children\":[{\"type\":\"headline\",\"props\":{\"content\":\"<strong>Funciones<\\\/strong>\",\"position\":\"relative\",\"position_left\":\"470\",\"title_element\":\"h2\"}},{\"type\":\"text\",\"props\":{\"column_breakpoint\":\"m\",\"content\":\"\n\n<p><span style=\\\"font-weight: 400;\\\">El Servicio de Inclusi\\u00f3n y Atenci\\u00f3n a la Diversidad depende org\\u00e1nicamente de la Direcci\\u00f3n General de Formaci\\u00f3n Profesional, Innovaci\\u00f3n e Inclusi\\u00f3n Educativa perteneciente a la <\\\/span><b><i>Consejer\\u00eda de Educaci\\u00f3n, Ciencia y Formaci\\u00f3n Profesional de la Junta de Extremadura<\\\/i><\\\/b><b>.\\u00a0<\\\/b><\\\/p>\\n\n\n<p><\\\/p>\\n\n\n<p><span style=\\\"font-weight: 400;\\\">Este Servicio\\u00a0 es el encargado de llevar a cabo las tiene siguientes funciones:\\u00a0<\\\/span><\\\/p>\\n\n\n<ul>\\n\n\n<li style=\\\"font-weight: 400;\\\" aria-level=\\\"1\\\"><span style=\\\"font-weight: 400;\\\">Coordinaci\\u00f3n y seguimiento de los <\\\/span><b><i>programas para la mejora del \\u00e9xito educativo.<\\\/i><\\\/b><b>\\u00a0\\u00a0<\\\/b><\\\/li>\\n\n\n<li style=\\\"font-weight: 400;\\\" aria-level=\\\"1\\\"><span style=\\\"font-weight: 400;\\\">Programaci\\u00f3n y ejecuci\\u00f3n de <\\\/span><b><i>acciones que potencien la educaci\\u00f3n en valores, la inclusi\\u00f3n y las medidas de atenci\\u00f3n a la diversidad.\\u00a0<\\\/i><\\\/b><\\\/li>\\n\n\n<li style=\\\"font-weight: 400;\\\" aria-level=\\\"1\\\"><span style=\\\"font-weight: 400;\\\">Promover la<\\\/span> <b><i>participaci\\u00f3n de las familias en la educaci\\u00f3n<\\\/i><\\\/b><b>.\\u00a0\\u00a0<\\\/b><\\\/li>\\n\n\n<li style=\\\"font-weight: 400;\\\" aria-level=\\\"1\\\"><span style=\\\"font-weight: 400;\\\">Planificaci\\u00f3n y ejecuci\\u00f3n de los <\\\/span><b><i>programas de becas y ayudas al estudio,<\\\/i><\\\/b><span style=\\\"font-weight: 400;\\\"> a excepci\\u00f3n de las que resulte competente el Ente P\\u00fablico Extreme\\u00f1o de Servicios Educativos Complementarios.<\\\/span><\\\/li>\\n<\\\/ul>\\n\n\n<p><\\\/p>\",\"margin\":\"default\"}},{\"type\":\"text\",\"props\":{\"column_breakpoint\":\"m\",\"content\":\"\n\n<h2><strong>Organigrama<\\\/strong><\\\/h2>\",\"margin\":\"default\",\"position\":\"relative\",\"position_left\":\"440\"}},{\"type\":\"image\",\"props\":{\"image\":\"wp-content\\\/uploads\\\/sites\\\/170\\\/2024\\\/10\\\/organization-chart-2.jpg\",\"image_svg_color\":\"emphasis\",\"margin\":\"default\",\"position\":\"relative\",\"position_left\":\"60\"}}]}]}]},{\"type\":\"section\",\"props\":{\"image_position\":\"center-center\",\"style\":\"default\",\"title_breakpoint\":\"xl\",\"title_position\":\"top-left\",\"title_rotation\":\"left\",\"vertical_align\":\"\",\"width\":\"default\"},\"children\":[{\"type\":\"row\",\"children\":[{\"type\":\"column\",\"props\":{\"image_position\":\"center-center\",\"position_sticky_breakpoint\":\"m\"},\"children\":[{\"type\":\"headline\",\"props\":{\"content\":\"D\\u00f3nde estamos\",\"title_element\":\"h1\"}},{\"name\":\"Map Controls Enabled\",\"type\":\"map\",\"children\":[{\"type\":\"map_item\",\"props\":{\"image\":\"wp-content\\\/uploads\\\/sites\\\/170\\\/2024\\\/01\\\/favicon-96x96-SIAD.png\",\"image_alt\":\"favicon SIAD\",\"location\":\"38.92581591080042,-6.33405576180131\",\"meta\":\"Edificio III Milenio. Avenida de Valhondo s\\\/n\",\"title\":\"Servicio de Inclusi\\u00f3n y Atenci\\u00f3n a la Diversidad\"}}],\"props\":{\"controls\":true,\"dragging\":false,\"height\":600,\"image_svg_color\":\"emphasis\",\"link_style\":\"default\",\"link_text\":\"Read more\",\"margin\":\"default\",\"max_zoom\":18,\"meta_align\":\"below-title\",\"meta_element\":\"div\",\"meta_style\":\"text-meta\",\"min_zoom\":0,\"poi\":false,\"show_content\":true,\"show_image\":true,\"show_link\":true,\"show_meta\":true,\"show_title\":true,\"title_element\":\"h3\",\"title_hover_style\":\"reset\",\"type\":\"roadmap\",\"zoom\":\"15\",\"zooming\":false}}]}]}]}],\"version\":\"4.5.33\"} --><\/p>\n","protected":false},"excerpt":{"rendered":"<p>Funciones El Servicio de Inclusi\u00f3n y Atenci\u00f3n a la Diversidad depende org\u00e1nicamente de la Direcci\u00f3n General de Formaci\u00f3n Profesional, Innovaci\u00f3n e Inclusi\u00f3n Educativa perteneciente a la Consejer\u00eda de Educaci\u00f3n, Ciencia [&hellip;]<\/p>\n","protected":false},"author":10111,"featured_media":0,"parent":49,"menu_order":1,"comment_status":"closed","ping_status":"closed","template":"","meta":{"_uag_custom_page_level_css":"","_editorskit_title_hidden":false,"_editorskit_reading_time":0,"_editorskit_is_block_options_detached":false,"_editorskit_block_options_position":"{}","footnotes":""},"folder":[],"class_list":["post-188","page","type-page","status-publish","hentry"],"uagb_featured_image_src":{"full":false,"thumbnail":false,"medium":false,"medium_large":false,"large":false,"1536x1536":false,"2048x2048":false},"uagb_author_info":{"display_name":"Sonia Barr\u00e1s Nogales","author_link":"https:\/\/portaleseducativos.educarex.es\/inclusionad\/author\/atd3\/"},"uagb_comment_info":0,"uagb_excerpt":"Funciones El Servicio de Inclusi\u00f3n y Atenci\u00f3n a la Diversidad depende org\u00e1nicamente de la Direcci\u00f3n General de Formaci\u00f3n Profesional, Innovaci\u00f3n e Inclusi\u00f3n Educativa perteneciente a la Consejer\u00eda de Educaci\u00f3n, Ciencia [&hellip;]","_links":{"self":[{"href":"https:\/\/portaleseducativos.educarex.es\/inclusionad\/wp-json\/wp\/v2\/pages\/188","targetHints":{"allow":["GET"]}}],"collection":[{"href":"https:\/\/portaleseducativos.educarex.es\/inclusionad\/wp-json\/wp\/v2\/pages"}],"about":[{"href":"https:\/\/portaleseducativos.educarex.es\/inclusionad\/wp-json\/wp\/v2\/types\/page"}],"author":[{"embeddable":true,"href":"https:\/\/portaleseducativos.educarex.es\/inclusionad\/wp-json\/wp\/v2\/users\/10111"}],"replies":[{"embeddable":true,"href":"https:\/\/portaleseducativos.educarex.es\/inclusionad\/wp-json\/wp\/v2\/comments?post=188"}],"version-history":[{"count":2,"href":"https:\/\/portaleseducativos.educarex.es\/inclusionad\/wp-json\/wp\/v2\/pages\/188\/revisions"}],"predecessor-version":[{"id":2211,"href":"https:\/\/portaleseducativos.educarex.es\/inclusionad\/wp-json\/wp\/v2\/pages\/188\/revisions\/2211"}],"up":[{"embeddable":true,"href":"https:\/\/portaleseducativos.educarex.es\/inclusionad\/wp-json\/wp\/v2\/pages\/49"}],"wp:attachment":[{"href":"https:\/\/portaleseducativos.educarex.es\/inclusionad\/wp-json\/wp\/v2\/media?parent=188"}],"wp:term":[{"taxonomy":"folder","embeddable":true,"href":"https:\/\/portaleseducativos.educarex.es\/inclusionad\/wp-json\/wp\/v2\/folder?post=188"}],"curies":[{"name":"wp","href":"https:\/\/api.w.org\/{rel}","templated":true}]}}