{"id":559,"date":"2023-03-13T12:02:05","date_gmt":"2023-03-13T11:02:05","guid":{"rendered":"https:\/\/portaleseducativos.educarex.es\/revistacaparra\/?page_id=559"},"modified":"2026-04-08T14:05:40","modified_gmt":"2026-04-08T12:05:40","slug":"eventos","status":"publish","type":"page","link":"https:\/\/portaleseducativos.educarex.es\/revistacaparra\/eventos\/","title":{"rendered":"Eventos"},"content":{"rendered":"\n<h2 class=\"wp-block-heading\">Organizados por nuestro centro<\/h2>\n\n\n<!=========Events list Template 2.6.2=========><div id=\"ect-events-list-content\"><div id=\"list-wrp\" class=\"ect-list-wrapper centro\"><div id=\"event-1305\" class=\"ect-list-post style-1 ect-simple-event all\"><div class=\"ect-list-post-left \">\n\t\t\t\t<div class=\"ect-list-img\" style=\"background-image:url(&#039;https:\/\/portaleseducativos.educarex.es\/revistacaparra\/wp-content\/uploads\/sites\/434\/2026\/04\/CAPARRA24-e1775822081925.png&#039;);background-size:cover;\"><a href=\"https:\/\/portaleseducativos.educarex.es\/revistacaparra\/nevento\/presentacion-revista-caparra\/\" alt=\"Presentaci\u00f3n Revista CAPARRA\" rel=\"bookmark\"><div class=\"ect-list-date\"><div class=\"ect-date-area default-schedule\"><span class=\"ev-day\">22<\/span>\n\t\t\t\t\t<span class=\"ev-mo\">Abr<\/span><\/div><\/div><\/a><\/div><\/div><!-- left-post close --><div class=\"ect-list-post-right\">\n\t\t\t\t<div class=\"ect-list-post-right-table\"><div class=\"ect-list-description\"><h2 class=\"ect-list-title\"><a class=\"ect-event-url\" href=\"https:\/\/portaleseducativos.educarex.es\/revistacaparra\/nevento\/presentacion-revista-caparra\/\" rel=\"bookmark\">Presentaci\u00f3n Revista CAPARRA<\/a><\/h2><!-- Event Content --><div class=\"ect-event-content\"><p>\"La presentaci\u00f3n de la Revista C\u00e1parra no es solo la entrega de una publicaci\u00f3n, es la celebraci\u00f3n del trabajo conjunto y la innovaci\u00f3n de todos los docentes de nuestra provincia.\" [&hellip;]<\/p>\n<\/div><a href=\"https:\/\/portaleseducativos.educarex.es\/revistacaparra\/nevento\/presentacion-revista-caparra\/\" class=\"ect-events-read-more\" rel=\"bookmark\">Find out more<\/a><\/div><div class=\"ect-list-venue default-venue\"><span class=\"ect-icon\"><i class=\"ect-icon-location\"><\/i><\/span><!-- Event Venue Info -->\n\t\t\t\t\t\t\t<span class=\"ect-venue-details ect-address\">\n\t\t\t\t\t\t\t<div>Complejo La Fabrica,<span class=\"tribe-address\">\n\n<span class=\"tribe-street-address\">Carretera de C\u00e1ceres, 0<\/span>\n\t\n\t\t<br>\n\t\t<span class=\"tribe-locality\">Brozas<\/span><span class=\"tribe-delimiter\">,<\/span>\n\n\t<abbr class=\"tribe-region tribe-events-abbr\" title=\"C\u00e1ceres\">C\u00e1ceres<\/abbr>\n\n\t<span class=\"tribe-postal-code\">10950<\/span>\n\n\t<span class=\"tribe-country-name\">Spain<\/span>\n\n<\/span>\n<\/div><span class=\"ect-google\"><a class=\"tribe-events-gmap\" href=\"https:\/\/maps.google.com\/maps?f=q&#038;source=s_q&#038;hl=en&#038;geocode=&#038;q=Carretera+de+C%C3%A1ceres%2C+0+Brozas+C%C3%A1ceres+10950+Spain\" title=\"Haz clic para ver un mapa de Google\" target=\"_blank\" rel=\"noreferrer noopener\">+ Google Map<\/a><\/span><\/span><\/div><\/div><\/div><!-- right-wrapper close --><\/div><!-- event-loop-end --><\/div><\/div>\n\n\n\n<h2 class=\"wp-block-heading\">Otros eventos de inter\u00e9s educativo<\/h2>\n\n\n<div id=\"ect-no-events\"><p>There are no upcoming events at this time<\/p><\/div>\n","protected":false},"excerpt":{"rendered":"<p>Organizados por nuestro centro Otros eventos de inter\u00e9s educativo<\/p>\n","protected":false},"author":2,"featured_media":1457,"parent":0,"menu_order":0,"comment_status":"closed","ping_status":"closed","template":"","meta":{"_uag_custom_page_level_css":"","_editorskit_title_hidden":true,"_editorskit_reading_time":1,"_editorskit_is_block_options_detached":false,"_editorskit_block_options_position":"{}","footnotes":""},"class_list":["post-559","page","type-page","status-publish","has-post-thumbnail","hentry","cat_centro"],"uagb_featured_image_src":{"full":["https:\/\/portaleseducativos.educarex.es\/revistacaparra\/wp-content\/uploads\/sites\/434\/2026\/04\/Logo-Eventos-Caparra.png",2214,480,false],"thumbnail":["https:\/\/portaleseducativos.educarex.es\/revistacaparra\/wp-content\/uploads\/sites\/434\/2026\/04\/Logo-Eventos-Caparra-300x300.png",300,300,true],"medium":["https:\/\/portaleseducativos.educarex.es\/revistacaparra\/wp-content\/uploads\/sites\/434\/2026\/04\/Logo-Eventos-Caparra-600x130.png",600,130,true],"medium_large":["https:\/\/portaleseducativos.educarex.es\/revistacaparra\/wp-content\/uploads\/sites\/434\/2026\/04\/Logo-Eventos-Caparra-768x167.png",768,167,true],"large":["https:\/\/portaleseducativos.educarex.es\/revistacaparra\/wp-content\/uploads\/sites\/434\/2026\/04\/Logo-Eventos-Caparra-1280x278.png",1280,278,true],"1536x1536":["https:\/\/portaleseducativos.educarex.es\/revistacaparra\/wp-content\/uploads\/sites\/434\/2026\/04\/Logo-Eventos-Caparra-1536x333.png",1536,333,true],"2048x2048":["https:\/\/portaleseducativos.educarex.es\/revistacaparra\/wp-content\/uploads\/sites\/434\/2026\/04\/Logo-Eventos-Caparra-2048x444.png",2048,444,true]},"uagb_author_info":{"display_name":"Manuel Narv\u00e1ez Mart\u00ednez","author_link":"https:\/\/portaleseducativos.educarex.es\/revistacaparra\/author\/admin257\/"},"uagb_comment_info":0,"uagb_excerpt":"Organizados por nuestro centro Otros eventos de inter\u00e9s educativo","_links":{"self":[{"href":"https:\/\/portaleseducativos.educarex.es\/revistacaparra\/wp-json\/wp\/v2\/pages\/559","targetHints":{"allow":["GET"]}}],"collection":[{"href":"https:\/\/portaleseducativos.educarex.es\/revistacaparra\/wp-json\/wp\/v2\/pages"}],"about":[{"href":"https:\/\/portaleseducativos.educarex.es\/revistacaparra\/wp-json\/wp\/v2\/types\/page"}],"author":[{"embeddable":true,"href":"https:\/\/portaleseducativos.educarex.es\/revistacaparra\/wp-json\/wp\/v2\/users\/2"}],"replies":[{"embeddable":true,"href":"https:\/\/portaleseducativos.educarex.es\/revistacaparra\/wp-json\/wp\/v2\/comments?post=559"}],"version-history":[{"count":1,"href":"https:\/\/portaleseducativos.educarex.es\/revistacaparra\/wp-json\/wp\/v2\/pages\/559\/revisions"}],"predecessor-version":[{"id":1458,"href":"https:\/\/portaleseducativos.educarex.es\/revistacaparra\/wp-json\/wp\/v2\/pages\/559\/revisions\/1458"}],"wp:featuredmedia":[{"embeddable":true,"href":"https:\/\/portaleseducativos.educarex.es\/revistacaparra\/wp-json\/wp\/v2\/media\/1457"}],"wp:attachment":[{"href":"https:\/\/portaleseducativos.educarex.es\/revistacaparra\/wp-json\/wp\/v2\/media?parent=559"}],"curies":[{"name":"wp","href":"https:\/\/api.w.org\/{rel}","templated":true}]}}